{"id":6148,"date":"2026-02-20T18:28:41","date_gmt":"2026-02-20T18:28:41","guid":{"rendered":"https:\/\/petshopmagelan.rs\/?post_type=product&#038;p=6148"},"modified":"2026-02-20T18:28:41","modified_gmt":"2026-02-20T18:28:41","slug":"beaphar-dimethicare-antiparazitski-sampon-za-pse-i-macke-200ml","status":"publish","type":"product","link":"https:\/\/petshopmagelan.rs\/index.php\/product\/beaphar-dimethicare-antiparazitski-sampon-za-pse-i-macke-200ml\/","title":{"rendered":"BEAPHAR Dimethicare &#8211; Antiparazitski \u0161ampon za pse i ma\u010dke, 200ml"},"content":{"rendered":"<p data-start=\"390\" data-end=\"789\"><strong data-start=\"390\" data-end=\"436\">Beaphar Dimethicare Shampoo za pse i ma\u010dke<\/strong> je inovativni anti-parazitni \u0161ampon koji kombinuje <strong data-start=\"488\" data-end=\"501\">dimetikon<\/strong> i <strong data-start=\"504\" data-end=\"517\">aloe veru<\/strong> za efikasnu, ali ne\u017enu negu \u017eivotinje. Dimetikon deluje fizi\u010dki, stvaraju\u0107i za\u0161titni sloj oko parazita (krpelji, buve, grinje, komarci i u\u0161i) koji ih paralizuje, bez kori\u0161\u0107enja hemijskih insekticida. Paraziti potom lako otpadaju sa dlake ili se mogu ukloniti \u010detkanjem.<\/p>\n<p data-start=\"791\" data-end=\"1023\">Aloe vera u \u0161amponu neguje ko\u017eu i dlaku, ostavljaju\u0107i je mekom, sjajnom i zdravom. Beaphar Dimethicare je pogodan za pse i ma\u010dke starije od 12 nedelja i mo\u017ee se koristiti kao deo redovne higijene i za\u0161tite od spolja\u0161njih parazita.<\/p>\n<h3 data-start=\"1025\" data-end=\"1053\">Karakteristike proizvoda<\/h3>\n<ul data-start=\"1055\" data-end=\"1277\">\n<li data-start=\"1055\" data-end=\"1134\">\n<p data-start=\"1057\" data-end=\"1134\">Fizi\u010dko delovanje dimetikona protiv krpelja, buva, komaraca, u\u0161iju i grinja<\/p>\n<\/li>\n<li data-start=\"1135\" data-end=\"1164\">\n<p data-start=\"1137\" data-end=\"1164\">Bez hemijskih insekticida<\/p>\n<\/li>\n<li data-start=\"1165\" data-end=\"1206\">\n<p data-start=\"1167\" data-end=\"1206\">Sadr\u017ei aloe veru za negu ko\u017ee i dlake<\/p>\n<\/li>\n<li data-start=\"1207\" data-end=\"1255\">\n<p data-start=\"1209\" data-end=\"1255\">Pogodan za pse i ma\u010dke starije od 12 nedelja<\/p>\n<\/li>\n<li data-start=\"1256\" data-end=\"1277\">\n<p data-start=\"1258\" data-end=\"1277\">Zapremina: 200 ml<\/p>\n<\/li>\n<\/ul>\n<p data-start=\"1279\" data-end=\"1420\"><strong data-start=\"1279\" data-end=\"1310\">Beaphar Dimethicare Shampoo<\/strong> je siguran, ne\u017ean i efikasan na\u010din da va\u0161 ljubimac ostane \u010dist, negovan i za\u0161ti\u0107en od spolja\u0161njih parazita.<\/p>\n","protected":false},"excerpt":{"rendered":"<p><strong data-start=\"81\" data-end=\"112\">Beaphar Dimethicare Shampoo<\/strong> je prirodni bio \u0161ampon za pse i ma\u010dke starije od 12 nedelja, koji pomo\u0107u dimetikona i aloje parali\u0161e krpelje, buve i druge spoljne parazite bez hemijskih insekticida. Njeguje ko\u017eu i dlaku, ostavljaju\u0107i je mekanom i zdravom.<\/p>\n","protected":false},"featured_media":6151,"comment_status":"open","ping_status":"closed","template":"","meta":[],"product_brand":[],"product_cat":[263,287,291,299,304,324],"product_tag":[],"class_list":{"0":"post-6148","1":"product","2":"type-product","3":"status-publish","4":"has-post-thumbnail","6":"product_cat-psi","7":"product_cat-higijena-i-nega","8":"product_cat-samponi","9":"product_cat-macke","10":"product_cat-higijena-i-nega-macaka","11":"product_cat-samponi-za-macke","14":"instock","15":"shipping-taxable","16":"purchasable","17":"product-type-simple"},"_links":{"self":[{"href":"https:\/\/petshopmagelan.rs\/index.php\/wp-json\/wp\/v2\/product\/6148","targetHints":{"allow":["GET"]}}],"collection":[{"href":"https:\/\/petshopmagelan.rs\/index.php\/wp-json\/wp\/v2\/product"}],"about":[{"href":"https:\/\/petshopmagelan.rs\/index.php\/wp-json\/wp\/v2\/types\/product"}],"replies":[{"embeddable":true,"href":"https:\/\/petshopmagelan.rs\/index.php\/wp-json\/wp\/v2\/comments?post=6148"}],"wp:featuredmedia":[{"embeddable":true,"href":"https:\/\/petshopmagelan.rs\/index.php\/wp-json\/wp\/v2\/media\/6151"}],"wp:attachment":[{"href":"https:\/\/petshopmagelan.rs\/index.php\/wp-json\/wp\/v2\/media?parent=6148"}],"wp:term":[{"taxonomy":"product_brand","embeddable":true,"href":"https:\/\/petshopmagelan.rs\/index.php\/wp-json\/wp\/v2\/product_brand?post=6148"},{"taxonomy":"product_cat","embeddable":true,"href":"https:\/\/petshopmagelan.rs\/index.php\/wp-json\/wp\/v2\/product_cat?post=6148"},{"taxonomy":"product_tag","embeddable":true,"href":"https:\/\/petshopmagelan.rs\/index.php\/wp-json\/wp\/v2\/product_tag?post=6148"}],"curies":[{"name":"wp","href":"https:\/\/api.w.org\/{rel}","templated":true}]}}