{"id":6127,"date":"2026-02-20T17:10:20","date_gmt":"2026-02-20T17:10:20","guid":{"rendered":"https:\/\/petshopmagelan.rs\/?post_type=product&#038;p=6127"},"modified":"2026-02-20T17:10:20","modified_gmt":"2026-02-20T17:10:20","slug":"melanotaenia-lacustris","status":"publish","type":"product","link":"https:\/\/petshopmagelan.rs\/index.php\/product\/melanotaenia-lacustris\/","title":{"rendered":"Melanotaenia lacustris"},"content":{"rendered":"<p data-start=\"393\" data-end=\"661\">Lake Kutubu Blue Rainbowfish je jedna od najlep\u0161ih duginih riba u akvaristici. Njeno telo krasi sjajna plava boja sa metalik odsjajem koja posebno dolazi do izra\u017eaja pod akvarijumskim osvetljenjem. U grupi pokazuje svoje najlep\u0161e nijanse i prirodno, skladno pona\u0161anje.<\/p>\n<p data-start=\"663\" data-end=\"893\">Ova vrsta je aktivna, ali izuzetno mirna, \u0161to je \u010dini odli\u010dnim izborom za zajedni\u010dke akvarijume sa drugim neagresivnim ribama. Najbolje uspeva u prostranijem akvarijumu sa dosta prostora za plivanje i biljkama koje pru\u017eaju zaklon.<\/p>\n<p data-start=\"895\" data-end=\"1098\">Narasta do oko 5\u20136 cm i uz pravilnu negu mo\u017ee \u017eiveti i do 8 godina. Nije zahtevna za odr\u017eavanje, pa je pogodna i za akvariste sa osnovnim iskustvom koji \u017eele \u017eivopisnu i elegantnu ribu u svom akvarijumu.<\/p>\n<p data-start=\"1100\" data-end=\"1189\" data-is-last-node=\"\" data-is-only-node=\"\">Lake Kutubu Blue Rainbowfish unosi dinamiku, boju i prirodnu harmoniju u svaki akvarijum.<\/p>\n","protected":false},"excerpt":{"rendered":"<p data-start=\"112\" data-end=\"421\"><strong data-start=\"112\" data-end=\"138\">Melanotaenia lacustris<\/strong>, poznata kao Lake Kutubu Blue Rainbowfish, je atraktivna akvarijumska riba prepoznatljiva po intenzivnoj plavo-tirkiznoj boji i mirnom temperamentu. Idealna je za zajedni\u010dke akvarijume i najbolje se ose\u0107a u jatu.<\/p>\n<p>NAPOMENA: Mogu\u0107e preuzeti samo li\u010dno u na\u0161oj prodavnici u Somboru.<\/p>\n","protected":false},"featured_media":6128,"comment_status":"open","ping_status":"closed","template":"","meta":[],"product_brand":[],"product_cat":[332,352],"product_tag":[],"class_list":{"0":"post-6127","1":"product","2":"type-product","3":"status-publish","4":"has-post-thumbnail","6":"product_cat-akvaristika","7":"product_cat-ribice","10":"instock","11":"shipping-taxable","12":"purchasable","13":"product-type-simple"},"_links":{"self":[{"href":"https:\/\/petshopmagelan.rs\/index.php\/wp-json\/wp\/v2\/product\/6127","targetHints":{"allow":["GET"]}}],"collection":[{"href":"https:\/\/petshopmagelan.rs\/index.php\/wp-json\/wp\/v2\/product"}],"about":[{"href":"https:\/\/petshopmagelan.rs\/index.php\/wp-json\/wp\/v2\/types\/product"}],"replies":[{"embeddable":true,"href":"https:\/\/petshopmagelan.rs\/index.php\/wp-json\/wp\/v2\/comments?post=6127"}],"wp:featuredmedia":[{"embeddable":true,"href":"https:\/\/petshopmagelan.rs\/index.php\/wp-json\/wp\/v2\/media\/6128"}],"wp:attachment":[{"href":"https:\/\/petshopmagelan.rs\/index.php\/wp-json\/wp\/v2\/media?parent=6127"}],"wp:term":[{"taxonomy":"product_brand","embeddable":true,"href":"https:\/\/petshopmagelan.rs\/index.php\/wp-json\/wp\/v2\/product_brand?post=6127"},{"taxonomy":"product_cat","embeddable":true,"href":"https:\/\/petshopmagelan.rs\/index.php\/wp-json\/wp\/v2\/product_cat?post=6127"},{"taxonomy":"product_tag","embeddable":true,"href":"https:\/\/petshopmagelan.rs\/index.php\/wp-json\/wp\/v2\/product_tag?post=6127"}],"curies":[{"name":"wp","href":"https:\/\/api.w.org\/{rel}","templated":true}]}}