{"id":6121,"date":"2026-02-19T10:48:16","date_gmt":"2026-02-19T10:48:16","guid":{"rendered":"https:\/\/petshopmagelan.rs\/?post_type=product&#038;p=6121"},"modified":"2026-02-19T10:48:16","modified_gmt":"2026-02-19T10:48:16","slug":"whiskas-pure-delight-vlazna-hrana-za-odrasle-macke-sa-komadicima-mesa-piletina-i-curetina-4x85g","status":"publish","type":"product","link":"https:\/\/petshopmagelan.rs\/index.php\/product\/whiskas-pure-delight-vlazna-hrana-za-odrasle-macke-sa-komadicima-mesa-piletina-i-curetina-4x85g\/","title":{"rendered":"WHISKAS Pure Delight &#8211; Vla\u017ena hrana za odrasle ma\u010dke sa komadi\u0107ima mesa, Piletina i \u0107uretina, 4x85g"},"content":{"rendered":"<p data-start=\"395\" data-end=\"650\"><strong data-start=\"395\" data-end=\"446\">WHISKAS Pure Delight piletina i \u0107uretina 4&#215;85 g<\/strong> predstavlja ukusan i nutritivno izbalansiran obrok za odrasle ma\u010dke. Pa\u017eljivo odabrani sastojci i so\u010dni komadi\u0107i piletine i \u0107uretine u bogatom sosu zadovoljavaju prirodne potrebe ma\u010dke i podsti\u010du apetit.<\/p>\n<p data-start=\"652\" data-end=\"861\">Ova kompletna vla\u017ena hrana obezbe\u0111uje sve neophodne hranljive materije za svakodnevnu energiju, zdravu ko\u017eu i sjajno krzno, kao i podr\u0161ku mi\u0161i\u0107noj masi zahvaljuju\u0107i kvalitetnim proteinima \u017eivotinjskog porekla.<\/p>\n<h3 data-start=\"863\" data-end=\"886\">Prednosti proizvoda<\/h3>\n<ul data-start=\"888\" data-end=\"1144\">\n<li data-start=\"888\" data-end=\"940\">\n<p data-start=\"890\" data-end=\"940\">Kompletna i izbalansirana hrana za odrasle ma\u010dke<\/p>\n<\/li>\n<li data-start=\"941\" data-end=\"983\">\n<p data-start=\"943\" data-end=\"983\">Ukusna kombinacija piletine i \u0107uretine<\/p>\n<\/li>\n<li data-start=\"984\" data-end=\"1021\">\n<p data-start=\"986\" data-end=\"1021\">So\u010dni komadi\u0107i u aromati\u010dnom sosu<\/p>\n<\/li>\n<li data-start=\"1022\" data-end=\"1052\">\n<p data-start=\"1024\" data-end=\"1052\">Izvor kvalitetnih proteina<\/p>\n<\/li>\n<li data-start=\"1053\" data-end=\"1096\">\n<p data-start=\"1055\" data-end=\"1096\">Podr\u017eava vitalnost i dobro op\u0161te stanje<\/p>\n<\/li>\n<li data-start=\"1097\" data-end=\"1144\">\n<p data-start=\"1099\" data-end=\"1144\">Prakti\u010dno multipakovanje \u2013 4 kesice po 85 g<\/p>\n<\/li>\n<\/ul>\n<h3 data-start=\"1146\" data-end=\"1164\">Na\u010din upotrebe<\/h3>\n<p data-start=\"1166\" data-end=\"1307\">Poslu\u017eiti na sobnoj temperaturi. Sve\u017ea voda treba uvek da bude dostupna. Koli\u010dinu hrane prilagoditi uzrastu, te\u017eini i nivou aktivnosti ma\u010dke.<\/p>\n<h3 data-start=\"1309\" data-end=\"1322\">Pakovanje<\/h3>\n<ul data-start=\"1324\" data-end=\"1336\">\n<li data-start=\"1324\" data-end=\"1336\">\n<p data-start=\"1326\" data-end=\"1336\">4 x 85 g<\/p>\n<\/li>\n<\/ul>\n","protected":false},"excerpt":{"rendered":"<p><strong data-start=\"89\" data-end=\"140\">WHISKAS Pure Delight piletina i \u0107uretina 4&#215;85 g<\/strong> je kompletna vla\u017ena hrana za odrasle ma\u010dke sa so\u010dnim komadi\u0107ima mesa u ukusnom sosu. Multipakovanje sa 4 kesice pru\u017ea izbalansiran obrok bogat proteinima za svakodnevnu ishranu i vitalnost va\u0161e ma\u010dke.<\/p>\n","protected":false},"featured_media":6122,"comment_status":"open","ping_status":"closed","template":"","meta":[],"product_brand":[],"product_cat":[299,300,308,314],"product_tag":[],"class_list":{"0":"post-6121","1":"product","2":"type-product","3":"status-publish","4":"has-post-thumbnail","6":"product_cat-macke","7":"product_cat-hrana-za-macke","8":"product_cat-vlazna-i-konzervirana-hrana-hrana-za-macke","9":"product_cat-odrasle-macke-vlazna-i-konzervirana-hrana-hrana-za-macke","12":"instock","13":"shipping-taxable","14":"purchasable","15":"product-type-simple"},"_links":{"self":[{"href":"https:\/\/petshopmagelan.rs\/index.php\/wp-json\/wp\/v2\/product\/6121","targetHints":{"allow":["GET"]}}],"collection":[{"href":"https:\/\/petshopmagelan.rs\/index.php\/wp-json\/wp\/v2\/product"}],"about":[{"href":"https:\/\/petshopmagelan.rs\/index.php\/wp-json\/wp\/v2\/types\/product"}],"replies":[{"embeddable":true,"href":"https:\/\/petshopmagelan.rs\/index.php\/wp-json\/wp\/v2\/comments?post=6121"}],"wp:featuredmedia":[{"embeddable":true,"href":"https:\/\/petshopmagelan.rs\/index.php\/wp-json\/wp\/v2\/media\/6122"}],"wp:attachment":[{"href":"https:\/\/petshopmagelan.rs\/index.php\/wp-json\/wp\/v2\/media?parent=6121"}],"wp:term":[{"taxonomy":"product_brand","embeddable":true,"href":"https:\/\/petshopmagelan.rs\/index.php\/wp-json\/wp\/v2\/product_brand?post=6121"},{"taxonomy":"product_cat","embeddable":true,"href":"https:\/\/petshopmagelan.rs\/index.php\/wp-json\/wp\/v2\/product_cat?post=6121"},{"taxonomy":"product_tag","embeddable":true,"href":"https:\/\/petshopmagelan.rs\/index.php\/wp-json\/wp\/v2\/product_tag?post=6121"}],"curies":[{"name":"wp","href":"https:\/\/api.w.org\/{rel}","templated":true}]}}