{"id":6119,"date":"2026-02-19T10:40:23","date_gmt":"2026-02-19T10:40:23","guid":{"rendered":"https:\/\/petshopmagelan.rs\/?post_type=product&#038;p=6119"},"modified":"2026-02-19T10:40:23","modified_gmt":"2026-02-19T10:40:23","slug":"whiskas-junior-hrana-za-macice-zivina-u-sosu-85g","status":"publish","type":"product","link":"https:\/\/petshopmagelan.rs\/index.php\/product\/whiskas-junior-hrana-za-macice-zivina-u-sosu-85g\/","title":{"rendered":"WHISKAS Junior &#8211; Hrana za ma\u010di\u0107e, \u017divina u sosu, 85g"},"content":{"rendered":"<p data-start=\"442\" data-end=\"732\"><strong data-start=\"442\" data-end=\"483\">WHISKAS Junior sa \u017eivinom u sosu 85 g<\/strong> predstavlja potpunu i izbalansiranu vla\u017enu hranu specijalno formulisanu za ma\u010di\u0107e do 1 godine starosti. Pa\u017eljivo pripremljena receptura \u010duva prirodne nutritivne vrednosti sastojaka i pru\u017ea va\u0161em ma\u010detu sve \u0161to mu je potrebno za zdrav rast i razvoj.<\/p>\n<p data-start=\"734\" data-end=\"843\">So\u010dni komadi\u0107i sa \u017eivinom u ukusnom sosu podsti\u010du apetit i \u010dine obrok neodoljivim \u010dak i za izbirljive ma\u010di\u0107e.<\/p>\n<h3 data-start=\"845\" data-end=\"866\">Klju\u010dne prednosti<\/h3>\n<ul data-start=\"868\" data-end=\"1158\">\n<li data-start=\"868\" data-end=\"902\">\n<p data-start=\"870\" data-end=\"902\">100% visokokvalitetni sastojci<\/p>\n<\/li>\n<li data-start=\"903\" data-end=\"968\">\n<p data-start=\"905\" data-end=\"968\">Kompletan obrok koji pokriva dnevne nutritivne potrebe ma\u010di\u0107a<\/p>\n<\/li>\n<li data-start=\"969\" data-end=\"1020\">\n<p data-start=\"971\" data-end=\"1020\">Visok sadr\u017eaj proteina za razvoj sna\u017enih mi\u0161i\u0107a<\/p>\n<\/li>\n<li data-start=\"1021\" data-end=\"1079\">\n<p data-start=\"1023\" data-end=\"1079\">Vitamin C za podr\u0161ku prirodnim odbrambenim mehanizmima<\/p>\n<\/li>\n<li data-start=\"1080\" data-end=\"1118\">\n<p data-start=\"1082\" data-end=\"1118\">Cink za zdravu ko\u017eu i sjajno krzno<\/p>\n<\/li>\n<li data-start=\"1119\" data-end=\"1158\">\n<p data-start=\"1121\" data-end=\"1158\">Energetska vrednost: 67 kcal \/ 85 g<\/p>\n<\/li>\n<\/ul>\n<h3 data-start=\"1160\" data-end=\"1170\">Sastav<\/h3>\n<p data-start=\"1172\" data-end=\"1334\">Meso i \u017eivotinjski derivati (36%, uklju\u010duju\u0107i 4% \u017eivine u komadi\u0107ima*), \u017eitarice, biljni derivati, ulja i masti, minerali, \u0161e\u0107eri.<br data-start=\"1302\" data-end=\"1305\" \/>*Komadi\u0107i \u010dine 43% proizvoda.<\/p>\n<h3 data-start=\"1336\" data-end=\"1357\">Analiti\u010dki sastav<\/h3>\n<ul data-start=\"1359\" data-end=\"1474\">\n<li data-start=\"1359\" data-end=\"1377\">\n<p data-start=\"1361\" data-end=\"1377\">Proteini: 7,5%<\/p>\n<\/li>\n<li data-start=\"1378\" data-end=\"1393\">\n<p data-start=\"1380\" data-end=\"1393\">Masti: 5,0%<\/p>\n<\/li>\n<li data-start=\"1394\" data-end=\"1409\">\n<p data-start=\"1396\" data-end=\"1409\">Pepeo: 1,6%<\/p>\n<\/li>\n<li data-start=\"1410\" data-end=\"1434\">\n<p data-start=\"1412\" data-end=\"1434\">Sirova vlakna: 0,20%<\/p>\n<\/li>\n<li data-start=\"1435\" data-end=\"1454\">\n<p data-start=\"1437\" data-end=\"1454\">Vla\u017enost: 84,0%<\/p>\n<\/li>\n<li data-start=\"1455\" data-end=\"1474\">\n<p data-start=\"1457\" data-end=\"1474\">Kalcijum: 0,32%<\/p>\n<\/li>\n<\/ul>\n<h3 data-start=\"1476\" data-end=\"1510\">Za\u0161to odabrati WHISKAS Junior?<\/h3>\n<p data-start=\"1512\" data-end=\"1720\">Ova vla\u017ena hrana za ma\u010di\u0107e pru\u017ea optimalan balans hranljivih materija za zdrav po\u010detak \u017eivota. Podr\u017eava razvoj mi\u0161i\u0107a, imunitet i zdravlje ko\u017ee i krzna, dok ukusna tekstura u sosu podsti\u010de redovan unos hrane.<\/p>\n<p data-start=\"1722\" data-end=\"1739\">Pakovanje: 85 g<\/p>\n","protected":false},"excerpt":{"rendered":"<p><strong data-start=\"80\" data-end=\"121\">WHISKAS Junior sa \u017eivinom u sosu 85 g<\/strong> je kompletna vla\u017ena hrana za ma\u010di\u0107e do 12 meseci starosti. Bogata proteinima za sna\u017ene mi\u0161i\u0107e, sa vitaminom C za podr\u0161ku imunitetu i cinkom za zdravu ko\u017eu i sjajno krzno. Ukusan obrok sa so\u010dnim komadi\u0107ima u sosu koji zadovoljava sve dnevne nutritivne potrebe ma\u010di\u0107a.<\/p>\n","protected":false},"featured_media":6120,"comment_status":"open","ping_status":"closed","template":"","meta":[],"product_brand":[],"product_cat":[299,300,308,313],"product_tag":[],"class_list":{"0":"post-6119","1":"product","2":"type-product","3":"status-publish","4":"has-post-thumbnail","6":"product_cat-macke","7":"product_cat-hrana-za-macke","8":"product_cat-vlazna-i-konzervirana-hrana-hrana-za-macke","9":"product_cat-macici-vlazna-i-konzervirana-hrana-hrana-za-macke","12":"instock","13":"shipping-taxable","14":"purchasable","15":"product-type-simple"},"_links":{"self":[{"href":"https:\/\/petshopmagelan.rs\/index.php\/wp-json\/wp\/v2\/product\/6119","targetHints":{"allow":["GET"]}}],"collection":[{"href":"https:\/\/petshopmagelan.rs\/index.php\/wp-json\/wp\/v2\/product"}],"about":[{"href":"https:\/\/petshopmagelan.rs\/index.php\/wp-json\/wp\/v2\/types\/product"}],"replies":[{"embeddable":true,"href":"https:\/\/petshopmagelan.rs\/index.php\/wp-json\/wp\/v2\/comments?post=6119"}],"wp:featuredmedia":[{"embeddable":true,"href":"https:\/\/petshopmagelan.rs\/index.php\/wp-json\/wp\/v2\/media\/6120"}],"wp:attachment":[{"href":"https:\/\/petshopmagelan.rs\/index.php\/wp-json\/wp\/v2\/media?parent=6119"}],"wp:term":[{"taxonomy":"product_brand","embeddable":true,"href":"https:\/\/petshopmagelan.rs\/index.php\/wp-json\/wp\/v2\/product_brand?post=6119"},{"taxonomy":"product_cat","embeddable":true,"href":"https:\/\/petshopmagelan.rs\/index.php\/wp-json\/wp\/v2\/product_cat?post=6119"},{"taxonomy":"product_tag","embeddable":true,"href":"https:\/\/petshopmagelan.rs\/index.php\/wp-json\/wp\/v2\/product_tag?post=6119"}],"curies":[{"name":"wp","href":"https:\/\/api.w.org\/{rel}","templated":true}]}}