{"id":5971,"date":"2026-02-16T17:28:49","date_gmt":"2026-02-16T17:28:49","guid":{"rendered":"https:\/\/petshopmagelan.rs\/?post_type=product&#038;p=5971"},"modified":"2026-02-16T17:29:11","modified_gmt":"2026-02-16T17:29:11","slug":"animology-white-wash-sampon-za-pse-bele-i-svetle-dlake-250ml","status":"publish","type":"product","link":"https:\/\/petshopmagelan.rs\/index.php\/product\/animology-white-wash-sampon-za-pse-bele-i-svetle-dlake-250ml\/","title":{"rendered":"ANIMOLOGY White Wash &#8211; \u0160ampon za pse bele i svetle dlake, 250ml"},"content":{"rendered":"<div class=\"text-base my-auto mx-auto [--thread-content-margin:--spacing(4)] @w-sm\/main:[--thread-content-margin:--spacing(6)] @w-lg\/main:[--thread-content-margin:--spacing(16)] px-(--thread-content-margin)\">\n<div class=\"[--thread-content-max-width:40rem] @w-lg\/main:[--thread-content-max-width:48rem] mx-auto max-w-(--thread-content-max-width) flex-1 group\/turn-messages focus-visible:outline-hidden relative flex w-full min-w-0 flex-col agent-turn\">\n<div class=\"flex max-w-full flex-col grow\">\n<div class=\"min-h-8 text-message relative flex w-full flex-col items-end gap-2 text-start break-words whitespace-normal [.text-message+&amp;]:mt-1\" dir=\"auto\" data-message-author-role=\"assistant\" data-message-id=\"2b81d363-fad1-4dd6-9f10-6e4bc897f1f8\" data-message-model-slug=\"gpt-5-2\">\n<div class=\"flex w-full flex-col gap-1 empty:hidden first:pt-[1px]\">\n<div class=\"markdown prose dark:prose-invert w-full wrap-break-word light markdown-new-styling\">\n<p data-start=\"347\" data-end=\"629\"><span class=\"hover:entity-accent entity-underline inline cursor-pointer align-baseline\"><span class=\"whitespace-normal\">Animology<\/span><\/span> White Wash Dog Shampoo 250ml je profesionalni \u0161ampon za pse specijalno formulisan za svetlu i belu dlaku. Zahvaljuju\u0107i naprednoj formuli sa opti\u010dkim poja\u010diva\u010dima, poma\u017ee da dlaka izgleda blistavo belo i vizuelno \u010distije ve\u0107 nakon prvog kupanja.<\/p>\n<p data-start=\"631\" data-end=\"924\">Ovaj \u0161ampon za pse pru\u017ea blago, ali dubinsko \u010di\u0161\u0107enje koje efikasno uklanja ne\u010disto\u0107e i mrlje, bez isu\u0161ivanja ko\u017ee i bez uklanjanja prirodnih ulja iz dlake. Posebna \u201eeasy rinse\u201c formula omogu\u0107ava brzo i lako ispiranje, \u010dime se skra\u0107uje vreme kupanja \u2013 idealno za pse koji nisu ljubitelji vode.<\/p>\n<p data-start=\"926\" data-end=\"1187\">Oboga\u0107en regeneratorom i provitaminom B5 (pantenolom), White Wash \u0161ampon poma\u017ee u o\u010duvanju zdravlja ko\u017ee i dlake, ja\u010da vlas i doprinosi meko\u0107i, sjaju i elasti\u010dnosti krzna. Infuziran je prepoznatljivim \u201eSignature\u201c mirisom koji ostavlja dugotrajan ose\u0107aj sve\u017eine.<\/p>\n<p data-start=\"1189\" data-end=\"1213\"><strong data-start=\"1189\" data-end=\"1213\">Prednosti proizvoda:<\/strong><\/p>\n<ul data-start=\"1214\" data-end=\"1492\">\n<li data-start=\"1214\" data-end=\"1254\">\n<p data-start=\"1216\" data-end=\"1254\">Dubinsko \u010di\u0161\u0107enje i uklanjanje mrlja<\/p>\n<\/li>\n<li data-start=\"1255\" data-end=\"1300\">\n<p data-start=\"1257\" data-end=\"1300\">Opti\u010dki poja\u010diva\u010di za blistavo belu dlaku<\/p>\n<\/li>\n<li data-start=\"1301\" data-end=\"1339\">\n<p data-start=\"1303\" data-end=\"1339\">Sadr\u017ei regenerator i provitamin B5<\/p>\n<\/li>\n<li data-start=\"1340\" data-end=\"1377\">\n<p data-start=\"1342\" data-end=\"1377\">Ne uklanja prirodna ulja iz dlake<\/p>\n<\/li>\n<li data-start=\"1378\" data-end=\"1416\">\n<p data-start=\"1380\" data-end=\"1416\">Pogodan za sve rase i tipove dlake<\/p>\n<\/li>\n<li data-start=\"1417\" data-end=\"1460\">\n<p data-start=\"1419\" data-end=\"1460\">Bezbedan za \u0161tence starije od 6 nedelja<\/p>\n<\/li>\n<li data-start=\"1461\" data-end=\"1492\">\n<p data-start=\"1463\" data-end=\"1492\">Pogodan i za osetljivu ko\u017eu<\/p>\n<\/li>\n<\/ul>\n<p data-start=\"1494\" data-end=\"1661\">White Wash \u0161ampon mo\u017ee se koristiti kod svih tipova ko\u017ee i dlake, uklju\u010duju\u0107i osetljivu ko\u017eu, \u0161to ga \u010dini idealnim izborom za redovnu higijenu pasa svetle i bele boje.<\/p>\n<p data-start=\"1663\" data-end=\"2035\"><strong data-start=\"1663\" data-end=\"1674\">Sastav:<\/strong> Aqua, Sodium Lauroyl Methyl Isethionate, Sodium Chloride, Cocamidopropyl Betaine, Glycereth-2 Cocoate, PEG-150 Distearate, Parfum, PEG-7 Glyceryl Cocoate, Disodium Distyrylbiphenyl Disulfonate, Styrene\/Acrylates Copolymer, Glycerin, Benzylhemiformal, Panthenol, Sodium Benzoate, Sodium Hydroxide, Trideceth-7, Sodium Lauryl Sulfate, Linalool, Hexyl Cinnamal.<\/p>\n<p data-start=\"2037\" data-end=\"2262\" data-is-last-node=\"\" data-is-only-node=\"\">Ukoliko tra\u017eite kvalitetan \u0161ampon za pse belog i svetlog krzna koji \u010disti, neguje i vra\u0107a prirodan sjaj, <span class=\"hover:entity-accent entity-underline inline cursor-pointer align-baseline\"><span class=\"whitespace-normal\">Animology<\/span><\/span> White Wash Dog Shampoo 250ml je pouzdan izbor za profesionalne rezultate kod ku\u0107e.<\/p>\n<\/div>\n<\/div>\n<\/div>\n<\/div>\n<div class=\"z-0 flex min-h-[46px] justify-start\"><\/div>\n<\/div>\n<\/div>\n","protected":false},"excerpt":{"rendered":"<p><span class=\"hover:entity-accent entity-underline inline cursor-pointer align-baseline\"><span class=\"whitespace-normal\">Animology<\/span><\/span> White Wash Dog Shampoo 250ml je blagi, ali dubinski \u0161ampon za pse svetle i bele dlake. Sa opti\u010dkim poja\u010diva\u010dima boje, regeneratorom i provitaminom B5, efikasno uklanja mrlje, osve\u017eava dlaku i ostavlja je blistavo belom, mekom i zdravom.<\/p>\n","protected":false},"featured_media":5972,"comment_status":"open","ping_status":"closed","template":"","meta":[],"product_brand":[],"product_cat":[263,287,291],"product_tag":[],"class_list":{"0":"post-5971","1":"product","2":"type-product","3":"status-publish","4":"has-post-thumbnail","6":"product_cat-psi","7":"product_cat-higijena-i-nega","8":"product_cat-samponi","11":"instock","12":"shipping-taxable","13":"purchasable","14":"product-type-simple"},"_links":{"self":[{"href":"https:\/\/petshopmagelan.rs\/index.php\/wp-json\/wp\/v2\/product\/5971","targetHints":{"allow":["GET"]}}],"collection":[{"href":"https:\/\/petshopmagelan.rs\/index.php\/wp-json\/wp\/v2\/product"}],"about":[{"href":"https:\/\/petshopmagelan.rs\/index.php\/wp-json\/wp\/v2\/types\/product"}],"replies":[{"embeddable":true,"href":"https:\/\/petshopmagelan.rs\/index.php\/wp-json\/wp\/v2\/comments?post=5971"}],"wp:featuredmedia":[{"embeddable":true,"href":"https:\/\/petshopmagelan.rs\/index.php\/wp-json\/wp\/v2\/media\/5972"}],"wp:attachment":[{"href":"https:\/\/petshopmagelan.rs\/index.php\/wp-json\/wp\/v2\/media?parent=5971"}],"wp:term":[{"taxonomy":"product_brand","embeddable":true,"href":"https:\/\/petshopmagelan.rs\/index.php\/wp-json\/wp\/v2\/product_brand?post=5971"},{"taxonomy":"product_cat","embeddable":true,"href":"https:\/\/petshopmagelan.rs\/index.php\/wp-json\/wp\/v2\/product_cat?post=5971"},{"taxonomy":"product_tag","embeddable":true,"href":"https:\/\/petshopmagelan.rs\/index.php\/wp-json\/wp\/v2\/product_tag?post=5971"}],"curies":[{"name":"wp","href":"https:\/\/api.w.org\/{rel}","templated":true}]}}