{"id":5819,"date":"2026-02-11T10:16:23","date_gmt":"2026-02-11T10:16:23","guid":{"rendered":"https:\/\/petshopmagelan.rs\/?post_type=product&#038;p=5819"},"modified":"2026-02-11T10:16:23","modified_gmt":"2026-02-11T10:16:23","slug":"monge-vetsolution-renal-and-oxalate-canine-dijetalna-hrana-za-pse-sa-bubreznim-problemima-2kg","status":"publish","type":"product","link":"https:\/\/petshopmagelan.rs\/index.php\/product\/monge-vetsolution-renal-and-oxalate-canine-dijetalna-hrana-za-pse-sa-bubreznim-problemima-2kg\/","title":{"rendered":"MONGE VetSolution Renal and Oxalate Canine \u2013 Dijetalna hrana za pse sa bubre\u017enim problemima, 2kg"},"content":{"rendered":"<div class=\"flex flex-col text-sm pb-25\">\n<article class=\"text-token-text-primary w-full focus:outline-none [--shadow-height:45px] has-data-writing-block:pointer-events-none has-data-writing-block:-mt-(--shadow-height) has-data-writing-block:pt-(--shadow-height) [&amp;:has([data-writing-block])&gt;*]:pointer-events-auto scroll-mt-[calc(var(--header-height)+min(200px,max(70px,20svh)))]\" dir=\"auto\" data-turn-id=\"request-WEB:6f962081-9274-4751-92b2-606e13eacee0-4\" data-testid=\"conversation-turn-10\" data-scroll-anchor=\"true\" data-turn=\"assistant\">\n<div class=\"text-base my-auto mx-auto pb-10 [--thread-content-margin:--spacing(4)] @w-sm\/main:[--thread-content-margin:--spacing(6)] @w-lg\/main:[--thread-content-margin:--spacing(16)] px-(--thread-content-margin)\">\n<div class=\"[--thread-content-max-width:40rem] @w-lg\/main:[--thread-content-max-width:48rem] mx-auto max-w-(--thread-content-max-width) flex-1 group\/turn-messages focus-visible:outline-hidden relative flex w-full min-w-0 flex-col agent-turn\">\n<div class=\"flex max-w-full flex-col grow\">\n<div class=\"min-h-8 text-message relative flex w-full flex-col items-end gap-2 text-start break-words whitespace-normal [.text-message+&amp;]:mt-1\" dir=\"auto\" data-message-author-role=\"assistant\" data-message-id=\"1e410753-0c37-4119-b8bf-2884ddf9323a\" data-message-model-slug=\"gpt-5-2\">\n<div class=\"flex w-full flex-col gap-1 empty:hidden first:pt-[1px]\">\n<div class=\"markdown prose dark:prose-invert w-full wrap-break-word light markdown-new-styling\">\n<p data-start=\"554\" data-end=\"928\">Monge VetSolution Renal and Oxalate Canine je specijalizovana veterinarska dijeta razvijena za pse kojima je potrebna kontrolisana ishrana radi o\u010duvanja funkcije bubrega i prevencije formiranja oksalatnih kamenaca. Sadr\u017ei nizak nivo proteina, ali visokog kvaliteta (svarljivost &gt;85%), uz ograni\u010den sadr\u017eaj fosfora, kalcijuma i vitamina D, \u0161to doprinosi rastere\u0107enju bubrega.<\/p>\n<p data-start=\"930\" data-end=\"1072\">Formula poseduje i alkalizuju\u0107a svojstva koja poma\u017eu u regulaciji pH vrednosti urina, \u010dime se smanjuje rizik od stvaranja oksalatnih kristala.<\/p>\n<p data-start=\"1074\" data-end=\"1118\">Posebnu vrednost daju funkcionalni sastojci:<\/p>\n<ul data-start=\"1119\" data-end=\"1424\">\n<li data-start=\"1119\" data-end=\"1269\">\n<p data-start=\"1121\" data-end=\"1269\"><strong data-start=\"1121\" data-end=\"1178\">Koncentrat soka od dinje (Cucumis melo cantalupensis)<\/strong> \u2013 prirodni izvor superoksid dismutaze (SOD), poma\u017ee u neutralizaciji slobodnih radikala.<\/p>\n<\/li>\n<li data-start=\"1270\" data-end=\"1347\">\n<p data-start=\"1272\" data-end=\"1347\"><strong data-start=\"1272\" data-end=\"1294\">Zeleni \u010daj (0,15%)<\/strong> \u2013 pru\u017ea dodatnu antioksidativnu podr\u0161ku bubrezima.<\/p>\n<\/li>\n<li data-start=\"1348\" data-end=\"1424\">\n<p data-start=\"1350\" data-end=\"1424\"><strong data-start=\"1350\" data-end=\"1383\">Xylo-oligosaharidi (XOS 0,4%)<\/strong> \u2013 podr\u017eavaju zdravu crevnu mikrobiotu.<\/p>\n<\/li>\n<\/ul>\n<p data-start=\"1426\" data-end=\"1581\">Hrana je oboga\u0107ena kvalitetnim izvorima masti poput pa\u010dje i pile\u0107e masti, kao i lososovog ulja, koji obezbe\u0111uju energiju i doprinose zdravlju ko\u017ee i dlake.<\/p>\n<hr data-start=\"1583\" data-end=\"1586\" \/>\n<h3 data-start=\"1588\" data-end=\"1599\">Sastav:<\/h3>\n<ul data-start=\"1600\" data-end=\"2165\">\n<li data-start=\"1600\" data-end=\"1628\">\n<p data-start=\"1602\" data-end=\"1628\">Su\u0161eno pile\u0107e meso (23%)<\/p>\n<\/li>\n<li data-start=\"1629\" data-end=\"1640\">\n<p data-start=\"1631\" data-end=\"1640\">Tapioka<\/p>\n<\/li>\n<li data-start=\"1641\" data-end=\"1675\">\n<p data-start=\"1643\" data-end=\"1675\">\u017divotinjska mast (pa\u010dja mast)*<\/p>\n<\/li>\n<li data-start=\"1676\" data-end=\"1687\">\n<p data-start=\"1678\" data-end=\"1687\">Krompir<\/p>\n<\/li>\n<li data-start=\"1688\" data-end=\"1708\">\n<p data-start=\"1690\" data-end=\"1708\">Su\u0161ena \u0161argarepa<\/p>\n<\/li>\n<li data-start=\"1709\" data-end=\"1744\">\n<p data-start=\"1711\" data-end=\"1744\">\u017divotinjska mast (pile\u0107a mast)*<\/p>\n<\/li>\n<li data-start=\"1745\" data-end=\"1768\">\n<p data-start=\"1747\" data-end=\"1768\">Su\u0161ena repina pulpa<\/p>\n<\/li>\n<li data-start=\"1769\" data-end=\"1786\">\n<p data-start=\"1771\" data-end=\"1786\">Su\u0161eni ananas<\/p>\n<\/li>\n<li data-start=\"1787\" data-end=\"1812\">\n<p data-start=\"1789\" data-end=\"1812\">Su\u0161ena citrusna pulpa<\/p>\n<\/li>\n<li data-start=\"1813\" data-end=\"1839\">\n<p data-start=\"1815\" data-end=\"1839\">Su\u0161ena riba (in\u0107un 4%)<\/p>\n<\/li>\n<li data-start=\"1840\" data-end=\"1872\">\n<p data-start=\"1842\" data-end=\"1872\">Riblje ulje (lososovo ulje)*<\/p>\n<\/li>\n<li data-start=\"1873\" data-end=\"1894\">\n<p data-start=\"1875\" data-end=\"1894\">Su\u0161eno pa\u010dje meso<\/p>\n<\/li>\n<li data-start=\"1895\" data-end=\"1907\">\n<p data-start=\"1897\" data-end=\"1907\">Minerali<\/p>\n<\/li>\n<li data-start=\"1908\" data-end=\"1927\">\n<p data-start=\"1910\" data-end=\"1927\">Pulpa paradajza<\/p>\n<\/li>\n<li data-start=\"1928\" data-end=\"1958\">\n<p data-start=\"1930\" data-end=\"1958\">Inaktivirani pivski kvasac<\/p>\n<\/li>\n<li data-start=\"1959\" data-end=\"1976\">\n<p data-start=\"1961\" data-end=\"1976\">Vlakna gra\u0161ka<\/p>\n<\/li>\n<li data-start=\"1977\" data-end=\"2006\">\n<p data-start=\"1979\" data-end=\"2006\">Xylo-oligosaharidi (0,4%)<\/p>\n<\/li>\n<li data-start=\"2007\" data-end=\"2046\">\n<p data-start=\"2009\" data-end=\"2046\">Su\u0161eni listovi zelenog \u010daja (0,15%)<\/p>\n<\/li>\n<li data-start=\"2047\" data-end=\"2138\">\n<p data-start=\"2049\" data-end=\"2138\">Proizvodi i nusproizvodi prerade sve\u017eeg vo\u0107a i povr\u0107a (koncentrat soka od dinje 0,005%)<\/p>\n<\/li>\n<li data-start=\"2139\" data-end=\"2165\">\n<p data-start=\"2141\" data-end=\"2165\">Mle\u010dni proteinski prah<\/p>\n<\/li>\n<\/ul>\n<p data-start=\"2167\" data-end=\"2267\">*Pro\u010di\u0161\u0107eno 99,6%, konzervisano prirodnim antioksidansima<br data-start=\"2225\" data-end=\"2228\" \/>**Izvori proteina sa svarljivo\u0161\u0107u &gt;85%<\/p>\n<hr data-start=\"2269\" data-end=\"2272\" \/>\n<h3 data-start=\"2274\" data-end=\"2296\">Klju\u010dne prednosti:<\/h3>\n<ul data-start=\"2297\" data-end=\"2609\">\n<li data-start=\"2297\" data-end=\"2367\">\n<p data-start=\"2299\" data-end=\"2367\">Podr\u0161ka funkciji bubrega kod hroni\u010dne i privremene insuficijencije<\/p>\n<\/li>\n<li data-start=\"2368\" data-end=\"2420\">\n<p data-start=\"2370\" data-end=\"2420\">Smanjuje rizik od formiranja oksalatnih kamenaca<\/p>\n<\/li>\n<li data-start=\"2421\" data-end=\"2471\">\n<p data-start=\"2423\" data-end=\"2471\">Nizak nivo fosfora i kontrolisan unos proteina<\/p>\n<\/li>\n<li data-start=\"2472\" data-end=\"2503\">\n<p data-start=\"2474\" data-end=\"2503\">Alkalizuju\u0107a svojstva urina<\/p>\n<\/li>\n<li data-start=\"2504\" data-end=\"2548\">\n<p data-start=\"2506\" data-end=\"2548\">Sadr\u017ei antioksidanse (dinja, zeleni \u010daj)<\/p>\n<\/li>\n<li data-start=\"2549\" data-end=\"2609\">\n<p data-start=\"2551\" data-end=\"2609\">Podr\u0161ka crevnoj mikroflori zahvaljuju\u0107i XOS prebioticima<\/p>\n<\/li>\n<\/ul>\n<p data-start=\"2611\" data-end=\"2703\"><strong data-start=\"2611\" data-end=\"2624\">Napomena:<\/strong> Pre upotrebe i produ\u017eene primene preporu\u010duje se konsultacija sa veterinarom.<\/p>\n<p data-start=\"2705\" data-end=\"2852\" data-is-last-node=\"\" data-is-only-node=\"\">Monge VetSolution Renal and Oxalate predstavlja pouzdano dijetalno re\u0161enje za pse kojima je potrebna posebna briga o bubrezima i urinarnom sistemu.<\/p>\n<\/div>\n<\/div>\n<\/div>\n<\/div>\n<div class=\"z-0 flex min-h-[46px] justify-start\"><\/div>\n<\/div>\n<\/div>\n<\/article>\n<\/div>\n<div class=\"pointer-events-none h-px w-px absolute bottom-0\" aria-hidden=\"true\" data-edge=\"true\"><\/div>\n","protected":false},"excerpt":{"rendered":"<p>Monge VetSolution Renal and Oxalate je kompletna dijetalna hrana za pse namenjena podr\u0161ci funkciji bubrega kod hroni\u010dne ili privremene bubre\u017ene insuficijencije, kao i smanjenju stvaranja oksalatnih kamenaca. Formulisana sa pa\u017eljivo odabranim, visoko svarljivim proteinima i smanjenim nivoom fosfora, ova veterinarska hrana pru\u017ea nutritivnu podr\u0161ku psima sa osetljivim urinarnim i renalnim sistemom.<\/p>\n","protected":false},"featured_media":5820,"comment_status":"open","ping_status":"closed","template":"","meta":[],"product_brand":[],"product_cat":[263,264,265,267],"product_tag":[],"class_list":{"0":"post-5819","1":"product","2":"type-product","3":"status-publish","4":"has-post-thumbnail","6":"product_cat-psi","7":"product_cat-hrana-za-pse","8":"product_cat-suva-hrana","9":"product_cat-odrasli-psi","12":"instock","13":"shipping-taxable","14":"purchasable","15":"product-type-simple"},"_links":{"self":[{"href":"https:\/\/petshopmagelan.rs\/index.php\/wp-json\/wp\/v2\/product\/5819","targetHints":{"allow":["GET"]}}],"collection":[{"href":"https:\/\/petshopmagelan.rs\/index.php\/wp-json\/wp\/v2\/product"}],"about":[{"href":"https:\/\/petshopmagelan.rs\/index.php\/wp-json\/wp\/v2\/types\/product"}],"replies":[{"embeddable":true,"href":"https:\/\/petshopmagelan.rs\/index.php\/wp-json\/wp\/v2\/comments?post=5819"}],"wp:featuredmedia":[{"embeddable":true,"href":"https:\/\/petshopmagelan.rs\/index.php\/wp-json\/wp\/v2\/media\/5820"}],"wp:attachment":[{"href":"https:\/\/petshopmagelan.rs\/index.php\/wp-json\/wp\/v2\/media?parent=5819"}],"wp:term":[{"taxonomy":"product_brand","embeddable":true,"href":"https:\/\/petshopmagelan.rs\/index.php\/wp-json\/wp\/v2\/product_brand?post=5819"},{"taxonomy":"product_cat","embeddable":true,"href":"https:\/\/petshopmagelan.rs\/index.php\/wp-json\/wp\/v2\/product_cat?post=5819"},{"taxonomy":"product_tag","embeddable":true,"href":"https:\/\/petshopmagelan.rs\/index.php\/wp-json\/wp\/v2\/product_tag?post=5819"}],"curies":[{"name":"wp","href":"https:\/\/api.w.org\/{rel}","templated":true}]}}