{"id":5775,"date":"2026-02-09T12:21:13","date_gmt":"2026-02-09T12:21:13","guid":{"rendered":"https:\/\/petshopmagelan.rs\/?post_type=product&#038;p=5775"},"modified":"2026-02-09T12:21:13","modified_gmt":"2026-02-09T12:21:13","slug":"trixie-materijal-za-gnezda-kokos-vlakna","status":"publish","type":"product","link":"https:\/\/petshopmagelan.rs\/index.php\/product\/trixie-materijal-za-gnezda-kokos-vlakna\/","title":{"rendered":"TRIXIE &#8211; Materijal za gnezda, Kokos vlakna"},"content":{"rendered":"<p data-start=\"321\" data-end=\"621\">Prirodni materijal za izradu gnezda napravljen je od 100% prirodnih, pa\u017eljivo \u010de\u0161ljanih kokosovih vlakana koja su bezbedna i prijatna za ptice. Ovaj materijal omogu\u0107ava pticama da na prirodan na\u010din oblikuju i prilagode svoje gnezdo, pru\u017eaju\u0107i udobnost i stabilnost tokom gne\u017e\u0111enja i odgajanja mladih.<\/p>\n<p data-start=\"623\" data-end=\"894\">Kokosova vlakna su lagana, ali \u010dvrsta, dobro zadr\u017eavaju toplotu i obezbe\u0111uju odgovaraju\u0107u ventilaciju, \u010dime doprinose zdravom okru\u017eenju u kavezu ili volijeri. Namenjen je malim pticama kao \u0161to su kanarinci i zebrasti zebe, ali je pogodan i za druge vrste sli\u010dne veli\u010dine.<\/p>\n<p data-start=\"896\" data-end=\"985\">Idealan dodatak opremi za ptice koji podsti\u010de prirodno pona\u0161anje i instinkt za gne\u017e\u0111enje.<\/p>\n<hr data-start=\"987\" data-end=\"990\" \/>\n<h3 data-start=\"992\" data-end=\"1015\">Prednosti proizvoda<\/h3>\n<ul data-start=\"1017\" data-end=\"1243\">\n<li data-start=\"1017\" data-end=\"1060\">\n<p data-start=\"1019\" data-end=\"1060\">Napravljen od 100% prirodnih materijala<\/p>\n<\/li>\n<li data-start=\"1061\" data-end=\"1107\">\n<p data-start=\"1063\" data-end=\"1107\">\u010ce\u0161ljana kokosova vlakna bezbedna za ptice<\/p>\n<\/li>\n<li data-start=\"1108\" data-end=\"1151\">\n<p data-start=\"1110\" data-end=\"1151\">Podsti\u010de prirodno pona\u0161anje i gne\u017e\u0111enje<\/p>\n<\/li>\n<li data-start=\"1152\" data-end=\"1199\">\n<p data-start=\"1154\" data-end=\"1199\">Pru\u017ea toplotu, udobnost i stabilnost gnezda<\/p>\n<\/li>\n<li data-start=\"1200\" data-end=\"1243\">\n<p data-start=\"1202\" data-end=\"1243\">Pogodan za razli\u010dite vrste sitnih ptica<\/p>\n<\/li>\n<\/ul>\n<hr data-start=\"1245\" data-end=\"1248\" \/>\n<h3 data-start=\"1250\" data-end=\"1276\">Sastav i specifikacija<\/h3>\n<ul data-start=\"1278\" data-end=\"1499\">\n<li data-start=\"1278\" data-end=\"1341\">\n<p data-start=\"1280\" data-end=\"1341\"><strong data-start=\"1280\" data-end=\"1291\">Namena:<\/strong> Sitne ptice (kanarinci, zebrasti zebe i sli\u010dno)<\/p>\n<\/li>\n<li data-start=\"1342\" data-end=\"1381\">\n<p data-start=\"1344\" data-end=\"1381\"><strong data-start=\"1344\" data-end=\"1358\">Materijal:<\/strong> 100% kokosova vlakna<\/p>\n<\/li>\n<li data-start=\"1382\" data-end=\"1412\">\n<p data-start=\"1384\" data-end=\"1412\"><strong data-start=\"1384\" data-end=\"1405\">Te\u017eina pakovanja:<\/strong> 30 g<\/p>\n<\/li>\n<li data-start=\"1441\" data-end=\"1499\">\n<p data-start=\"1443\" data-end=\"1499\"><strong data-start=\"1443\" data-end=\"1461\">Tip proizvoda:<\/strong> Prirodni materijal za izradu gnezda<\/p>\n<\/li>\n<\/ul>\n","protected":false},"excerpt":{"rendered":"<p>Prirodni materijal za gnezda od 100% kokosovih vlakana idealan je za kanarince, zebe i druge sitne ptice, pru\u017eaju\u0107i sigurno, toplo i prirodno okru\u017eenje za gne\u017e\u0111enje.<\/p>\n","protected":false},"featured_media":5776,"comment_status":"open","ping_status":"closed","template":"","meta":[],"product_brand":[],"product_cat":[391,331,337],"product_tag":[],"class_list":{"0":"post-5775","1":"product","2":"type-product","3":"status-publish","4":"has-post-thumbnail","6":"product_cat-dodaci-za-kavez-i-ptice","7":"product_cat-ptice","8":"product_cat-kavezi-i-oprema","11":"instock","12":"shipping-taxable","13":"purchasable","14":"product-type-simple"},"_links":{"self":[{"href":"https:\/\/petshopmagelan.rs\/index.php\/wp-json\/wp\/v2\/product\/5775","targetHints":{"allow":["GET"]}}],"collection":[{"href":"https:\/\/petshopmagelan.rs\/index.php\/wp-json\/wp\/v2\/product"}],"about":[{"href":"https:\/\/petshopmagelan.rs\/index.php\/wp-json\/wp\/v2\/types\/product"}],"replies":[{"embeddable":true,"href":"https:\/\/petshopmagelan.rs\/index.php\/wp-json\/wp\/v2\/comments?post=5775"}],"wp:featuredmedia":[{"embeddable":true,"href":"https:\/\/petshopmagelan.rs\/index.php\/wp-json\/wp\/v2\/media\/5776"}],"wp:attachment":[{"href":"https:\/\/petshopmagelan.rs\/index.php\/wp-json\/wp\/v2\/media?parent=5775"}],"wp:term":[{"taxonomy":"product_brand","embeddable":true,"href":"https:\/\/petshopmagelan.rs\/index.php\/wp-json\/wp\/v2\/product_brand?post=5775"},{"taxonomy":"product_cat","embeddable":true,"href":"https:\/\/petshopmagelan.rs\/index.php\/wp-json\/wp\/v2\/product_cat?post=5775"},{"taxonomy":"product_tag","embeddable":true,"href":"https:\/\/petshopmagelan.rs\/index.php\/wp-json\/wp\/v2\/product_tag?post=5775"}],"curies":[{"name":"wp","href":"https:\/\/api.w.org\/{rel}","templated":true}]}}