{"id":5749,"date":"2026-02-05T13:25:04","date_gmt":"2026-02-05T13:25:04","guid":{"rendered":"https:\/\/petshopmagelan.rs\/?post_type=product&#038;p=5749"},"modified":"2026-02-05T13:25:04","modified_gmt":"2026-02-05T13:25:04","slug":"district-70-igracka-za-macke","status":"publish","type":"product","link":"https:\/\/petshopmagelan.rs\/index.php\/product\/district-70-igracka-za-macke\/","title":{"rendered":"DISTRICT 70 &#8211; Igra\u010dka za ma\u010dke"},"content":{"rendered":"<p data-start=\"389\" data-end=\"700\"><strong data-start=\"412\" data-end=\"438\">District 70 Glory Bold<\/strong> je \u0161arena i zabavna loptica za ma\u010dke, napravljena od <strong data-start=\"492\" data-end=\"536\">ekolo\u0161kog i izdr\u017eljivog honeycomb-papira<\/strong>. Ovaj prakti\u010dan dizajn omogu\u0107ava da se izme\u0111u slojeva papira stavi poslastica ili ma\u010dja metvica, a fjeri i zvonce na vrhu dodaju dodatnu zabavu i interaktivnost.<\/p>\n<p data-start=\"702\" data-end=\"728\"><strong data-start=\"702\" data-end=\"726\">Prednosti proizvoda:<\/strong><\/p>\n<ul data-start=\"729\" data-end=\"1183\">\n<li data-start=\"729\" data-end=\"806\">\n<p data-start=\"731\" data-end=\"806\"><strong data-start=\"731\" data-end=\"758\">Zabavna i interaktivna:<\/strong> Podsti\u010de igru, lov i aktivnosti velike ma\u010dke.<\/p>\n<\/li>\n<li data-start=\"807\" data-end=\"880\">\n<p data-start=\"809\" data-end=\"880\"><strong data-start=\"809\" data-end=\"828\">Fjeri i catnip:<\/strong> Dodatno privla\u010de pa\u017enju i motivi\u0161u ma\u010dku na igru.<\/p>\n<\/li>\n<li data-start=\"881\" data-end=\"997\">\n<p data-start=\"883\" data-end=\"997\"><strong data-start=\"883\" data-end=\"918\">Ekolo\u0161ki i izdr\u017eljiv materijal:<\/strong> Napravljena od honeycomb-papira koji je prijateljski prema \u017eivotnoj sredini.<\/p>\n<\/li>\n<li data-start=\"998\" data-end=\"1094\">\n<p data-start=\"1000\" data-end=\"1094\"><strong data-start=\"1000\" data-end=\"1030\">Prikladna za velike ma\u010dke:<\/strong> Dizajnirana da bude zabavna i izdr\u017eljiva za ve\u0107e rase ma\u010daka.<\/p>\n<\/li>\n<li data-start=\"1095\" data-end=\"1183\">\n<p data-start=\"1097\" data-end=\"1183\"><strong data-start=\"1097\" data-end=\"1118\">Laka za upotrebu:<\/strong> Poslastica ili catnip se lako postavlja izme\u0111u slojeva papira.<\/p>\n<\/li>\n<\/ul>\n<p data-start=\"1185\" data-end=\"1220\"><strong data-start=\"1185\" data-end=\"1199\">Dimenzije:<\/strong> pre\u010dnik cca 7,5 cm<\/p>\n<p data-start=\"1222\" data-end=\"1399\"><strong data-start=\"1222\" data-end=\"1248\">District 70 Glory Bold<\/strong> je idealno re\u0161enje za <strong data-start=\"1271\" data-end=\"1300\">aktivne i radoznale ma\u010dke<\/strong>, pru\u017eaju\u0107i sate igre, stimulacije i zabave, dok je istovremeno <strong data-start=\"1364\" data-end=\"1396\">ekolo\u0161ki i bezbedan proizvod<\/strong>.<\/p>\n","protected":false},"excerpt":{"rendered":"<p><strong data-start=\"412\" data-end=\"438\">District 70 Glory Bold<\/strong> je \u0161arena i zabavna loptica za ma\u010dke, napravljena od <strong data-start=\"492\" data-end=\"536\">ekolo\u0161kog i izdr\u017eljivog honeycomb-papira<\/strong>. Ovaj prakti\u010dan dizajn omogu\u0107ava da se izme\u0111u slojeva papira stavi poslastica ili ma\u010dja metvica, a fjeri i zvonce na vrhu dodaju dodatnu zabavu i interaktivnost.<\/p>\n","protected":false},"featured_media":5748,"comment_status":"open","ping_status":"closed","template":"","meta":[],"product_brand":[],"product_cat":[299,302,319],"product_tag":[],"class_list":{"0":"post-5749","1":"product","2":"type-product","3":"status-publish","4":"has-post-thumbnail","6":"product_cat-macke","7":"product_cat-igracke-za-macke","8":"product_cat-grebalice-i-penjalice","11":"instock","12":"shipping-taxable","13":"purchasable","14":"product-type-simple"},"_links":{"self":[{"href":"https:\/\/petshopmagelan.rs\/index.php\/wp-json\/wp\/v2\/product\/5749","targetHints":{"allow":["GET"]}}],"collection":[{"href":"https:\/\/petshopmagelan.rs\/index.php\/wp-json\/wp\/v2\/product"}],"about":[{"href":"https:\/\/petshopmagelan.rs\/index.php\/wp-json\/wp\/v2\/types\/product"}],"replies":[{"embeddable":true,"href":"https:\/\/petshopmagelan.rs\/index.php\/wp-json\/wp\/v2\/comments?post=5749"}],"wp:featuredmedia":[{"embeddable":true,"href":"https:\/\/petshopmagelan.rs\/index.php\/wp-json\/wp\/v2\/media\/5748"}],"wp:attachment":[{"href":"https:\/\/petshopmagelan.rs\/index.php\/wp-json\/wp\/v2\/media?parent=5749"}],"wp:term":[{"taxonomy":"product_brand","embeddable":true,"href":"https:\/\/petshopmagelan.rs\/index.php\/wp-json\/wp\/v2\/product_brand?post=5749"},{"taxonomy":"product_cat","embeddable":true,"href":"https:\/\/petshopmagelan.rs\/index.php\/wp-json\/wp\/v2\/product_cat?post=5749"},{"taxonomy":"product_tag","embeddable":true,"href":"https:\/\/petshopmagelan.rs\/index.php\/wp-json\/wp\/v2\/product_tag?post=5749"}],"curies":[{"name":"wp","href":"https:\/\/api.w.org\/{rel}","templated":true}]}}