{"id":5729,"date":"2026-02-05T12:39:18","date_gmt":"2026-02-05T12:39:18","guid":{"rendered":"https:\/\/petshopmagelan.rs\/?post_type=product&#038;p=5729"},"modified":"2026-02-05T12:39:18","modified_gmt":"2026-02-05T12:39:18","slug":"kese-za-pseci-izmet-sa-kutijicom","status":"publish","type":"product","link":"https:\/\/petshopmagelan.rs\/index.php\/product\/kese-za-pseci-izmet-sa-kutijicom\/","title":{"rendered":"Kese za pse\u0107i izmet sa kutijicom"},"content":{"rendered":"<p data-start=\"325\" data-end=\"598\"><strong data-start=\"348\" data-end=\"371\">Kese za pse\u0107i izmet<\/strong> dolaze u prakti\u010dnoj <strong data-start=\"392\" data-end=\"416\">kutijici sa kesicama<\/strong>, \u0161to ih \u010dini jednostavnim za no\u0161enje i upotrebu tokom \u0161etnje ili putovanja. Svaka kesa je <strong data-start=\"507\" data-end=\"544\">izdr\u017eljiva, lagana i lako se cepa<\/strong>, omogu\u0107avaju\u0107i higijensko i brzo uklanjanje izmeta.<\/p>\n<p data-start=\"600\" data-end=\"626\"><strong data-start=\"600\" data-end=\"624\">Prednosti proizvoda:<\/strong><\/p>\n<ul data-start=\"627\" data-end=\"969\">\n<li data-start=\"627\" data-end=\"709\">\n<p data-start=\"629\" data-end=\"709\"><strong data-start=\"629\" data-end=\"653\">Prakti\u010dno pakovanje:<\/strong> Kutijica sa kesicama olak\u0161ava skladi\u0161tenje i no\u0161enje.<\/p>\n<\/li>\n<li data-start=\"710\" data-end=\"784\">\n<p data-start=\"712\" data-end=\"784\"><strong data-start=\"712\" data-end=\"739\">Jednostavno kori\u0161\u0107enje:<\/strong> Kese se lako cepaju i odvajaju po potrebi.<\/p>\n<\/li>\n<li data-start=\"785\" data-end=\"875\">\n<p data-start=\"787\" data-end=\"875\"><strong data-start=\"787\" data-end=\"813\">Izdr\u017eljive i pouzdane:<\/strong> Materijal spre\u010dava curenje i olak\u0161ava higijensko odlaganje.<\/p>\n<\/li>\n<li data-start=\"876\" data-end=\"969\">\n<p data-start=\"878\" data-end=\"969\"><strong data-start=\"878\" data-end=\"904\">Za \u0161etnje i putovanja:<\/strong> Idealne za svakodnevnu upotrebu u parku, dvori\u0161tu ili na putu.<\/p>\n<\/li>\n<\/ul>\n<p data-start=\"971\" data-end=\"1159\"><strong data-start=\"971\" data-end=\"985\">Pakovanje:<\/strong> kutijica sa kesicama (broj kesica varira po pakovanju)<br data-start=\"1040\" data-end=\"1043\" \/><strong data-start=\"1043\" data-end=\"1056\">Upotreba:<\/strong> jednostavno izvucite kesicu iz kutijice, koristite za sakupljanje izmeta i zave\u017eite prije odlaganja.<\/p>\n<p data-start=\"1161\" data-end=\"1296\"><strong data-start=\"1161\" data-end=\"1184\">Kese za pse\u0107i izmet<\/strong> su prakti\u010dno i higijensko re\u0161enje za svakog vlasnika psa koji \u017eeli <strong data-start=\"1252\" data-end=\"1293\">\u010diste \u0161etnje i lak\u0161e odlaganje izmeta<\/strong>.<\/p>\n","protected":false},"excerpt":{"rendered":"<p><strong data-start=\"138\" data-end=\"161\">Kese za pse\u0107i izmet<\/strong> u pakovanju sa <strong data-start=\"177\" data-end=\"201\">kutijicom i kesicama<\/strong> olak\u0161avaju \u010di\u0161\u0107enje iza va\u0161eg psa. Prakti\u010dne, jake i jednostavne za kori\u0161\u0107enje, idealne za <strong data-start=\"293\" data-end=\"315\">\u0161etnje i putovanja<\/strong>.<\/p>\n","protected":false},"featured_media":5730,"comment_status":"open","ping_status":"closed","template":"","meta":[],"product_brand":[],"product_cat":[374,263,287],"product_tag":[],"class_list":{"0":"post-5729","1":"product","2":"type-product","3":"status-publish","4":"has-post-thumbnail","6":"product_cat-kesice-za-izmet","7":"product_cat-psi","8":"product_cat-higijena-i-nega","11":"instock","12":"shipping-taxable","13":"purchasable","14":"product-type-simple"},"_links":{"self":[{"href":"https:\/\/petshopmagelan.rs\/index.php\/wp-json\/wp\/v2\/product\/5729","targetHints":{"allow":["GET"]}}],"collection":[{"href":"https:\/\/petshopmagelan.rs\/index.php\/wp-json\/wp\/v2\/product"}],"about":[{"href":"https:\/\/petshopmagelan.rs\/index.php\/wp-json\/wp\/v2\/types\/product"}],"replies":[{"embeddable":true,"href":"https:\/\/petshopmagelan.rs\/index.php\/wp-json\/wp\/v2\/comments?post=5729"}],"wp:featuredmedia":[{"embeddable":true,"href":"https:\/\/petshopmagelan.rs\/index.php\/wp-json\/wp\/v2\/media\/5730"}],"wp:attachment":[{"href":"https:\/\/petshopmagelan.rs\/index.php\/wp-json\/wp\/v2\/media?parent=5729"}],"wp:term":[{"taxonomy":"product_brand","embeddable":true,"href":"https:\/\/petshopmagelan.rs\/index.php\/wp-json\/wp\/v2\/product_brand?post=5729"},{"taxonomy":"product_cat","embeddable":true,"href":"https:\/\/petshopmagelan.rs\/index.php\/wp-json\/wp\/v2\/product_cat?post=5729"},{"taxonomy":"product_tag","embeddable":true,"href":"https:\/\/petshopmagelan.rs\/index.php\/wp-json\/wp\/v2\/product_tag?post=5729"}],"curies":[{"name":"wp","href":"https:\/\/api.w.org\/{rel}","templated":true}]}}