{"id":5725,"date":"2026-02-05T11:44:21","date_gmt":"2026-02-05T11:44:21","guid":{"rendered":"https:\/\/petshopmagelan.rs\/?post_type=product&#038;p=5725"},"modified":"2026-02-05T11:44:22","modified_gmt":"2026-02-05T11:44:22","slug":"pedigree-vlazna-hrana-za-odrasle-pse-mesani-izbor-4x100gr","status":"publish","type":"product","link":"https:\/\/petshopmagelan.rs\/index.php\/product\/pedigree-vlazna-hrana-za-odrasle-pse-mesani-izbor-4x100gr\/","title":{"rendered":"PEDIGREE &#8211; Vla\u017ena hrana za odrasle pse, Me\u0161ani izbor, 4x100gr"},"content":{"rendered":"<p data-start=\"403\" data-end=\"736\"><strong data-start=\"426\" data-end=\"482\">Pedigree me\u0161ani izbor \u017eivina i govedina, kesice 4kom<\/strong> je kompletna mokra hrana za <strong data-start=\"511\" data-end=\"526\">odrasle pse<\/strong>, pa\u017eljivo formulisana kako bi pru\u017eila savr\u0161en balans ukusa i hranljivih sastojaka. Svaka kesica sadr\u017ei visokokvalitetno meso, kombinaciju <strong data-start=\"665\" data-end=\"686\">\u017eivine i govedine<\/strong>, za ukusan i hranljiv obrok koji psi obo\u017eavaju.<\/p>\n<p data-start=\"738\" data-end=\"764\"><strong data-start=\"738\" data-end=\"762\">Prednosti proizvoda:<\/strong><\/p>\n<ul data-start=\"765\" data-end=\"1184\">\n<li data-start=\"765\" data-end=\"872\">\n<p data-start=\"767\" data-end=\"872\"><strong data-start=\"767\" data-end=\"795\">Ukusan i hranljiv obrok:<\/strong> Meso \u017eivine i govedine pru\u017ea proteine potrebne za energiju i mi\u0161i\u0107nu masu.<\/p>\n<\/li>\n<li data-start=\"873\" data-end=\"955\">\n<p data-start=\"875\" data-end=\"955\"><strong data-start=\"875\" data-end=\"913\">Jednostavno i prakti\u010dno pakovanje:<\/strong> Idealno za dnevne obroke ili putovanja.<\/p>\n<\/li>\n<li data-start=\"956\" data-end=\"1070\">\n<p data-start=\"958\" data-end=\"1070\"><strong data-start=\"958\" data-end=\"983\">Podr\u0161ka zdravlju psa:<\/strong> Sadr\u017ei vitamine i minerale koji doprinose <strong data-start=\"1026\" data-end=\"1067\">zdravlju ko\u017ee, dlake i imunog sistema<\/strong>.<\/p>\n<\/li>\n<li data-start=\"1071\" data-end=\"1184\">\n<p data-start=\"1073\" data-end=\"1184\"><strong data-start=\"1073\" data-end=\"1096\">Raznovrsnost ukusa:<\/strong> Me\u0161ani izbor pru\u017ea psu razli\u010dite ukuse u svakom obroku, \u010dine\u0107i ishranu zanimljivijom.<\/p>\n<\/li>\n<\/ul>\n<p data-start=\"1186\" data-end=\"1375\"><strong data-start=\"1186\" data-end=\"1200\">Pakovanje:<\/strong> 4 kesice po 100\u2013120 g (proveriti pakovanje)<br data-start=\"1244\" data-end=\"1247\" \/><strong data-start=\"1247\" data-end=\"1273\">Preporuka za upotrebu:<\/strong> Poslu\u017eiti u skladu sa uputstvom na kesici, prilagoditi koli\u010dinu u odnosu na te\u017einu i aktivnost psa.<\/p>\n<p data-start=\"1377\" data-end=\"1552\"><strong data-start=\"1377\" data-end=\"1433\">Pedigree me\u0161ani izbor \u017eivina i govedina, kesice 4kom<\/strong> je prakti\u010dan i ukusan izbor za svakodnevne obroke va\u0161eg psa, osiguravaju\u0107i mu <strong data-start=\"1512\" data-end=\"1549\">energiju, zadovoljstvo i zdravlje<\/strong>.<\/p>\n","protected":false},"excerpt":{"rendered":"<p><strong data-start=\"158\" data-end=\"214\">Pedigree me\u0161ani izbor \u017eivina i govedina, kesice 4kom<\/strong> pru\u017ea va\u0161em psu ukusnu i hranljivu kombinaciju mesa. Savr\u0161eno za <strong data-start=\"280\" data-end=\"295\">odrasle pse<\/strong>, ove kesice poma\u017eu odr\u017eavanju energije i zdravlja, uz prakti\u010dno pakovanje za svakodnevnu upotrebu.<\/p>\n","protected":false},"featured_media":5726,"comment_status":"open","ping_status":"closed","template":"","meta":[],"product_brand":[],"product_cat":[263,264,269,271],"product_tag":[],"class_list":{"0":"post-5725","1":"product","2":"type-product","3":"status-publish","4":"has-post-thumbnail","6":"product_cat-psi","7":"product_cat-hrana-za-pse","8":"product_cat-vlazna-i-konzervirana-hrana","9":"product_cat-odrasli-psi-vlazna-i-konzervirana-hrana","12":"instock","13":"shipping-taxable","14":"purchasable","15":"product-type-simple"},"_links":{"self":[{"href":"https:\/\/petshopmagelan.rs\/index.php\/wp-json\/wp\/v2\/product\/5725","targetHints":{"allow":["GET"]}}],"collection":[{"href":"https:\/\/petshopmagelan.rs\/index.php\/wp-json\/wp\/v2\/product"}],"about":[{"href":"https:\/\/petshopmagelan.rs\/index.php\/wp-json\/wp\/v2\/types\/product"}],"replies":[{"embeddable":true,"href":"https:\/\/petshopmagelan.rs\/index.php\/wp-json\/wp\/v2\/comments?post=5725"}],"wp:featuredmedia":[{"embeddable":true,"href":"https:\/\/petshopmagelan.rs\/index.php\/wp-json\/wp\/v2\/media\/5726"}],"wp:attachment":[{"href":"https:\/\/petshopmagelan.rs\/index.php\/wp-json\/wp\/v2\/media?parent=5725"}],"wp:term":[{"taxonomy":"product_brand","embeddable":true,"href":"https:\/\/petshopmagelan.rs\/index.php\/wp-json\/wp\/v2\/product_brand?post=5725"},{"taxonomy":"product_cat","embeddable":true,"href":"https:\/\/petshopmagelan.rs\/index.php\/wp-json\/wp\/v2\/product_cat?post=5725"},{"taxonomy":"product_tag","embeddable":true,"href":"https:\/\/petshopmagelan.rs\/index.php\/wp-json\/wp\/v2\/product_tag?post=5725"}],"curies":[{"name":"wp","href":"https:\/\/api.w.org\/{rel}","templated":true}]}}