{"id":5716,"date":"2026-02-05T11:31:38","date_gmt":"2026-02-05T11:31:38","guid":{"rendered":"https:\/\/petshopmagelan.rs\/?post_type=product&#038;p=5716"},"modified":"2026-02-05T11:31:38","modified_gmt":"2026-02-05T11:31:38","slug":"trixie-maltncheese-anti-hairball-pasta-za-macke-sa-sladom-sirom-i-biotinom-100gr","status":"publish","type":"product","link":"https:\/\/petshopmagelan.rs\/index.php\/product\/trixie-maltncheese-anti-hairball-pasta-za-macke-sa-sladom-sirom-i-biotinom-100gr\/","title":{"rendered":"TRIXIE Malt&#8217;n&#8217;Cheese Anti-Hairball &#8211; Pasta za ma\u010dke sa sladom, sirom i biotinom, 100gr"},"content":{"rendered":"<p data-start=\"367\" data-end=\"676\"><strong data-start=\"390\" data-end=\"421\">Malt&#8217;n&#8217;Cheese Anti-Hairball<\/strong> je ukusna pasta za ma\u010dke koja efikasno <strong data-start=\"461\" data-end=\"498\">spre\u010dava nastajanje kuglica dlake<\/strong> nastalih gutanjem dlake tokom \u010di\u0161\u0107enja. Njena posebna formula sa <strong data-start=\"564\" data-end=\"592\">sladom, sirom i biotinom<\/strong> podr\u017eava zdravu probavu i poma\u017ee odr\u017eavanju dlake va\u0161e ma\u010dke <strong data-start=\"654\" data-end=\"673\">sjajnom i mekom<\/strong>.<\/p>\n<p data-start=\"678\" data-end=\"704\"><strong data-start=\"678\" data-end=\"702\">Prednosti proizvoda:<\/strong><\/p>\n<ul data-start=\"705\" data-end=\"1093\">\n<li data-start=\"705\" data-end=\"801\">\n<p data-start=\"707\" data-end=\"801\"><strong data-start=\"707\" data-end=\"736\">Prevencija kuglica dlake:<\/strong> Podsti\u010de varenje i smanjuje formiranje kuglica dlake u \u017eelucu.<\/p>\n<\/li>\n<li data-start=\"802\" data-end=\"884\">\n<p data-start=\"804\" data-end=\"884\"><strong data-start=\"804\" data-end=\"830\">Sjajna i zdrava dlaka:<\/strong> Biotin ja\u010da strukturu dlake i pobolj\u0161ava njen sjaj.<\/p>\n<\/li>\n<li data-start=\"885\" data-end=\"979\">\n<p data-start=\"887\" data-end=\"979\"><strong data-start=\"887\" data-end=\"915\">Olak\u0161ava davanje lekova:<\/strong> Pasta se lako daje i mo\u017ee da se koristi za maskiranje lekova.<\/p>\n<\/li>\n<li data-start=\"980\" data-end=\"1093\">\n<p data-start=\"982\" data-end=\"1093\"><strong data-start=\"982\" data-end=\"1006\">Ukusna i bez \u0161e\u0107era:<\/strong> Kombinacija <strong data-start=\"1019\" data-end=\"1035\">slade i sira<\/strong> \u010dini pastu primamljivom za ma\u010dke, a bez dodatog \u0161e\u0107era.<\/p>\n<\/li>\n<\/ul>\n<p data-start=\"1095\" data-end=\"1205\"><strong data-start=\"1095\" data-end=\"1106\">Sastav:<\/strong> slad (60%), ulja i masti, mleko i mle\u010dni derivati (od \u010dega 5% sir), meso i \u017eivotinjski derivati.<\/p>\n<p data-start=\"1207\" data-end=\"1269\"><strong data-start=\"1207\" data-end=\"1221\">Pakovanje:<\/strong> 100 g<br data-start=\"1227\" data-end=\"1230\" \/><strong data-start=\"1230\" data-end=\"1242\">\u010cuvanje:<\/strong> na hladnom i suvom mestu<\/p>\n<p data-start=\"1271\" data-end=\"1458\"><strong data-start=\"1271\" data-end=\"1302\">Malt&#8217;n&#8217;Cheese Anti-Hairball<\/strong> je idealno re\u0161enje za vlasnike ma\u010daka koji \u017eele da <strong data-start=\"1354\" data-end=\"1378\">spre\u010de kuglice dlake<\/strong>, podr\u017ee zdravlje \u017eeluca i obezbede <strong data-start=\"1414\" data-end=\"1441\">sjajnu i negovanu dlaku<\/strong> svom ljubimcu.<\/p>\n","protected":false},"excerpt":{"rendered":"<p><strong data-start=\"205\" data-end=\"251\">Malt&#8217;n&#8217;Cheese Anti-Hairball pasta za ma\u010dke<\/strong> sa <strong data-start=\"255\" data-end=\"283\">sladom, sirom i biotinom<\/strong> poma\u017ee varenju, spre\u010dava kuglice dlake i \u010dini dlaku <strong data-start=\"336\" data-end=\"357\">sjajnom i zdravom<\/strong>.<\/p>\n","protected":false},"featured_media":5720,"comment_status":"open","ping_status":"closed","template":"","meta":[],"product_brand":[],"product_cat":[299,305,328],"product_tag":[],"class_list":{"0":"post-5716","1":"product","2":"type-product","3":"status-publish","4":"has-post-thumbnail","6":"product_cat-macke","7":"product_cat-zdravlje-i-suplementi-macke","8":"product_cat-suplementi-i-vitamini-zdravlje-i-suplementi-macke","11":"instock","12":"shipping-taxable","13":"purchasable","14":"product-type-simple"},"_links":{"self":[{"href":"https:\/\/petshopmagelan.rs\/index.php\/wp-json\/wp\/v2\/product\/5716","targetHints":{"allow":["GET"]}}],"collection":[{"href":"https:\/\/petshopmagelan.rs\/index.php\/wp-json\/wp\/v2\/product"}],"about":[{"href":"https:\/\/petshopmagelan.rs\/index.php\/wp-json\/wp\/v2\/types\/product"}],"replies":[{"embeddable":true,"href":"https:\/\/petshopmagelan.rs\/index.php\/wp-json\/wp\/v2\/comments?post=5716"}],"wp:featuredmedia":[{"embeddable":true,"href":"https:\/\/petshopmagelan.rs\/index.php\/wp-json\/wp\/v2\/media\/5720"}],"wp:attachment":[{"href":"https:\/\/petshopmagelan.rs\/index.php\/wp-json\/wp\/v2\/media?parent=5716"}],"wp:term":[{"taxonomy":"product_brand","embeddable":true,"href":"https:\/\/petshopmagelan.rs\/index.php\/wp-json\/wp\/v2\/product_brand?post=5716"},{"taxonomy":"product_cat","embeddable":true,"href":"https:\/\/petshopmagelan.rs\/index.php\/wp-json\/wp\/v2\/product_cat?post=5716"},{"taxonomy":"product_tag","embeddable":true,"href":"https:\/\/petshopmagelan.rs\/index.php\/wp-json\/wp\/v2\/product_tag?post=5716"}],"curies":[{"name":"wp","href":"https:\/\/api.w.org\/{rel}","templated":true}]}}