{"id":5704,"date":"2026-02-05T10:55:30","date_gmt":"2026-02-05T10:55:30","guid":{"rendered":"https:\/\/petshopmagelan.rs\/?post_type=product&#038;p=5704"},"modified":"2026-02-05T10:55:30","modified_gmt":"2026-02-05T10:55:30","slug":"gumena-loptica-za-pse-sundjer-63cm","status":"publish","type":"product","link":"https:\/\/petshopmagelan.rs\/index.php\/product\/gumena-loptica-za-pse-sundjer-63cm\/","title":{"rendered":"Gumena loptica za pse, sun\u0111er, 6,3cm"},"content":{"rendered":"<p data-start=\"71\" data-end=\"309\"><strong data-start=\"92\" data-end=\"117\">Gumena loptica za pse<\/strong> je izdr\u017eljiva i sigurna igra\u010dka koja pru\u017ea sate zabave va\u0161em ljubimcu. Namenjena je za <strong data-start=\"205\" data-end=\"235\">\u017evakanje, dono\u0161enje i igru<\/strong>, \u0161to poma\u017ee u odr\u017eavanju fizi\u010dke aktivnosti i mentalne stimulacije psa.<\/p>\n<p data-start=\"311\" data-end=\"337\"><strong data-start=\"311\" data-end=\"335\">Prednosti proizvoda:<\/strong><\/p>\n<ul data-start=\"338\" data-end=\"526\">\n<li data-start=\"338\" data-end=\"388\">\n<p data-start=\"340\" data-end=\"388\"><strong data-start=\"340\" data-end=\"364\">Izdr\u017eljiva i sigurna<\/strong> \u2013 idealna za \u017evakanje<\/p>\n<\/li>\n<li data-start=\"389\" data-end=\"430\">\n<p data-start=\"391\" data-end=\"430\">Podsti\u010de <strong data-start=\"400\" data-end=\"428\">fizi\u010dku aktivnost i igru<\/strong><\/p>\n<\/li>\n<li data-start=\"431\" data-end=\"478\">\n<p data-start=\"433\" data-end=\"478\">Poma\u017ee u <strong data-start=\"442\" data-end=\"476\">o\u010duvanju zdravlja zuba i desni<\/strong><\/p>\n<\/li>\n<li data-start=\"479\" data-end=\"526\">\n<p data-start=\"481\" data-end=\"526\">Prakti\u010dna za igru <strong data-start=\"499\" data-end=\"524\">u ku\u0107i i na otvorenom<\/strong><\/p>\n<\/li>\n<\/ul>\n<p data-start=\"528\" data-end=\"629\"><strong data-start=\"528\" data-end=\"553\">Gumena loptica za pse<\/strong> je jednostavan i zabavan na\u010din da va\u0161 pas ostane aktivan, sre\u0107an i zdrav.<\/p>\n","protected":false},"excerpt":{"rendered":"<p data-start=\"47\" data-end=\"200\"><strong data-start=\"66\" data-end=\"91\">Gumena loptica za pse<\/strong> zabavna je i izdr\u017eljiva igra\u010dka koja podsti\u010de igru i aktivnost va\u0161eg psa. Idealna za \u017evakanje i dono\u0161enje.<\/p>\n","protected":false},"featured_media":5703,"comment_status":"open","ping_status":"closed","template":"","meta":[],"product_brand":[],"product_cat":[263,274],"product_tag":[],"class_list":{"0":"post-5704","1":"product","2":"type-product","3":"status-publish","4":"has-post-thumbnail","6":"product_cat-psi","7":"product_cat-igracke-za-pse","10":"instock","11":"shipping-taxable","12":"purchasable","13":"product-type-simple"},"_links":{"self":[{"href":"https:\/\/petshopmagelan.rs\/index.php\/wp-json\/wp\/v2\/product\/5704","targetHints":{"allow":["GET"]}}],"collection":[{"href":"https:\/\/petshopmagelan.rs\/index.php\/wp-json\/wp\/v2\/product"}],"about":[{"href":"https:\/\/petshopmagelan.rs\/index.php\/wp-json\/wp\/v2\/types\/product"}],"replies":[{"embeddable":true,"href":"https:\/\/petshopmagelan.rs\/index.php\/wp-json\/wp\/v2\/comments?post=5704"}],"wp:featuredmedia":[{"embeddable":true,"href":"https:\/\/petshopmagelan.rs\/index.php\/wp-json\/wp\/v2\/media\/5703"}],"wp:attachment":[{"href":"https:\/\/petshopmagelan.rs\/index.php\/wp-json\/wp\/v2\/media?parent=5704"}],"wp:term":[{"taxonomy":"product_brand","embeddable":true,"href":"https:\/\/petshopmagelan.rs\/index.php\/wp-json\/wp\/v2\/product_brand?post=5704"},{"taxonomy":"product_cat","embeddable":true,"href":"https:\/\/petshopmagelan.rs\/index.php\/wp-json\/wp\/v2\/product_cat?post=5704"},{"taxonomy":"product_tag","embeddable":true,"href":"https:\/\/petshopmagelan.rs\/index.php\/wp-json\/wp\/v2\/product_tag?post=5704"}],"curies":[{"name":"wp","href":"https:\/\/api.w.org\/{rel}","templated":true}]}}