{"id":5688,"date":"2026-02-05T10:25:39","date_gmt":"2026-02-05T10:25:39","guid":{"rendered":"https:\/\/petshopmagelan.rs\/?post_type=product&#038;p=5688"},"modified":"2026-02-05T10:25:39","modified_gmt":"2026-02-05T10:25:39","slug":"versele-laga-oropharma-muta-vit-dodatak-ishrani-za-ptice-za-kvalitetan-rast-perja-25gr","status":"publish","type":"product","link":"https:\/\/petshopmagelan.rs\/index.php\/product\/versele-laga-oropharma-muta-vit-dodatak-ishrani-za-ptice-za-kvalitetan-rast-perja-25gr\/","title":{"rendered":"VERSELE LAGA Oropharma Muta-Vit &#8211; Dodatak ishrani za ptice za kvalitetan rast perja, 25gr"},"content":{"rendered":"<p data-start=\"453\" data-end=\"766\"><strong data-start=\"474\" data-end=\"505\">VERSELE LAGA Oropharma Muta-Vit multi-vitamin <\/strong>\u00a0je specijalna kombinacija <strong data-start=\"532\" data-end=\"570\">vitamina, aminokiselina i minerala<\/strong>, sa visokim sadr\u017eajem <strong data-start=\"593\" data-end=\"630\">sulfurnih aminokiselina i biotina<\/strong>. Ovaj suplement je namenjen pticama tokom <strong data-start=\"673\" data-end=\"691\">menjanja perja<\/strong>, jer podr\u017eava <strong data-start=\"706\" data-end=\"737\">brz i kvalitetan rast perja<\/strong>, ja\u010da perje i \u0161titi jetru.<\/p>\n<p data-start=\"768\" data-end=\"792\"><strong data-start=\"768\" data-end=\"780\">Muta-Vit<\/strong> poma\u017ee u:<\/p>\n<ul data-start=\"793\" data-end=\"916\">\n<li data-start=\"793\" data-end=\"836\">\n<p data-start=\"795\" data-end=\"836\">Podsticanju <strong data-start=\"807\" data-end=\"834\">rasta i kondicije perja<\/strong><\/p>\n<\/li>\n<li data-start=\"837\" data-end=\"858\">\n<p data-start=\"839\" data-end=\"858\">Ja\u010danju <strong data-start=\"847\" data-end=\"856\">perja<\/strong><\/p>\n<\/li>\n<li data-start=\"859\" data-end=\"916\">\n<p data-start=\"861\" data-end=\"916\">Prevenciji <strong data-start=\"872\" data-end=\"914\">stresnog ili iznenadnog opadanja perja<\/strong><\/p>\n<\/li>\n<\/ul>\n<p data-start=\"918\" data-end=\"1203\">Tokom ovog perioda ptice su izlo\u017eene stresu, pa im je potreban optimalan dodatak ishrani. Sulfurne aminokiseline su klju\u010dne za proizvodnju <strong data-start=\"1057\" data-end=\"1069\">keratina<\/strong>, glavnog gradivnog materijala za perje i ko\u017eu, dok <strong data-start=\"1121\" data-end=\"1131\">biotin<\/strong> obezbe\u0111uje kvalitetan keratin i garantuje brzu i zdravu obnovu perja.<\/p>\n<p data-start=\"1205\" data-end=\"1218\"><strong data-start=\"1205\" data-end=\"1216\">Sastav:<\/strong><\/p>\n<ul data-start=\"1219\" data-end=\"1687\">\n<li data-start=\"1219\" data-end=\"1255\">\n<p data-start=\"1221\" data-end=\"1255\">\u0160e\u0107eri, derivati biljnog porekla<\/p>\n<\/li>\n<li data-start=\"1256\" data-end=\"1687\">\n<p data-start=\"1258\" data-end=\"1687\">Nutritivni dodaci po kg: vitamin A 2.880.000 IU, vitamin D3 190.000 IU, vitamin E 19.800 mg, vitamin K3 640 mg, vitamin B1 840 mg, vitamin B2 3.350 mg, kalcijum D-pantotenat 2.300 mg, vitamin B6 1.260 mg, vitamin B12 5 mg, vitamin C 12.600 mg, niacin 16.700 mg, folna kiselina 310 mg, biotin 230 mg, L-lizin 19.200 mg, DL-metionin 28.500 mg, gvo\u017e\u0111e 2.370 mg, bakar 480 mg, mangan 4.720 mg, cink 4.260 mg, jod 94 mg, selen 19 mg<\/p>\n<\/li>\n<\/ul>\n<p data-start=\"1689\" data-end=\"1882\"><strong data-start=\"474\" data-end=\"505\">VERSELE LAGA Oropharma Muta-Vit multi-vitamin <\/strong>je idealan suplement za sve vlasnike ptica koji \u017eele da obezbede <strong data-start=\"1786\" data-end=\"1816\">zdravu i brzu obnovu perja<\/strong>, o\u010duvaju <strong data-start=\"1826\" data-end=\"1845\">vitalnost ptica<\/strong> i spre\u010de stres tokom ovog perioda.<\/p>\n","protected":false},"excerpt":{"rendered":"<p><strong data-start=\"209\" data-end=\"240\">VERSELE LAGA Oropharma Muta-Vit, multivitamin miks, <\/strong>\u00a0je specijalni suplement za ptice koji podsti\u010de <strong data-start=\"288\" data-end=\"340\">zdrav rast i kvalitet perja tokom menjanja perja<\/strong>. Ja\u010da perje, \u0161titi jetru i poma\u017ee u prevenciji stresa tokom ovog perioda. Dostupno u pakovanju od 25 g.<\/p>\n","protected":false},"featured_media":5689,"comment_status":"open","ping_status":"closed","template":"","meta":[],"product_brand":[],"product_cat":[331,338,343],"product_tag":[],"class_list":{"0":"post-5688","1":"product","2":"type-product","3":"status-publish","4":"has-post-thumbnail","6":"product_cat-ptice","7":"product_cat-zdravlje-i-nega","8":"product_cat-suplementi-i-vitamini-zdravlje-i-nega","11":"instock","12":"shipping-taxable","13":"purchasable","14":"product-type-simple"},"_links":{"self":[{"href":"https:\/\/petshopmagelan.rs\/index.php\/wp-json\/wp\/v2\/product\/5688","targetHints":{"allow":["GET"]}}],"collection":[{"href":"https:\/\/petshopmagelan.rs\/index.php\/wp-json\/wp\/v2\/product"}],"about":[{"href":"https:\/\/petshopmagelan.rs\/index.php\/wp-json\/wp\/v2\/types\/product"}],"replies":[{"embeddable":true,"href":"https:\/\/petshopmagelan.rs\/index.php\/wp-json\/wp\/v2\/comments?post=5688"}],"wp:featuredmedia":[{"embeddable":true,"href":"https:\/\/petshopmagelan.rs\/index.php\/wp-json\/wp\/v2\/media\/5689"}],"wp:attachment":[{"href":"https:\/\/petshopmagelan.rs\/index.php\/wp-json\/wp\/v2\/media?parent=5688"}],"wp:term":[{"taxonomy":"product_brand","embeddable":true,"href":"https:\/\/petshopmagelan.rs\/index.php\/wp-json\/wp\/v2\/product_brand?post=5688"},{"taxonomy":"product_cat","embeddable":true,"href":"https:\/\/petshopmagelan.rs\/index.php\/wp-json\/wp\/v2\/product_cat?post=5688"},{"taxonomy":"product_tag","embeddable":true,"href":"https:\/\/petshopmagelan.rs\/index.php\/wp-json\/wp\/v2\/product_tag?post=5688"}],"curies":[{"name":"wp","href":"https:\/\/api.w.org\/{rel}","templated":true}]}}