{"id":5686,"date":"2026-02-05T10:20:22","date_gmt":"2026-02-05T10:20:22","guid":{"rendered":"https:\/\/petshopmagelan.rs\/?post_type=product&#038;p=5686"},"modified":"2026-02-05T10:20:22","modified_gmt":"2026-02-05T10:20:22","slug":"versele-laga-oropharma-ferti-vit-dodatah-ishrani-za-plodnost-i-vitalnost-ptica-25gr","status":"publish","type":"product","link":"https:\/\/petshopmagelan.rs\/index.php\/product\/versele-laga-oropharma-ferti-vit-dodatah-ishrani-za-plodnost-i-vitalnost-ptica-25gr\/","title":{"rendered":"VERSELE LAGA Oropharma Ferti Vit &#8211; Dodatah ishrani za plodnost i vitalnost ptica, 25gr"},"content":{"rendered":"<p data-start=\"387\" data-end=\"748\"><strong data-start=\"408\" data-end=\"440\">Multi-vitamin miks Ferti-Vit<\/strong> je pa\u017eljivo balansirana kombinacija <strong data-start=\"477\" data-end=\"515\">vitamina, aminokiselina i minerala<\/strong>, oboga\u0107ena <strong data-start=\"527\" data-end=\"542\">vitaminom E<\/strong>, poznatim i kao vitaminom plodnosti. Ovaj suplement je namenjen pticama tokom pripreme za sezonu parenja, kod kanarinaca i egzoti\u010dnih ptica, kao i u slu\u010dajevima problema sa polaganjem jaja ili plodno\u0161\u0107u.<\/p>\n<p data-start=\"750\" data-end=\"785\">Redovnom upotrebom <strong data-start=\"769\" data-end=\"782\">Ferti-Vit<\/strong>:<\/p>\n<ul data-start=\"786\" data-end=\"977\">\n<li data-start=\"786\" data-end=\"829\">\n<p data-start=\"788\" data-end=\"829\">Podsti\u010de <strong data-start=\"797\" data-end=\"827\">seksualni nagon i plodnost<\/strong><\/p>\n<\/li>\n<li data-start=\"830\" data-end=\"879\">\n<p data-start=\"832\" data-end=\"879\">Pove\u0107ava <strong data-start=\"841\" data-end=\"877\">otpornost na infekcije i bolesti<\/strong><\/p>\n<\/li>\n<li data-start=\"880\" data-end=\"926\">\n<p data-start=\"882\" data-end=\"926\">Poma\u017ee u za\u0161titi <strong data-start=\"899\" data-end=\"924\">srca i mi\u0161i\u0107nog tkiva<\/strong><\/p>\n<\/li>\n<li data-start=\"927\" data-end=\"977\">\n<p data-start=\"929\" data-end=\"977\">Optimizuje zdravlje ptica tokom sezone parenja<\/p>\n<\/li>\n<\/ul>\n<p data-start=\"979\" data-end=\"992\"><strong data-start=\"979\" data-end=\"990\">Sastav:<\/strong><\/p>\n<ul data-start=\"993\" data-end=\"1460\">\n<li data-start=\"993\" data-end=\"1029\">\n<p data-start=\"995\" data-end=\"1029\">\u0160e\u0107eri, derivati biljnog porekla<\/p>\n<\/li>\n<li data-start=\"1030\" data-end=\"1460\">\n<p data-start=\"1032\" data-end=\"1460\">Nutritivni dodaci po kg: vitamin A 2.750.000 IU, vitamin D3 182.000 IU, vitamin E 46.100 mg, vitamin K3 610 mg, vitamin B1 800 mg, vitamin B2 3.200 mg, kalcijum D-pantotenat 2.200 mg, vitamin B6 1.200 mg, vitamin B12 5 mg, vitamin C 12.000 mg, niacin 16.000 mg, folna kiselina 300 mg, biotin 30 mg, L-lizin 18.300 mg, DL-metionin 27.400 mg, gvo\u017e\u0111e 2.260 mg, bakar 450 mg, mangan 4.500 mg, cink 4.070 mg, jod 90 mg, selen 18 mg<\/p>\n<\/li>\n<\/ul>\n<p data-start=\"1462\" data-end=\"1653\"><strong data-start=\"1462\" data-end=\"1494\">Multi-vitamin miks Ferti-Vit<\/strong> je odli\u010dan izbor za sve vlasnike ptica koji \u017eele da unaprede <strong data-start=\"1556\" data-end=\"1568\">plodnost<\/strong>, podr\u017ee <strong data-start=\"1577\" data-end=\"1590\">vitalnost<\/strong> i o\u010duvaju <strong data-start=\"1601\" data-end=\"1619\">zdravlje ptica<\/strong> tokom parenja i polaganja jaja.<\/p>\n","protected":false},"excerpt":{"rendered":"<p><strong data-start=\"143\" data-end=\"175\">Multi-vitamin miks Ferti-Vit<\/strong> za bolju <strong data-start=\"185\" data-end=\"215\">plodnost i vitalnost ptica<\/strong>. Podr\u017eava seksualni nagon, plodnost i otpornost na bolesti. Idealno za pripremu za sezonu parenja i kod problema sa polaganjem jaja. Dostupno u pakovanju od 25 g.<\/p>\n","protected":false},"featured_media":5687,"comment_status":"open","ping_status":"closed","template":"","meta":[],"product_brand":[],"product_cat":[331,338,343],"product_tag":[],"class_list":{"0":"post-5686","1":"product","2":"type-product","3":"status-publish","4":"has-post-thumbnail","6":"product_cat-ptice","7":"product_cat-zdravlje-i-nega","8":"product_cat-suplementi-i-vitamini-zdravlje-i-nega","11":"instock","12":"shipping-taxable","13":"purchasable","14":"product-type-simple"},"_links":{"self":[{"href":"https:\/\/petshopmagelan.rs\/index.php\/wp-json\/wp\/v2\/product\/5686","targetHints":{"allow":["GET"]}}],"collection":[{"href":"https:\/\/petshopmagelan.rs\/index.php\/wp-json\/wp\/v2\/product"}],"about":[{"href":"https:\/\/petshopmagelan.rs\/index.php\/wp-json\/wp\/v2\/types\/product"}],"replies":[{"embeddable":true,"href":"https:\/\/petshopmagelan.rs\/index.php\/wp-json\/wp\/v2\/comments?post=5686"}],"wp:featuredmedia":[{"embeddable":true,"href":"https:\/\/petshopmagelan.rs\/index.php\/wp-json\/wp\/v2\/media\/5687"}],"wp:attachment":[{"href":"https:\/\/petshopmagelan.rs\/index.php\/wp-json\/wp\/v2\/media?parent=5686"}],"wp:term":[{"taxonomy":"product_brand","embeddable":true,"href":"https:\/\/petshopmagelan.rs\/index.php\/wp-json\/wp\/v2\/product_brand?post=5686"},{"taxonomy":"product_cat","embeddable":true,"href":"https:\/\/petshopmagelan.rs\/index.php\/wp-json\/wp\/v2\/product_cat?post=5686"},{"taxonomy":"product_tag","embeddable":true,"href":"https:\/\/petshopmagelan.rs\/index.php\/wp-json\/wp\/v2\/product_tag?post=5686"}],"curies":[{"name":"wp","href":"https:\/\/api.w.org\/{rel}","templated":true}]}}