{"id":5684,"date":"2026-02-05T10:17:53","date_gmt":"2026-02-05T10:17:53","guid":{"rendered":"https:\/\/petshopmagelan.rs\/?post_type=product&#038;p=5684"},"modified":"2026-02-05T10:17:53","modified_gmt":"2026-02-05T10:17:53","slug":"versele-laga-oropharma-c-vit-vitamin-c-za-zamorce-50ml","status":"publish","type":"product","link":"https:\/\/petshopmagelan.rs\/index.php\/product\/versele-laga-oropharma-c-vit-vitamin-c-za-zamorce-50ml\/","title":{"rendered":"VERSELE LAGA Oropharma C Vit &#8211; Vitamin C za zamorce, 50ml"},"content":{"rendered":"<p data-start=\"387\" data-end=\"818\"><strong data-start=\"408\" data-end=\"464\">Multi-vitamin miks sa dodatkom vitamina C za zamorce<\/strong> je posebno razvijen za zamorce, jer oni sami ne mogu sintetisati vitamin C, koji je klju\u010dan za njihovo zdravlje i otpornost. Dodatak L-karnitina poma\u017ee u odr\u017eavanju optimalne telesne te\u017eine i podr\u017eava zdrav metabolizam. Redovnom upotrebom, ovaj suplement ja\u010da prirodni imunitet, pobolj\u0161ava op\u0161te stanje organizma i doprinosi vitalnosti va\u0161eg ljubimca.<\/p>\n<p data-start=\"820\" data-end=\"846\"><strong data-start=\"820\" data-end=\"844\">Prednosti proizvoda:<\/strong><\/p>\n<ul data-start=\"847\" data-end=\"1043\">\n<li data-start=\"847\" data-end=\"888\">\n<p data-start=\"849\" data-end=\"888\">Sadr\u017ei vitamin C neophodan za zamorce<\/p>\n<\/li>\n<li data-start=\"889\" data-end=\"950\">\n<p data-start=\"891\" data-end=\"950\">Poma\u017ee u kontroli telesne te\u017eine zahvaljuju\u0107i L-karnitinu<\/p>\n<\/li>\n<li data-start=\"951\" data-end=\"989\">\n<p data-start=\"953\" data-end=\"989\">Podr\u017eava imunitet i op\u0161te zdravlje<\/p>\n<\/li>\n<li data-start=\"990\" data-end=\"1043\">\n<p data-start=\"992\" data-end=\"1043\">Jednostavno doziranje i prakti\u010dna bo\u010dica od 50 ml<\/p>\n<\/li>\n<\/ul>\n<p data-start=\"1045\" data-end=\"1058\"><strong data-start=\"1045\" data-end=\"1056\">Sastav:<\/strong><\/p>\n<ul data-start=\"1059\" data-end=\"1370\">\n<li data-start=\"1059\" data-end=\"1087\">\n<p data-start=\"1061\" data-end=\"1087\">Dextroza, te\u010dni sorbitol<\/p>\n<\/li>\n<li data-start=\"1088\" data-end=\"1370\">\n<p data-start=\"1090\" data-end=\"1370\">Nutritivni dodaci po kg: vitamin C 88689 mg, vitamin A 3904961 IU, vitamin D3 177377 IU, vitamin E 4520 mg, B1 316 mg, B2 399 mg, D-pantotenska kiselina 355 mg, B6 438 mg, vitamin K 111 mg, vitamin PP 177 mg, folna kiselina 177 mg, biotin 35 mg, B12 0,044 mg, L-karnitin 6093 mg<\/p>\n<\/li>\n<\/ul>\n<p data-start=\"1372\" data-end=\"1543\"><strong data-start=\"1372\" data-end=\"1428\">Multi-vitamin miks sa dodatkom vitamina C za zamorce<\/strong> je idealan izbor za sve vlasnike koji \u017eele da svom ljubimcu pru\u017ee optimalnu brigu i vitalnost na prirodan na\u010din.<\/p>\n","protected":false},"excerpt":{"rendered":"<p><strong data-start=\"197\" data-end=\"253\">Multi-vitamin miks sa dodatkom vitamina C za zamorce<\/strong> podr\u017eava zdravlje, prirodni imunitet i kontrolu telesne te\u017eine. Idealno za svakodnevnu upotrebu. Dostupno u bo\u010dici od 50 ml.<\/p>\n","protected":false},"featured_media":5685,"comment_status":"open","ping_status":"closed","template":"","meta":[],"product_brand":[],"product_cat":[333,365],"product_tag":[],"class_list":{"0":"post-5684","1":"product","2":"type-product","3":"status-publish","4":"has-post-thumbnail","6":"product_cat-glodari","7":"product_cat-zdravlje-i-suplementi-glodari","10":"instock","11":"shipping-taxable","12":"purchasable","13":"product-type-simple"},"_links":{"self":[{"href":"https:\/\/petshopmagelan.rs\/index.php\/wp-json\/wp\/v2\/product\/5684","targetHints":{"allow":["GET"]}}],"collection":[{"href":"https:\/\/petshopmagelan.rs\/index.php\/wp-json\/wp\/v2\/product"}],"about":[{"href":"https:\/\/petshopmagelan.rs\/index.php\/wp-json\/wp\/v2\/types\/product"}],"replies":[{"embeddable":true,"href":"https:\/\/petshopmagelan.rs\/index.php\/wp-json\/wp\/v2\/comments?post=5684"}],"wp:featuredmedia":[{"embeddable":true,"href":"https:\/\/petshopmagelan.rs\/index.php\/wp-json\/wp\/v2\/media\/5685"}],"wp:attachment":[{"href":"https:\/\/petshopmagelan.rs\/index.php\/wp-json\/wp\/v2\/media?parent=5684"}],"wp:term":[{"taxonomy":"product_brand","embeddable":true,"href":"https:\/\/petshopmagelan.rs\/index.php\/wp-json\/wp\/v2\/product_brand?post=5684"},{"taxonomy":"product_cat","embeddable":true,"href":"https:\/\/petshopmagelan.rs\/index.php\/wp-json\/wp\/v2\/product_cat?post=5684"},{"taxonomy":"product_tag","embeddable":true,"href":"https:\/\/petshopmagelan.rs\/index.php\/wp-json\/wp\/v2\/product_tag?post=5684"}],"curies":[{"name":"wp","href":"https:\/\/api.w.org\/{rel}","templated":true}]}}