{"id":5682,"date":"2026-02-05T10:11:59","date_gmt":"2026-02-05T10:11:59","guid":{"rendered":"https:\/\/petshopmagelan.rs\/?post_type=product&#038;p=5682"},"modified":"2026-02-05T10:11:59","modified_gmt":"2026-02-05T10:11:59","slug":"versele-laga-oropharma-opti-vit-dodatak-ishrani-za-glodare-i-zeceve-multi-vitamin-50ml","status":"publish","type":"product","link":"https:\/\/petshopmagelan.rs\/index.php\/product\/versele-laga-oropharma-opti-vit-dodatak-ishrani-za-glodare-i-zeceve-multi-vitamin-50ml\/","title":{"rendered":"VERSELE LAGA Oropharma Opti Vit &#8211; Dodatak ishrani za glodare i ze\u010deve, Multi vitamin, 50ml"},"content":{"rendered":"<p data-start=\"403\" data-end=\"786\"><strong data-start=\"403\" data-end=\"434\">Oropharma Multi-vitamin mix<\/strong> je <strong data-start=\"438\" data-end=\"498\">te\u010dni dodatak ishrani namenjen svim glodarima i ze\u010devima<\/strong>, koji pru\u017ea kompletan spektar hranljivih materija neophodnih za zdrav \u017eivot i vitalnost. Sadr\u017ei <strong data-start=\"595\" data-end=\"623\">14 esencijalnih vitamina<\/strong>, uklju\u010duju\u0107i vitamine A, D3, E, C i B kompleks, koji doprinose normalnom rastu, zdravlju ko\u017ee i krzna, pravilnom metabolizmu i optimalnoj funkciji imunog sistema.<\/p>\n<p data-start=\"788\" data-end=\"998\">Dodati <strong data-start=\"795\" data-end=\"809\">L-karnitin<\/strong> poma\u017ee u odr\u017eavanju telesne te\u017eine, posebno kod ljubimaca sa sklono\u0161\u0107u ka gojenju ili smanjenoj aktivnosti. Dodatak je te\u010dan, \u0161to omogu\u0107ava lako doziranje i me\u0161anje sa svakodnevnom hranom.<\/p>\n<p data-start=\"1000\" data-end=\"1024\"><strong data-start=\"1000\" data-end=\"1024\">Prednosti proizvoda:<\/strong><\/p>\n<ul data-start=\"1025\" data-end=\"1300\">\n<li data-start=\"1025\" data-end=\"1089\">\n<p data-start=\"1027\" data-end=\"1089\">Sadr\u017ei 14 esencijalnih vitamina za potpuni nutritivni balans<\/p>\n<\/li>\n<li data-start=\"1090\" data-end=\"1129\">\n<p data-start=\"1092\" data-end=\"1129\">Podr\u017eava op\u0161te zdravlje i vitalnost<\/p>\n<\/li>\n<li data-start=\"1130\" data-end=\"1168\">\n<p data-start=\"1132\" data-end=\"1168\">Ja\u010da prirodnu otpornost i imunitet<\/p>\n<\/li>\n<li data-start=\"1169\" data-end=\"1216\">\n<p data-start=\"1171\" data-end=\"1216\">L-karnitin poma\u017ee u kontroli telesne te\u017eine<\/p>\n<\/li>\n<li data-start=\"1217\" data-end=\"1252\">\n<p data-start=\"1219\" data-end=\"1252\">Pogodan za sve glodare i ze\u010deve<\/p>\n<\/li>\n<li data-start=\"1253\" data-end=\"1300\">\n<p data-start=\"1255\" data-end=\"1300\">Jednostavan za upotrebu i dodavanje u hranu<\/p>\n<\/li>\n<\/ul>\n<p data-start=\"1302\" data-end=\"1313\"><strong data-start=\"1302\" data-end=\"1313\">Sastav:<\/strong><\/p>\n<ul data-start=\"1314\" data-end=\"1345\">\n<li data-start=\"1314\" data-end=\"1326\">\n<p data-start=\"1316\" data-end=\"1326\">Dextroza<\/p>\n<\/li>\n<li data-start=\"1327\" data-end=\"1345\">\n<p data-start=\"1329\" data-end=\"1345\">Te\u010dni sorbitol<\/p>\n<\/li>\n<\/ul>\n<p data-start=\"1347\" data-end=\"1364\"><strong data-start=\"1347\" data-end=\"1364\">Dodaci po kg:<\/strong><\/p>\n<ul data-start=\"1365\" data-end=\"1772\">\n<li data-start=\"1365\" data-end=\"1399\">\n<p data-start=\"1367\" data-end=\"1399\">Vitamin A (E672): 1.030.000 IU<\/p>\n<\/li>\n<li data-start=\"1400\" data-end=\"1432\">\n<p data-start=\"1402\" data-end=\"1432\">Vitamin D3 (E671): 93.210 IU<\/p>\n<\/li>\n<li data-start=\"1433\" data-end=\"1464\">\n<p data-start=\"1435\" data-end=\"1464\">Vitamin E (3a700): 2.520 mg<\/p>\n<\/li>\n<li data-start=\"1465\" data-end=\"1486\">\n<p data-start=\"1467\" data-end=\"1486\">Holin: 186.100 mg<\/p>\n<\/li>\n<li data-start=\"1487\" data-end=\"1511\">\n<p data-start=\"1489\" data-end=\"1511\">Vitamin B1: 1.865 mg<\/p>\n<\/li>\n<li data-start=\"1512\" data-end=\"1536\">\n<p data-start=\"1514\" data-end=\"1536\">Vitamin B2: 1.400 mg<\/p>\n<\/li>\n<li data-start=\"1537\" data-end=\"1568\">\n<p data-start=\"1539\" data-end=\"1568\">Vitamin C (E300): 18.650 mg<\/p>\n<\/li>\n<li data-start=\"1569\" data-end=\"1603\">\n<p data-start=\"1571\" data-end=\"1603\">D-pantotenska kiselina: 930 mg<\/p>\n<\/li>\n<li data-start=\"1604\" data-end=\"1628\">\n<p data-start=\"1606\" data-end=\"1628\">Vitamin B6: 1.300 mg<\/p>\n<\/li>\n<li data-start=\"1629\" data-end=\"1652\">\n<p data-start=\"1631\" data-end=\"1652\">Vitamin K: 1.400 mg<\/p>\n<\/li>\n<li data-start=\"1653\" data-end=\"1678\">\n<p data-start=\"1655\" data-end=\"1678\">Nikotinamid: 1.400 mg<\/p>\n<\/li>\n<li data-start=\"1679\" data-end=\"1705\">\n<p data-start=\"1681\" data-end=\"1705\">Folna kiselina: 185 mg<\/p>\n<\/li>\n<li data-start=\"1706\" data-end=\"1723\">\n<p data-start=\"1708\" data-end=\"1723\">Biotin: 19 mg<\/p>\n<\/li>\n<li data-start=\"1724\" data-end=\"1747\">\n<p data-start=\"1726\" data-end=\"1747\">Vitamin B12: 4,7 mg<\/p>\n<\/li>\n<li data-start=\"1748\" data-end=\"1772\">\n<p data-start=\"1750\" data-end=\"1772\">L-karnitin: 6.400 mg<\/p>\n<\/li>\n<\/ul>\n<p data-start=\"1774\" data-end=\"1788\"><strong data-start=\"1774\" data-end=\"1788\">Pakovanje:<\/strong><\/p>\n<ul data-start=\"1789\" data-end=\"1832\">\n<li data-start=\"1789\" data-end=\"1809\">\n<p data-start=\"1791\" data-end=\"1809\">Zapremina: 50 ml<\/p>\n<\/li>\n<\/ul>\n","protected":false},"excerpt":{"rendered":"<p data-start=\"159\" data-end=\"367\"><strong data-start=\"159\" data-end=\"190\">Oropharma Multi-vitamin mix<\/strong> je dodatak ishrani za glodare i ze\u010deve, bogat sa 14 esencijalnih vitamina i L-karnitinom. Podr\u017eava op\u0161te zdravlje, ja\u010da imunitet i poma\u017ee u odr\u017eavanju optimalne telesne te\u017eine.<\/p>\n","protected":false},"featured_media":5683,"comment_status":"open","ping_status":"closed","template":"","meta":[],"product_brand":[],"product_cat":[333,365],"product_tag":[],"class_list":{"0":"post-5682","1":"product","2":"type-product","3":"status-publish","4":"has-post-thumbnail","6":"product_cat-glodari","7":"product_cat-zdravlje-i-suplementi-glodari","10":"instock","11":"shipping-taxable","12":"purchasable","13":"product-type-simple"},"_links":{"self":[{"href":"https:\/\/petshopmagelan.rs\/index.php\/wp-json\/wp\/v2\/product\/5682","targetHints":{"allow":["GET"]}}],"collection":[{"href":"https:\/\/petshopmagelan.rs\/index.php\/wp-json\/wp\/v2\/product"}],"about":[{"href":"https:\/\/petshopmagelan.rs\/index.php\/wp-json\/wp\/v2\/types\/product"}],"replies":[{"embeddable":true,"href":"https:\/\/petshopmagelan.rs\/index.php\/wp-json\/wp\/v2\/comments?post=5682"}],"wp:featuredmedia":[{"embeddable":true,"href":"https:\/\/petshopmagelan.rs\/index.php\/wp-json\/wp\/v2\/media\/5683"}],"wp:attachment":[{"href":"https:\/\/petshopmagelan.rs\/index.php\/wp-json\/wp\/v2\/media?parent=5682"}],"wp:term":[{"taxonomy":"product_brand","embeddable":true,"href":"https:\/\/petshopmagelan.rs\/index.php\/wp-json\/wp\/v2\/product_brand?post=5682"},{"taxonomy":"product_cat","embeddable":true,"href":"https:\/\/petshopmagelan.rs\/index.php\/wp-json\/wp\/v2\/product_cat?post=5682"},{"taxonomy":"product_tag","embeddable":true,"href":"https:\/\/petshopmagelan.rs\/index.php\/wp-json\/wp\/v2\/product_tag?post=5682"}],"curies":[{"name":"wp","href":"https:\/\/api.w.org\/{rel}","templated":true}]}}