{"id":5680,"date":"2026-02-05T10:08:18","date_gmt":"2026-02-05T10:08:18","guid":{"rendered":"https:\/\/petshopmagelan.rs\/?post_type=product&#038;p=5680"},"modified":"2026-02-05T10:08:18","modified_gmt":"2026-02-05T10:08:18","slug":"versele-laga-oropharma-opti-digest-dodatak-ishrani-za-zdravu-crevnu-floru-250gr","status":"publish","type":"product","link":"https:\/\/petshopmagelan.rs\/index.php\/product\/versele-laga-oropharma-opti-digest-dodatak-ishrani-za-zdravu-crevnu-floru-250gr\/","title":{"rendered":"VERSELE LAGA Oropharma Opti Digest &#8211; Dodatak ishrani za zdravu crevnu floru, 250gr"},"content":{"rendered":"<p data-start=\"370\" data-end=\"661\"><strong data-start=\"370\" data-end=\"395\">Oropharma Opti Digest<\/strong> je efikasan <strong data-start=\"408\" data-end=\"467\">dodatak ishrani za pobolj\u0161anje varenja i zdravlja creva<\/strong>, posebno preporu\u010den u slu\u010dajevima <strong data-start=\"502\" data-end=\"532\">meke ili neredovne stolice<\/strong>. Njegova napredna formula poma\u017ee u uspostavljanju pravilne funkcije digestivnog sistema i vra\u0107anju normalne ravnote\u017ee u crevima.<\/p>\n<p data-start=\"663\" data-end=\"1010\">Jedinstvena kombinacija <strong data-start=\"687\" data-end=\"727\">prirodnih minerala koji vezuju vlagu<\/strong> i <strong data-start=\"730\" data-end=\"767\">rastvorljivih dijetetskih vlakana<\/strong> ima regulativno dejstvo na varenje i doprinosi formiranju \u010dvr\u0161\u0107e, pravilne stolice. Dodatak <strong data-start=\"860\" data-end=\"887\">prebiotika i probiotika<\/strong> (FOS i MOS) podsti\u010de rast korisnih bakterija i ja\u010da crevnu floru, \u0161to je klju\u010dno za dugoro\u010dno zdravlje digestivnog trakta.<\/p>\n<p data-start=\"1012\" data-end=\"1211\">Opti Digest je veoma efikasan u <strong data-start=\"1044\" data-end=\"1088\">ponovnom uspostavljanju normalne probave<\/strong>, a mo\u017ee se koristiti i preventivno kod osetljivih ljubimaca ili u stresnim periodima (promena hrane, putovanja, terapije).<\/p>\n<p data-start=\"1213\" data-end=\"1237\"><strong data-start=\"1213\" data-end=\"1237\">Prednosti proizvoda:<\/strong><\/p>\n<ul data-start=\"1238\" data-end=\"1480\">\n<li data-start=\"1238\" data-end=\"1270\">\n<p data-start=\"1240\" data-end=\"1270\">Reguli\u0161e varenje i rad creva<\/p>\n<\/li>\n<li data-start=\"1271\" data-end=\"1312\">\n<p data-start=\"1273\" data-end=\"1312\">Poma\u017ee kod meke i neformirane stolice<\/p>\n<\/li>\n<li data-start=\"1313\" data-end=\"1345\">\n<p data-start=\"1315\" data-end=\"1345\">Podsti\u010de zdravu crevnu floru<\/p>\n<\/li>\n<li data-start=\"1346\" data-end=\"1390\">\n<p data-start=\"1348\" data-end=\"1390\">Kombinacija prirodnih minerala i vlakana<\/p>\n<\/li>\n<li data-start=\"1391\" data-end=\"1437\">\n<p data-start=\"1393\" data-end=\"1437\">Sadr\u017ei prebiotike i probiotike (FOS i MOS)<\/p>\n<\/li>\n<li data-start=\"1438\" data-end=\"1480\">\n<p data-start=\"1440\" data-end=\"1480\">Brzo i efikasno vra\u0107a normalnu probavu<\/p>\n<\/li>\n<\/ul>\n<p data-start=\"1482\" data-end=\"1493\"><strong data-start=\"1482\" data-end=\"1493\">Sastav:<\/strong><\/p>\n<ul data-start=\"1494\" data-end=\"1652\">\n<li data-start=\"1494\" data-end=\"1519\">\n<p data-start=\"1496\" data-end=\"1519\">Montmorilonitna glina<\/p>\n<\/li>\n<li data-start=\"1520\" data-end=\"1532\">\n<p data-start=\"1522\" data-end=\"1532\">Psilijum<\/p>\n<\/li>\n<li data-start=\"1533\" data-end=\"1565\">\n<p data-start=\"1535\" data-end=\"1565\">Hidrolizovani pile\u0107i protein<\/p>\n<\/li>\n<li data-start=\"1566\" data-end=\"1591\">\n<p data-start=\"1568\" data-end=\"1591\">Su\u0161eni plodovi roga\u010da<\/p>\n<\/li>\n<li data-start=\"1592\" data-end=\"1622\">\n<p data-start=\"1594\" data-end=\"1622\">Frukto-oligosaharidi (FOS)<\/p>\n<\/li>\n<li data-start=\"1623\" data-end=\"1652\">\n<p data-start=\"1625\" data-end=\"1652\">Manan-oligosaharidi (MOS)<\/p>\n<\/li>\n<\/ul>\n<p data-start=\"1654\" data-end=\"1676\"><strong data-start=\"1654\" data-end=\"1676\">Analiti\u010dki sastav:<\/strong><\/p>\n<ul data-start=\"1677\" data-end=\"1752\">\n<li data-start=\"1677\" data-end=\"1695\">\n<p data-start=\"1679\" data-end=\"1695\">Proteini: 5,9%<\/p>\n<\/li>\n<li data-start=\"1696\" data-end=\"1711\">\n<p data-start=\"1698\" data-end=\"1711\">Masti: 0,1%<\/p>\n<\/li>\n<li data-start=\"1712\" data-end=\"1735\">\n<p data-start=\"1714\" data-end=\"1735\">Sirova vlakna: 3,5%<\/p>\n<\/li>\n<li data-start=\"1736\" data-end=\"1752\">\n<p data-start=\"1738\" data-end=\"1752\">Pepeo: 39,4%<\/p>\n<\/li>\n<\/ul>\n<p data-start=\"1754\" data-end=\"1768\"><strong data-start=\"1754\" data-end=\"1768\">Pakovanje:<\/strong><\/p>\n<ul data-start=\"1769\" data-end=\"1793\">\n<li data-start=\"1769\" data-end=\"1793\">\n<p data-start=\"1771\" data-end=\"1793\">Neto koli\u010dina: 250 g<\/p>\n<\/li>\n<\/ul>\n","protected":false},"excerpt":{"rendered":"<p><strong data-start=\"133\" data-end=\"158\">Oropharma Opti Digest<\/strong> je dodatak ishrani za pravilno funkcionisanje digestivnog sistema kod ku\u0107nih ljubimaca. Namenjen je regulisanju varenja i u\u010dvr\u0161\u0107ivanju stolice, uz podr\u0161ku zdrave crevne flore.<\/p>\n","protected":false},"featured_media":5681,"comment_status":"open","ping_status":"closed","template":"","meta":[],"product_brand":[],"product_cat":[263,286,296],"product_tag":[],"class_list":{"0":"post-5680","1":"product","2":"type-product","3":"status-publish","4":"has-post-thumbnail","6":"product_cat-psi","7":"product_cat-zdravlje-i-suplementi","8":"product_cat-suplementi-i-vitamini","11":"instock","12":"shipping-taxable","13":"purchasable","14":"product-type-simple"},"_links":{"self":[{"href":"https:\/\/petshopmagelan.rs\/index.php\/wp-json\/wp\/v2\/product\/5680","targetHints":{"allow":["GET"]}}],"collection":[{"href":"https:\/\/petshopmagelan.rs\/index.php\/wp-json\/wp\/v2\/product"}],"about":[{"href":"https:\/\/petshopmagelan.rs\/index.php\/wp-json\/wp\/v2\/types\/product"}],"replies":[{"embeddable":true,"href":"https:\/\/petshopmagelan.rs\/index.php\/wp-json\/wp\/v2\/comments?post=5680"}],"wp:featuredmedia":[{"embeddable":true,"href":"https:\/\/petshopmagelan.rs\/index.php\/wp-json\/wp\/v2\/media\/5681"}],"wp:attachment":[{"href":"https:\/\/petshopmagelan.rs\/index.php\/wp-json\/wp\/v2\/media?parent=5680"}],"wp:term":[{"taxonomy":"product_brand","embeddable":true,"href":"https:\/\/petshopmagelan.rs\/index.php\/wp-json\/wp\/v2\/product_brand?post=5680"},{"taxonomy":"product_cat","embeddable":true,"href":"https:\/\/petshopmagelan.rs\/index.php\/wp-json\/wp\/v2\/product_cat?post=5680"},{"taxonomy":"product_tag","embeddable":true,"href":"https:\/\/petshopmagelan.rs\/index.php\/wp-json\/wp\/v2\/product_tag?post=5680"}],"curies":[{"name":"wp","href":"https:\/\/api.w.org\/{rel}","templated":true}]}}