{"id":5676,"date":"2026-02-05T10:02:30","date_gmt":"2026-02-05T10:02:30","guid":{"rendered":"https:\/\/petshopmagelan.rs\/?post_type=product&#038;p=5676"},"modified":"2026-02-05T10:02:30","modified_gmt":"2026-02-05T10:02:30","slug":"versele-laga-oropharma-opti-joint-dodatak-ishrani-za-ocuvanje-zglobova-kod-pasa-700gr","status":"publish","type":"product","link":"https:\/\/petshopmagelan.rs\/index.php\/product\/versele-laga-oropharma-opti-joint-dodatak-ishrani-za-ocuvanje-zglobova-kod-pasa-700gr\/","title":{"rendered":"VERSELE LAGA Oropharma Opti Joint &#8211; Dodatak ishrani za o\u010duvanje zglobova kod pasa, 700gr"},"content":{"rendered":"<p data-start=\"389\" data-end=\"658\"><strong data-start=\"389\" data-end=\"413\">Oropharma Opti Joint<\/strong> je visokokvalitetni <strong data-start=\"434\" data-end=\"509\">dodatak ishrani za o\u010duvanje pokretljivosti i zdravlja zglobova kod pasa<\/strong>. Formulisan je da podr\u017ei pravilno funkcionisanje zglobova i doprinese izgradnji i regeneraciji <strong data-start=\"605\" data-end=\"618\">hrskavice<\/strong>, \u010dime se ubla\u017eavaju bolovi i uko\u010denost.<\/p>\n<p data-start=\"660\" data-end=\"960\">Proizvod je posebno pogodan za <strong data-start=\"691\" data-end=\"733\">pse sa bolnim i optere\u0107enim zglobovima<\/strong>, starije pse, kao i za <strong data-start=\"757\" data-end=\"778\">veoma aktivne pse<\/strong> i <strong data-start=\"781\" data-end=\"820\">\u0161tenad velikih i brzo rastu\u0107ih rasa<\/strong>, kod kojih je optere\u0107enje zglobova pove\u0107ano. Redovna upotreba poma\u017ee u odr\u017eavanju elasti\u010dnosti zglobova i pobolj\u0161anju op\u0161te pokretljivosti.<\/p>\n<p data-start=\"962\" data-end=\"1277\">Opti Joint sadr\u017ei pa\u017eljivo odabrane aktivne sastojke kao \u0161to su <strong data-start=\"1026\" data-end=\"1056\">MSM (metil-sulfonil-metan)<\/strong>, <strong data-start=\"1058\" data-end=\"1072\">glukozamin<\/strong>, <strong data-start=\"1074\" data-end=\"1095\">hondroitin sulfat<\/strong> i <strong data-start=\"1098\" data-end=\"1111\">vitamin C<\/strong>, koji zajedno deluju na izgradnju, obnovu i za\u0161titu hrskavice. Dodati lososov ulje i kopriva dodatno doprinose smanjenju upalnih procesa i podr\u0161ci zdravlju zglobova.<\/p>\n<p data-start=\"1279\" data-end=\"1303\"><strong data-start=\"1279\" data-end=\"1303\">Prednosti proizvoda:<\/strong><\/p>\n<ul data-start=\"1304\" data-end=\"1576\">\n<li data-start=\"1304\" data-end=\"1350\">\n<p data-start=\"1306\" data-end=\"1350\">Podr\u017eava zdravlje i pokretljivost zglobova<\/p>\n<\/li>\n<li data-start=\"1351\" data-end=\"1399\">\n<p data-start=\"1353\" data-end=\"1399\">Doprinosi izgradnji i regeneraciji hrskavice<\/p>\n<\/li>\n<li data-start=\"1400\" data-end=\"1449\">\n<p data-start=\"1402\" data-end=\"1449\">Ubla\u017eava uko\u010denost i nelagodnost u zglobovima<\/p>\n<\/li>\n<li data-start=\"1450\" data-end=\"1510\">\n<p data-start=\"1452\" data-end=\"1510\">Idealan za starije pse i pse sa smanjenom pokretljivo\u0161\u0107u<\/p>\n<\/li>\n<li data-start=\"1511\" data-end=\"1576\">\n<p data-start=\"1513\" data-end=\"1576\">Preporu\u010duje se velikim, brzo rastu\u0107im rasama i aktivnim psima<\/p>\n<\/li>\n<\/ul>\n<p data-start=\"1578\" data-end=\"1589\"><strong data-start=\"1578\" data-end=\"1589\">Sastav:<\/strong><\/p>\n<ul data-start=\"1590\" data-end=\"1769\">\n<li data-start=\"1590\" data-end=\"1618\">\n<p data-start=\"1592\" data-end=\"1618\">Saccharomyces cerevisiae<\/p>\n<\/li>\n<li data-start=\"1619\" data-end=\"1656\">\n<p data-start=\"1621\" data-end=\"1656\">Hidrolizovani \u017eivotinjski protein<\/p>\n<\/li>\n<li data-start=\"1657\" data-end=\"1674\">\n<p data-start=\"1659\" data-end=\"1674\">Lososovo ulje<\/p>\n<\/li>\n<li data-start=\"1675\" data-end=\"1710\">\n<p data-start=\"1677\" data-end=\"1710\">Metil-sulfonil-metan (MSM) \u2013 5%<\/p>\n<\/li>\n<li data-start=\"1711\" data-end=\"1730\">\n<p data-start=\"1713\" data-end=\"1730\">Glukozamin \u2013 4%<\/p>\n<\/li>\n<li data-start=\"1731\" data-end=\"1757\">\n<p data-start=\"1733\" data-end=\"1757\">Hondroitin sulfat \u2013 3%<\/p>\n<\/li>\n<li data-start=\"1758\" data-end=\"1769\">\n<p data-start=\"1760\" data-end=\"1769\">Kopriva<\/p>\n<\/li>\n<\/ul>\n<p data-start=\"1771\" data-end=\"1785\"><strong data-start=\"1771\" data-end=\"1785\">Pakovanje:<\/strong><\/p>\n<ul data-start=\"1786\" data-end=\"1810\">\n<li data-start=\"1786\" data-end=\"1810\">\n<p data-start=\"1788\" data-end=\"1810\">Neto koli\u010dina: 700 g<\/p>\n<\/li>\n<\/ul>\n","protected":false},"excerpt":{"rendered":"<p><strong data-start=\"132\" data-end=\"156\">Oropharma Opti Joint<\/strong> je dodatak ishrani za pse koji podr\u017eava zdravlje zglobova i hrskavice. Preporu\u010duje se psima sa smanjenom pokretljivo\u0161\u0107u, starijim psima i velikim, brzo rastu\u0107im rasama, kao i veoma aktivnim psima.<\/p>\n","protected":false},"featured_media":5677,"comment_status":"open","ping_status":"closed","template":"","meta":[],"product_brand":[],"product_cat":[263,286,296],"product_tag":[],"class_list":{"0":"post-5676","1":"product","2":"type-product","3":"status-publish","4":"has-post-thumbnail","6":"product_cat-psi","7":"product_cat-zdravlje-i-suplementi","8":"product_cat-suplementi-i-vitamini","11":"instock","12":"shipping-taxable","13":"purchasable","14":"product-type-simple"},"_links":{"self":[{"href":"https:\/\/petshopmagelan.rs\/index.php\/wp-json\/wp\/v2\/product\/5676","targetHints":{"allow":["GET"]}}],"collection":[{"href":"https:\/\/petshopmagelan.rs\/index.php\/wp-json\/wp\/v2\/product"}],"about":[{"href":"https:\/\/petshopmagelan.rs\/index.php\/wp-json\/wp\/v2\/types\/product"}],"replies":[{"embeddable":true,"href":"https:\/\/petshopmagelan.rs\/index.php\/wp-json\/wp\/v2\/comments?post=5676"}],"wp:featuredmedia":[{"embeddable":true,"href":"https:\/\/petshopmagelan.rs\/index.php\/wp-json\/wp\/v2\/media\/5677"}],"wp:attachment":[{"href":"https:\/\/petshopmagelan.rs\/index.php\/wp-json\/wp\/v2\/media?parent=5676"}],"wp:term":[{"taxonomy":"product_brand","embeddable":true,"href":"https:\/\/petshopmagelan.rs\/index.php\/wp-json\/wp\/v2\/product_brand?post=5676"},{"taxonomy":"product_cat","embeddable":true,"href":"https:\/\/petshopmagelan.rs\/index.php\/wp-json\/wp\/v2\/product_cat?post=5676"},{"taxonomy":"product_tag","embeddable":true,"href":"https:\/\/petshopmagelan.rs\/index.php\/wp-json\/wp\/v2\/product_tag?post=5676"}],"curies":[{"name":"wp","href":"https:\/\/api.w.org\/{rel}","templated":true}]}}