{"id":5609,"date":"2026-02-03T15:55:34","date_gmt":"2026-02-03T15:55:34","guid":{"rendered":"https:\/\/petshopmagelan.rs\/?post_type=product&#038;p=5609"},"modified":"2026-02-03T15:55:34","modified_gmt":"2026-02-03T15:55:34","slug":"versele-laga-prestige-hrana-za-evropske-zebe-1kg","status":"publish","type":"product","link":"https:\/\/petshopmagelan.rs\/index.php\/product\/versele-laga-prestige-hrana-za-evropske-zebe-1kg\/","title":{"rendered":"VERSELE LAGA Prestige &#8211; Hrana za evropske zebe, 1kg"},"content":{"rendered":"<p data-start=\"396\" data-end=\"708\"><strong data-start=\"396\" data-end=\"442\">VERSELE LAGA European Finches Seed Mixture<\/strong> je <strong data-start=\"446\" data-end=\"495\">standardna me\u0161avina semena osnovnog kvaliteta<\/strong>, namenjena svakodnevnoj ishrani svih vrsta <strong data-start=\"539\" data-end=\"557\">evropskih zeba<\/strong>. Ova pa\u017eljivo izbalansirana kombinacija semenki obezbe\u0111uje hranljive materije neophodne za odr\u017eavanje dobre fizi\u010dke kondicije i op\u0161teg zdravlja ptica.<\/p>\n<p data-start=\"710\" data-end=\"904\">Me\u0161avina je pogodna za redovno kori\u0161\u0107enje kako kod ku\u0107nog dr\u017eanja ptica, tako i u odgajiva\u010dnicama. Raznovrsni sastojci podsti\u010du prirodne navike ishrane i doprinose vitalnosti i aktivnosti ptica.<\/p>\n<p data-start=\"906\" data-end=\"1081\">Za postizanje optimalnih rezultata preporu\u010duje se da se ishrana povremeno dopuni <strong data-start=\"987\" data-end=\"1029\">jajnom hranom, vitaminima i mineralima<\/strong>, uz redovno osve\u017eavanje hrane i sve\u017ee vode za pi\u0107e.<\/p>\n<p data-start=\"1083\" data-end=\"1107\"><strong data-start=\"1083\" data-end=\"1107\">Prednosti proizvoda:<\/strong><\/p>\n<ul data-start=\"1108\" data-end=\"1320\">\n<li data-start=\"1108\" data-end=\"1146\">\n<p data-start=\"1110\" data-end=\"1146\">Osnovna hrana za sve evropske zebe<\/p>\n<\/li>\n<li data-start=\"1147\" data-end=\"1192\">\n<p data-start=\"1149\" data-end=\"1192\">Kvalitetna i uravnote\u017eena me\u0161avina semena<\/p>\n<\/li>\n<li data-start=\"1193\" data-end=\"1240\">\n<p data-start=\"1195\" data-end=\"1240\">Doprinosi dobroj kondiciji i zdravlju ptica<\/p>\n<\/li>\n<li data-start=\"1241\" data-end=\"1275\">\n<p data-start=\"1243\" data-end=\"1275\">Pogodna za svakodnevnu ishranu<\/p>\n<\/li>\n<li data-start=\"1276\" data-end=\"1320\">\n<p data-start=\"1278\" data-end=\"1320\">Proizvod renomiranog brenda Versele Laga<\/p>\n<\/li>\n<\/ul>\n<p data-start=\"1322\" data-end=\"1333\"><strong data-start=\"1322\" data-end=\"1333\">Sastav:<\/strong><\/p>\n<ul data-start=\"1334\" data-end=\"1499\">\n<li data-start=\"1334\" data-end=\"1352\">\n<p data-start=\"1336\" data-end=\"1352\">Seme kanarinca<\/p>\n<\/li>\n<li data-start=\"1353\" data-end=\"1370\">\n<p data-start=\"1355\" data-end=\"1370\">Uljana repica<\/p>\n<\/li>\n<li data-start=\"1371\" data-end=\"1386\">\n<p data-start=\"1373\" data-end=\"1386\">Laneno seme<\/p>\n<\/li>\n<li data-start=\"1387\" data-end=\"1401\">\n<p data-start=\"1389\" data-end=\"1401\">Niger seme<\/p>\n<\/li>\n<li data-start=\"1402\" data-end=\"1420\">\n<p data-start=\"1404\" data-end=\"1420\">Olju\u0161teni ovas<\/p>\n<\/li>\n<li data-start=\"1421\" data-end=\"1436\">\n<p data-start=\"1423\" data-end=\"1436\">Divlje seme<\/p>\n<\/li>\n<li data-start=\"1437\" data-end=\"1453\">\n<p data-start=\"1439\" data-end=\"1453\">Seme spana\u0107a<\/p>\n<\/li>\n<li data-start=\"1454\" data-end=\"1471\">\n<p data-start=\"1456\" data-end=\"1471\">Seme deteline<\/p>\n<\/li>\n<li data-start=\"1472\" data-end=\"1482\">\n<p data-start=\"1474\" data-end=\"1482\">Kanola<\/p>\n<\/li>\n<li data-start=\"1483\" data-end=\"1499\">\n<p data-start=\"1485\" data-end=\"1499\">Perilla seme<\/p>\n<\/li>\n<\/ul>\n<p data-start=\"1501\" data-end=\"1526\"><strong data-start=\"1501\" data-end=\"1526\">Uputstvo za upotrebu:<\/strong><\/p>\n<ul data-start=\"1527\" data-end=\"1732\">\n<li data-start=\"1527\" data-end=\"1567\">\n<p data-start=\"1529\" data-end=\"1567\">Redovno menjati hranu i vodu za pi\u0107e<\/p>\n<\/li>\n<li data-start=\"1568\" data-end=\"1732\">\n<p data-start=\"1570\" data-end=\"1732\">Preporu\u010duje se dopuna ishrane jajnom hranom, vitaminima i mineralima<br data-start=\"1638\" data-end=\"1641\" \/>(npr. NutriBird Gold Patee European Finches, Oropharma Omni-Vit ili Orlux Clay Bloc Mini)<\/p>\n<\/li>\n<\/ul>\n<p data-start=\"1734\" data-end=\"1748\"><strong data-start=\"1734\" data-end=\"1748\">Pakovanje:<\/strong><\/p>\n<ul data-start=\"1749\" data-end=\"1793\">\n<li data-start=\"1749\" data-end=\"1770\">\n<p data-start=\"1751\" data-end=\"1770\">Neto te\u017eina: 1 kg<\/p>\n<\/li>\n<\/ul>\n","protected":false},"excerpt":{"rendered":"<p data-start=\"156\" data-end=\"360\"><strong data-start=\"156\" data-end=\"210\">VERSELE LAGA European Finches me\u0161avina semena 1 kg<\/strong> je osnovna, kvalitetna hrana za sve evropske zebe. Uravnote\u017eena kombinacija pa\u017eljivo odabranih semenki doprinosi dobroj kondiciji i vitalnosti ptica.<\/p>\n","protected":false},"featured_media":5610,"comment_status":"open","ping_status":"closed","template":"","meta":[],"product_brand":[],"product_cat":[331,335],"product_tag":[],"class_list":{"0":"post-5609","1":"product","2":"type-product","3":"status-publish","4":"has-post-thumbnail","6":"product_cat-ptice","7":"product_cat-hrana-za-ptice","10":"instock","11":"shipping-taxable","12":"purchasable","13":"product-type-simple"},"_links":{"self":[{"href":"https:\/\/petshopmagelan.rs\/index.php\/wp-json\/wp\/v2\/product\/5609","targetHints":{"allow":["GET"]}}],"collection":[{"href":"https:\/\/petshopmagelan.rs\/index.php\/wp-json\/wp\/v2\/product"}],"about":[{"href":"https:\/\/petshopmagelan.rs\/index.php\/wp-json\/wp\/v2\/types\/product"}],"replies":[{"embeddable":true,"href":"https:\/\/petshopmagelan.rs\/index.php\/wp-json\/wp\/v2\/comments?post=5609"}],"wp:featuredmedia":[{"embeddable":true,"href":"https:\/\/petshopmagelan.rs\/index.php\/wp-json\/wp\/v2\/media\/5610"}],"wp:attachment":[{"href":"https:\/\/petshopmagelan.rs\/index.php\/wp-json\/wp\/v2\/media?parent=5609"}],"wp:term":[{"taxonomy":"product_brand","embeddable":true,"href":"https:\/\/petshopmagelan.rs\/index.php\/wp-json\/wp\/v2\/product_brand?post=5609"},{"taxonomy":"product_cat","embeddable":true,"href":"https:\/\/petshopmagelan.rs\/index.php\/wp-json\/wp\/v2\/product_cat?post=5609"},{"taxonomy":"product_tag","embeddable":true,"href":"https:\/\/petshopmagelan.rs\/index.php\/wp-json\/wp\/v2\/product_tag?post=5609"}],"curies":[{"name":"wp","href":"https:\/\/api.w.org\/{rel}","templated":true}]}}