{"id":5594,"date":"2026-02-02T21:21:44","date_gmt":"2026-02-02T21:21:44","guid":{"rendered":"https:\/\/petshopmagelan.rs\/?post_type=product&#038;p=5594"},"modified":"2026-02-02T21:21:44","modified_gmt":"2026-02-02T21:21:44","slug":"singing-friend-jesse-hranilica-za-ptice","status":"publish","type":"product","link":"https:\/\/petshopmagelan.rs\/index.php\/product\/singing-friend-jesse-hranilica-za-ptice\/","title":{"rendered":"SINGING FRIEND Jesse &#8211; Hranilica za ptice"},"content":{"rendered":"<p data-start=\"368\" data-end=\"647\"><strong data-start=\"368\" data-end=\"396\">Jesse hranilica za ptice<\/strong> isti\u010de se svojim <strong data-start=\"414\" data-end=\"449\">prirodnim i razigranim izgledom<\/strong>, koji odmah privla\u010di pa\u017enju i \u010dini je pravim dekorativnim elementom u ba\u0161ti ili na balkonu. Minimalisti\u010dki dizajn je estetski prijatan, lako prepoznatljiv i savr\u0161eno se uklapa u prirodno okru\u017eenje.<\/p>\n<p data-start=\"649\" data-end=\"975\">Hranilica je namenjena <strong data-start=\"672\" data-end=\"690\">manjim pticama<\/strong>, pru\u017eaju\u0107i im bezbedno i prakti\u010dno mesto za hranjenje. Zahvaljuju\u0107i pametnom dizajnu, mo\u017ee se <strong data-start=\"785\" data-end=\"832\">napuniti hranom za svega nekoliko trenutaka<\/strong>, bez komplikacija. U pakovanju dolazi i <strong data-start=\"873\" data-end=\"918\">kanap napravljen od recikliranih PET boca<\/strong>, koji omogu\u0107ava lako ka\u010denje na drvo, ogradu ili balkon.<\/p>\n<p data-start=\"977\" data-end=\"1226\">Jesse je izra\u0111ena od <strong data-start=\"998\" data-end=\"1029\">98% recikliranih materijala<\/strong>, \u0161to je \u010dini ekolo\u0161ki odgovornim izborom za sve koji \u017eele da brinu o pticama i prirodi istovremeno. Laka konstrukcija i kompaktne dimenzije \u010dine je prakti\u010dnom za svakodnevnu upotrebu i odr\u017eavanje.<\/p>\n<p data-start=\"1228\" data-end=\"1252\"><strong data-start=\"1228\" data-end=\"1252\">Prednosti proizvoda:<\/strong><\/p>\n<ul data-start=\"1253\" data-end=\"1460\">\n<li data-start=\"1253\" data-end=\"1305\">\n<p data-start=\"1255\" data-end=\"1305\">Atraktivan prirodan dizajn \u2013 dekoracija za ba\u0161tu<\/p>\n<\/li>\n<li data-start=\"1306\" data-end=\"1332\">\n<p data-start=\"1308\" data-end=\"1332\">Pogodna za manje ptice<\/p>\n<\/li>\n<li data-start=\"1333\" data-end=\"1364\">\n<p data-start=\"1335\" data-end=\"1364\">Brzo i lako punjenje hranom<\/p>\n<\/li>\n<li data-start=\"1365\" data-end=\"1413\">\n<p data-start=\"1367\" data-end=\"1413\">Jednostavno ka\u010denje pomo\u0107u prilo\u017eenog kanapa<\/p>\n<\/li>\n<li data-start=\"1414\" data-end=\"1460\">\n<p data-start=\"1416\" data-end=\"1460\">Napravljena od 98% recikliranih materijala<\/p>\n<\/li>\n<\/ul>\n<p data-start=\"1462\" data-end=\"1490\"><strong data-start=\"1462\" data-end=\"1490\">Tehni\u010dke karakteristike:<\/strong><\/p>\n<ul data-start=\"1491\" data-end=\"1653\">\n<li data-start=\"1491\" data-end=\"1521\">\n<p data-start=\"1493\" data-end=\"1521\">Dimenzije: 13 x 13 x 15 cm<\/p>\n<\/li>\n<li data-start=\"1522\" data-end=\"1539\">\n<p data-start=\"1524\" data-end=\"1539\">Te\u017eina: 125 g<\/p>\n<\/li>\n<li data-start=\"1540\" data-end=\"1581\">\n<p data-start=\"1542\" data-end=\"1581\">Materijal: 98% reciklirani materijali<\/p>\n<\/li>\n<li data-start=\"1582\" data-end=\"1622\">\n<p data-start=\"1584\" data-end=\"1622\">Dodatak: kanap od recikliranog PET-a<\/p>\n<\/li>\n<li data-start=\"1623\" data-end=\"1653\">\n<p data-start=\"1625\" data-end=\"1653\">Namena: hranilica za ptice<\/p>\n<\/li>\n<\/ul>\n","protected":false},"excerpt":{"rendered":"<p><strong data-start=\"130\" data-end=\"158\">Jesse hranilica za ptice<\/strong> ima prirodan i moderan dizajn koji je pravi ukras za svaku ba\u0161tu ili balkon. Napravljena je od 98% recikliranih materijala, jednostavna za punjenje i idealna za manje ptice.<\/p>\n","protected":false},"featured_media":5595,"comment_status":"open","ping_status":"closed","template":"","meta":[],"product_brand":[],"product_cat":[331,337,342],"product_tag":[],"class_list":{"0":"post-5594","1":"product","2":"type-product","3":"status-publish","4":"has-post-thumbnail","6":"product_cat-ptice","7":"product_cat-kavezi-i-oprema","8":"product_cat-posude-za-hranu-i-vodu","11":"instock","12":"shipping-taxable","13":"purchasable","14":"product-type-simple"},"_links":{"self":[{"href":"https:\/\/petshopmagelan.rs\/index.php\/wp-json\/wp\/v2\/product\/5594","targetHints":{"allow":["GET"]}}],"collection":[{"href":"https:\/\/petshopmagelan.rs\/index.php\/wp-json\/wp\/v2\/product"}],"about":[{"href":"https:\/\/petshopmagelan.rs\/index.php\/wp-json\/wp\/v2\/types\/product"}],"replies":[{"embeddable":true,"href":"https:\/\/petshopmagelan.rs\/index.php\/wp-json\/wp\/v2\/comments?post=5594"}],"wp:featuredmedia":[{"embeddable":true,"href":"https:\/\/petshopmagelan.rs\/index.php\/wp-json\/wp\/v2\/media\/5595"}],"wp:attachment":[{"href":"https:\/\/petshopmagelan.rs\/index.php\/wp-json\/wp\/v2\/media?parent=5594"}],"wp:term":[{"taxonomy":"product_brand","embeddable":true,"href":"https:\/\/petshopmagelan.rs\/index.php\/wp-json\/wp\/v2\/product_brand?post=5594"},{"taxonomy":"product_cat","embeddable":true,"href":"https:\/\/petshopmagelan.rs\/index.php\/wp-json\/wp\/v2\/product_cat?post=5594"},{"taxonomy":"product_tag","embeddable":true,"href":"https:\/\/petshopmagelan.rs\/index.php\/wp-json\/wp\/v2\/product_tag?post=5594"}],"curies":[{"name":"wp","href":"https:\/\/api.w.org\/{rel}","templated":true}]}}