{"id":5582,"date":"2026-02-03T08:35:52","date_gmt":"2026-02-03T08:35:52","guid":{"rendered":"https:\/\/petshopmagelan.rs\/?post_type=product&#038;p=5582"},"modified":"2026-02-18T10:51:19","modified_gmt":"2026-02-18T10:51:19","slug":"furminator-undercoat-s-long-hair","status":"publish","type":"product","link":"https:\/\/petshopmagelan.rs\/index.php\/product\/furminator-undercoat-s-long-hair\/","title":{"rendered":"FURminator Undercoat &#8211; \u010cetka za ma\u010dke sa dugom dlakom"},"content":{"rendered":"<p data-path-to-node=\"11\"><b data-path-to-node=\"11\" data-index-in-node=\"0\">Furminator Undercoat deShedding Tool<\/b> nije obi\u010dna \u010detka, ve\u0107 patentirani alat koji menja na\u010din na koji brinete o krznu va\u0161e ma\u010dke. Dizajniran specijalno za male rase sa dugom dlakom, ovaj alat prodire duboko ispod gornjeg sloja krzna kako bi bezbedno i ne\u017eno uklonio poddlaku i mrtvu dlaku, bez o\u0161te\u0107enja gornjeg sloja ili se\u010denja ko\u017ee.<\/p>\n<p data-path-to-node=\"12\">Redovna upotreba Furminatora dramati\u010dno smanjuje koli\u010dinu otpale dlake u va\u0161em domu \u2013 na name\u0161taju, tepisima i ode\u0107i. \u0160to je jo\u0161 va\u017enije za zdravlje va\u0161e ma\u010dke, drasti\u010dno se smanjuje koli\u010dina dlake koju ma\u010dka unese u organizam tokom lizanja, \u010dime se <b data-path-to-node=\"12\" data-index-in-node=\"250\">spre\u010dava stvaranje opasnih kuglica dlake (bezoara)<\/b> u stomaku.<\/p>\n<h3 data-path-to-node=\"13\"><b data-path-to-node=\"13\" data-index-in-node=\"0\">Glavne prednosti:<\/b><\/h3>\n<ul data-path-to-node=\"14\">\n<li>\n<p data-path-to-node=\"14,0,0\"><b data-path-to-node=\"14,0,0\" data-index-in-node=\"0\">Efikasnije od svih \u010detki:<\/b> Uklanja poddlaku koju obi\u010dni \u010de\u0161ljevi ne mogu da dohvate.<\/p>\n<\/li>\n<li>\n<p data-path-to-node=\"14,1,0\"><b data-path-to-node=\"14,1,0\" data-index-in-node=\"0\">Zdravlje krzna:<\/b> Stimuli\u0161e prirodnu proizvodnju ulja na ko\u017ei, \u010dine\u0107i krzno sjajnijim i zdravijim.<\/p>\n<\/li>\n<li>\n<p data-path-to-node=\"14,2,0\"><b data-path-to-node=\"14,2,0\" data-index-in-node=\"0\">Lako kori\u0161\u0107enje:<\/b> Uz FURejector\u00ae dugme, \u010di\u0161\u0107enje alata se obavlja jednom rukom u sekundi.<\/p>\n<\/li>\n<\/ul>\n<hr data-path-to-node=\"15\" \/>\n<h3 data-path-to-node=\"16\"><b data-path-to-node=\"16\" data-index-in-node=\"0\">Tehni\u010dke karakteristike:<\/b><\/h3>\n<ul data-path-to-node=\"17\">\n<li>\n<p data-path-to-node=\"17,0,0\"><b data-path-to-node=\"17,0,0\" data-index-in-node=\"0\">Tip dlake:<\/b> Duga dlaka (&gt; 5 cm).<\/p>\n<\/li>\n<li>\n<p data-path-to-node=\"17,1,0\"><b data-path-to-node=\"17,1,0\" data-index-in-node=\"0\">Veli\u010dina ma\u010dke:<\/b> Mala (Small &#8211; do 4.5 kg).<\/p>\n<\/li>\n<li>\n<p data-path-to-node=\"17,2,0\"><b data-path-to-node=\"17,2,0\" data-index-in-node=\"0\">Materijal:<\/b> Ner\u0111aju\u0107i \u010delik i kvalitetna plastika sa gumenim oja\u010danjima.<\/p>\n<\/li>\n<li>\n<p data-path-to-node=\"17,3,0\"><b data-path-to-node=\"17,3,0\" data-index-in-node=\"0\">\u0160irina se\u010diva:<\/b> Prilago\u0111ena manjoj fizionomiji ma\u010daka.<\/p>\n<\/li>\n<\/ul>\n<hr data-path-to-node=\"18\" \/>\n<h3 data-path-to-node=\"19\"><b data-path-to-node=\"19\" data-index-in-node=\"0\">Uputstvo za upotrebu i va\u017ene napomene:<\/b><\/h3>\n<ul data-path-to-node=\"20\">\n<li>\n<p data-path-to-node=\"20,0,0\"><b data-path-to-node=\"20,0,0\" data-index-in-node=\"0\">Kada koristiti:<\/b> Preporu\u010duje se upotreba 1-2 puta nedeljno u trajanju od 10-20 minuta. Tokom sezone jakog linjanja, mo\u017ee se koristiti \u010de\u0161\u0107e.<\/p>\n<\/li>\n<li>\n<p data-path-to-node=\"20,1,0\"><b data-path-to-node=\"20,1,0\" data-index-in-node=\"0\">Priprema:<\/b> Pre upotrebe proverite da li je krzno potpuno suvo i da nema \u010dvorova (zamr\u0161ene dlake).<\/p>\n<\/li>\n<li>\n<p data-path-to-node=\"20,2,0\"><b data-path-to-node=\"20,2,0\" data-index-in-node=\"0\">Bezbednost:<\/b> Nemojte koristiti alat na ma\u010di\u0107ima, kao ni na ma\u010dkama koje imaju ko\u017ene iritacije, rane ili rase koje nemaju poddlaku.<\/p>\n<\/li>\n<\/ul>\n<p data-path-to-node=\"25\"><b data-path-to-node=\"25\" data-index-in-node=\"0\">Smanjite linjanje i za\u0161titite zdravlje svoje ma\u010dke uz originalni Furminator!<\/b><\/p>\n","protected":false},"excerpt":{"rendered":"<ul data-path-to-node=\"8\">\n<li>\n<p data-path-to-node=\"8,0,0\"><b data-path-to-node=\"8,0,0\" data-index-in-node=\"0\">Za male dugodlake ma\u010dke:<\/b> Idealno prilago\u0111en ma\u010dkama do 4.5 kg te\u017eine sa dlakom du\u017eom od 5 cm.<\/p>\n<\/li>\n<li>\n<p data-path-to-node=\"8,1,0\"><b data-path-to-node=\"8,1,0\" data-index-in-node=\"0\">Ner\u0111aju\u0107i \u010delik:<\/b> Precizno se\u010divo i zakrivljeni zupci prodiru duboko kroz gornji sloj dlake.<\/p>\n<\/li>\n<li>\n<p data-path-to-node=\"8,2,0\"><b data-path-to-node=\"8,2,0\" data-index-in-node=\"0\">FURejector\u00ae dugme:<\/b> Jednostavan mehanizam za brzo izbacivanje nakupljene dlake sa alata.<\/p>\n<\/li>\n<li>\n<p data-path-to-node=\"8,3,0\"><b data-path-to-node=\"8,3,0\" data-index-in-node=\"0\">Ergonomska dr\u0161ka:<\/b> Pru\u017ea udobnost i potpunu kontrolu tokom \u010detkanja.<\/p>\n<\/li>\n<li>\n<p data-path-to-node=\"8,4,0\"><b data-path-to-node=\"8,4,0\" data-index-in-node=\"0\">Skin Guard\u00ae:<\/b> Zaobljene ivice klize preko ko\u017ee i spre\u010davaju grebanje ili iritaciju.<\/p>\n<\/li>\n<\/ul>\n","protected":false},"featured_media":5583,"comment_status":"open","ping_status":"closed","template":"","meta":[],"product_brand":[],"product_cat":[299,304,326],"product_tag":[],"class_list":{"0":"post-5582","1":"product","2":"type-product","3":"status-publish","4":"has-post-thumbnail","6":"product_cat-macke","7":"product_cat-higijena-i-nega-macaka","8":"product_cat-kozmeticki-pribor-za-macke","11":"instock","12":"shipping-taxable","13":"purchasable","14":"product-type-simple"},"_links":{"self":[{"href":"https:\/\/petshopmagelan.rs\/index.php\/wp-json\/wp\/v2\/product\/5582","targetHints":{"allow":["GET"]}}],"collection":[{"href":"https:\/\/petshopmagelan.rs\/index.php\/wp-json\/wp\/v2\/product"}],"about":[{"href":"https:\/\/petshopmagelan.rs\/index.php\/wp-json\/wp\/v2\/types\/product"}],"replies":[{"embeddable":true,"href":"https:\/\/petshopmagelan.rs\/index.php\/wp-json\/wp\/v2\/comments?post=5582"}],"wp:featuredmedia":[{"embeddable":true,"href":"https:\/\/petshopmagelan.rs\/index.php\/wp-json\/wp\/v2\/media\/5583"}],"wp:attachment":[{"href":"https:\/\/petshopmagelan.rs\/index.php\/wp-json\/wp\/v2\/media?parent=5582"}],"wp:term":[{"taxonomy":"product_brand","embeddable":true,"href":"https:\/\/petshopmagelan.rs\/index.php\/wp-json\/wp\/v2\/product_brand?post=5582"},{"taxonomy":"product_cat","embeddable":true,"href":"https:\/\/petshopmagelan.rs\/index.php\/wp-json\/wp\/v2\/product_cat?post=5582"},{"taxonomy":"product_tag","embeddable":true,"href":"https:\/\/petshopmagelan.rs\/index.php\/wp-json\/wp\/v2\/product_tag?post=5582"}],"curies":[{"name":"wp","href":"https:\/\/api.w.org\/{rel}","templated":true}]}}