{"id":5518,"date":"2026-01-28T13:44:21","date_gmt":"2026-01-28T13:44:21","guid":{"rendered":"https:\/\/petshopmagelan.rs\/?post_type=product&#038;p=5518"},"modified":"2026-01-28T13:44:21","modified_gmt":"2026-01-28T13:44:21","slug":"farm-company-kanap-sa-dva-cvora-igracka-za-pse","status":"publish","type":"product","link":"https:\/\/petshopmagelan.rs\/index.php\/product\/farm-company-kanap-sa-dva-cvora-igracka-za-pse\/","title":{"rendered":"FARM COMPANY &#8211; Kanap sa dva \u010dvora, igra\u010dka za pse"},"content":{"rendered":"<p data-start=\"378\" data-end=\"620\"><strong data-start=\"378\" data-end=\"411\">Igra\u010dka kanap sa dva \u010dvora<\/strong> iz Farm Company je izdr\u017eljiva igra\u010dka za pse napravljena od <strong data-start=\"472\" data-end=\"492\">prirodnog pamuka<\/strong>. Sa <strong data-start=\"497\" data-end=\"521\">dvostrukim \u010dvorovima<\/strong> na krajevima, ova pamu\u010dna kost je pogodna za \u017evakanje, igru i interaktivnu zabavu sa va\u0161im psom.<\/p>\n<p data-start=\"622\" data-end=\"867\">Pamu\u010dni materijal je ne\u017ean prema zubima i desnima, dok dvostruki \u010dvorovi pru\u017eaju dodatnu otpornost na \u010desta \u017evakanja. Ova kost je idealna za pse svih veli\u010dina koji u\u017eivaju u igri i \u017eele siguran na\u010din da zadovolje prirodnu potrebu za \u017evakanjem.<\/p>\n<h3 data-start=\"869\" data-end=\"893\">Prednosti proizvoda:<\/h3>\n<ul data-start=\"894\" data-end=\"1114\">\n<li data-start=\"894\" data-end=\"933\">\n<p data-start=\"896\" data-end=\"933\">Izdr\u017eljiva pamu\u010dna kost za \u017evakanje<\/p>\n<\/li>\n<li data-start=\"934\" data-end=\"976\">\n<p data-start=\"936\" data-end=\"976\">Dvostruki \u010dvorovi za dugotrajnu zabavu<\/p>\n<\/li>\n<li data-start=\"977\" data-end=\"1021\">\n<p data-start=\"979\" data-end=\"1021\">Poma\u017ee u odr\u017eavanju zdravih zuba i desni<\/p>\n<\/li>\n<li data-start=\"1022\" data-end=\"1059\">\n<p data-start=\"1024\" data-end=\"1059\">Sigurna i prirodna igra\u010dka za pse<\/p>\n<\/li>\n<li data-start=\"1060\" data-end=\"1114\">\n<p data-start=\"1062\" data-end=\"1114\">Pogodna za interaktivnu igru i samostalno \u017evakanje<\/p>\n<\/li>\n<\/ul>\n<h3 data-start=\"1116\" data-end=\"1130\">Dimenzije:<\/h3>\n<ul data-start=\"1131\" data-end=\"1148\">\n<li data-start=\"1131\" data-end=\"1148\">\n<p data-start=\"1133\" data-end=\"1148\">Du\u017eina: 30 cm<\/p>\n<\/li>\n<\/ul>\n<h3 data-start=\"1150\" data-end=\"1164\">Materijal:<\/h3>\n<ul data-start=\"1165\" data-end=\"1183\">\n<li data-start=\"1165\" data-end=\"1183\">\n<p data-start=\"1167\" data-end=\"1183\">Prirodni pamuk<\/p>\n<\/li>\n<\/ul>\n","protected":false},"excerpt":{"rendered":"<p>Igra\u010dka kanap sa dva \u010dvora je \u010dvrsta pamu\u010dna kost za pse, du\u017eine <strong data-start=\"202\" data-end=\"211\">30 cm<\/strong>, idealna za \u017evakanje i igru. Prirodni materijal i dvostruki \u010dvorovi pru\u017eaju dugotrajnu zabavu i poma\u017eu u odr\u017eavanju zdravih zuba.<\/p>\n","protected":false},"featured_media":5519,"comment_status":"open","ping_status":"closed","template":"","meta":[],"product_brand":[],"product_cat":[263,274],"product_tag":[],"class_list":{"0":"post-5518","1":"product","2":"type-product","3":"status-publish","4":"has-post-thumbnail","6":"product_cat-psi","7":"product_cat-igracke-za-pse","10":"instock","11":"shipping-taxable","12":"purchasable","13":"product-type-simple"},"_links":{"self":[{"href":"https:\/\/petshopmagelan.rs\/index.php\/wp-json\/wp\/v2\/product\/5518","targetHints":{"allow":["GET"]}}],"collection":[{"href":"https:\/\/petshopmagelan.rs\/index.php\/wp-json\/wp\/v2\/product"}],"about":[{"href":"https:\/\/petshopmagelan.rs\/index.php\/wp-json\/wp\/v2\/types\/product"}],"replies":[{"embeddable":true,"href":"https:\/\/petshopmagelan.rs\/index.php\/wp-json\/wp\/v2\/comments?post=5518"}],"wp:featuredmedia":[{"embeddable":true,"href":"https:\/\/petshopmagelan.rs\/index.php\/wp-json\/wp\/v2\/media\/5519"}],"wp:attachment":[{"href":"https:\/\/petshopmagelan.rs\/index.php\/wp-json\/wp\/v2\/media?parent=5518"}],"wp:term":[{"taxonomy":"product_brand","embeddable":true,"href":"https:\/\/petshopmagelan.rs\/index.php\/wp-json\/wp\/v2\/product_brand?post=5518"},{"taxonomy":"product_cat","embeddable":true,"href":"https:\/\/petshopmagelan.rs\/index.php\/wp-json\/wp\/v2\/product_cat?post=5518"},{"taxonomy":"product_tag","embeddable":true,"href":"https:\/\/petshopmagelan.rs\/index.php\/wp-json\/wp\/v2\/product_tag?post=5518"}],"curies":[{"name":"wp","href":"https:\/\/api.w.org\/{rel}","templated":true}]}}