{"id":5513,"date":"2026-01-28T12:56:04","date_gmt":"2026-01-28T12:56:04","guid":{"rendered":"https:\/\/petshopmagelan.rs\/?post_type=product&#038;p=5513"},"modified":"2026-01-28T12:56:04","modified_gmt":"2026-01-28T12:56:04","slug":"trixie-multivitamin-pasta-za-stence","status":"publish","type":"product","link":"https:\/\/petshopmagelan.rs\/index.php\/product\/trixie-multivitamin-pasta-za-stence\/","title":{"rendered":"TRIXIE &#8211; Multivitamin pasta za \u0161tence"},"content":{"rendered":"<p data-start=\"371\" data-end=\"708\"><strong data-start=\"371\" data-end=\"404\">Multi-vitamin pasta za \u0161tenad<\/strong> je nutritivna pasta bogata <strong data-start=\"432\" data-end=\"468\">vitalnim vitaminima i mineralima<\/strong>, posebno formulisana za podr\u0161ku rastu i zdravlju mladih pasa. Redovna upotreba poma\u017ee u <strong data-start=\"557\" data-end=\"588\">ja\u010danju prirodnog imuniteta<\/strong>, pove\u0107ava energiju i vitalnost, a istovremeno spre\u010dava pojavu nutritivnih nedostataka tokom klju\u010dnog perioda razvoja.<\/p>\n<p data-start=\"710\" data-end=\"984\">Pasta je jednostavna za davanje i mo\u017ee se koristiti kao dodatak hrani ili kao poslastica. Njeni sastojci uklju\u010duju <strong data-start=\"825\" data-end=\"910\">derivate biljnog porekla, ulja i masti, kvasac, mleko i mle\u010dne derivate, dektrozu<\/strong>, \u0161to obezbe\u0111uje \u0161irok spektar hranljivih materija potrebnih mladom psu.<\/p>\n<h3 data-start=\"986\" data-end=\"1010\">Prednosti proizvoda:<\/h3>\n<ul data-start=\"1011\" data-end=\"1234\">\n<li data-start=\"1011\" data-end=\"1057\">\n<p data-start=\"1013\" data-end=\"1057\">Bogata vitaminima za rast i razvoj \u0161tenadi<\/p>\n<\/li>\n<li data-start=\"1058\" data-end=\"1106\">\n<p data-start=\"1060\" data-end=\"1106\">Ja\u010da prirodni imunitet i otpornost organizma<\/p>\n<\/li>\n<li data-start=\"1107\" data-end=\"1152\">\n<p data-start=\"1109\" data-end=\"1152\">Pove\u0107ava vitalnost i energiju mladih pasa<\/p>\n<\/li>\n<li data-start=\"1153\" data-end=\"1187\">\n<p data-start=\"1155\" data-end=\"1187\">Spre\u010dava nutritivne nedostatke<\/p>\n<\/li>\n<li data-start=\"1188\" data-end=\"1234\">\n<p data-start=\"1190\" data-end=\"1234\">Jednostavna za primenu i me\u0161anje sa hranom<\/p>\n<\/li>\n<\/ul>\n<h3 data-start=\"1236\" data-end=\"1247\">Sastav:<\/h3>\n<ul data-start=\"1248\" data-end=\"1345\">\n<li data-start=\"1248\" data-end=\"1276\">\n<p data-start=\"1250\" data-end=\"1276\">Derivati biljnog porekla<\/p>\n<\/li>\n<li data-start=\"1277\" data-end=\"1293\">\n<p data-start=\"1279\" data-end=\"1293\">Ulja i masti<\/p>\n<\/li>\n<li data-start=\"1294\" data-end=\"1304\">\n<p data-start=\"1296\" data-end=\"1304\">Kvasac<\/p>\n<\/li>\n<li data-start=\"1305\" data-end=\"1332\">\n<p data-start=\"1307\" data-end=\"1332\">Mleko i mle\u010dni derivati<\/p>\n<\/li>\n<li data-start=\"1333\" data-end=\"1345\">\n<p data-start=\"1335\" data-end=\"1345\">Dektroza<\/p>\n<\/li>\n<\/ul>\n<h3 data-start=\"1347\" data-end=\"1361\">Pakovanje:<\/h3>\n<ul data-start=\"1362\" data-end=\"1377\">\n<li data-start=\"1362\" data-end=\"1377\">\n<p data-start=\"1364\" data-end=\"1377\">100 g pasta<\/p>\n<\/li>\n<\/ul>\n<h3 data-start=\"1379\" data-end=\"1391\">\u010cuvanje:<\/h3>\n<ul data-start=\"1392\" data-end=\"1420\">\n<li data-start=\"1392\" data-end=\"1420\">\n<p data-start=\"1394\" data-end=\"1420\">Na hladnom i suvom mestu<\/p>\n<\/li>\n<\/ul>\n","protected":false},"excerpt":{"rendered":"<p><strong data-start=\"138\" data-end=\"171\">Multi-vitamin pasta za \u0161tence<\/strong> pru\u017ea va\u0161em mladom psu dragocene vitamine koji ja\u010daju prirodni imunitet, pove\u0107avaju vitalnost i poma\u017eu u prevenciji nutritivnih nedostataka. Pakovanje: <strong data-start=\"324\" data-end=\"333\">100 g<\/strong>.<\/p>\n","protected":false},"featured_media":5514,"comment_status":"open","ping_status":"closed","template":"","meta":[],"product_brand":[],"product_cat":[263,286,296],"product_tag":[],"class_list":{"0":"post-5513","1":"product","2":"type-product","3":"status-publish","4":"has-post-thumbnail","6":"product_cat-psi","7":"product_cat-zdravlje-i-suplementi","8":"product_cat-suplementi-i-vitamini","11":"instock","12":"shipping-taxable","13":"purchasable","14":"product-type-simple"},"_links":{"self":[{"href":"https:\/\/petshopmagelan.rs\/index.php\/wp-json\/wp\/v2\/product\/5513","targetHints":{"allow":["GET"]}}],"collection":[{"href":"https:\/\/petshopmagelan.rs\/index.php\/wp-json\/wp\/v2\/product"}],"about":[{"href":"https:\/\/petshopmagelan.rs\/index.php\/wp-json\/wp\/v2\/types\/product"}],"replies":[{"embeddable":true,"href":"https:\/\/petshopmagelan.rs\/index.php\/wp-json\/wp\/v2\/comments?post=5513"}],"wp:featuredmedia":[{"embeddable":true,"href":"https:\/\/petshopmagelan.rs\/index.php\/wp-json\/wp\/v2\/media\/5514"}],"wp:attachment":[{"href":"https:\/\/petshopmagelan.rs\/index.php\/wp-json\/wp\/v2\/media?parent=5513"}],"wp:term":[{"taxonomy":"product_brand","embeddable":true,"href":"https:\/\/petshopmagelan.rs\/index.php\/wp-json\/wp\/v2\/product_brand?post=5513"},{"taxonomy":"product_cat","embeddable":true,"href":"https:\/\/petshopmagelan.rs\/index.php\/wp-json\/wp\/v2\/product_cat?post=5513"},{"taxonomy":"product_tag","embeddable":true,"href":"https:\/\/petshopmagelan.rs\/index.php\/wp-json\/wp\/v2\/product_tag?post=5513"}],"curies":[{"name":"wp","href":"https:\/\/api.w.org\/{rel}","templated":true}]}}