{"id":5357,"date":"2026-01-27T13:11:30","date_gmt":"2026-01-27T13:11:30","guid":{"rendered":"https:\/\/petshopmagelan.rs\/?post_type=product&#038;p=5357"},"modified":"2026-01-27T13:11:30","modified_gmt":"2026-01-27T13:11:30","slug":"royal-canin-urinary-care-hrana-za-macke-za-zdrav-urinarni-trakt","status":"publish","type":"product","link":"https:\/\/petshopmagelan.rs\/index.php\/product\/royal-canin-urinary-care-hrana-za-macke-za-zdrav-urinarni-trakt\/","title":{"rendered":"ROYAL CANIN Urinary Care &#8211; Hrana za ma\u010dke za zdrav urinarni trakt"},"content":{"rendered":"<p data-start=\"455\" data-end=\"709\"><strong data-start=\"455\" data-end=\"483\">Royal Canin Urinary Care<\/strong> je specijalizovana suva hrana za ma\u010dke, dizajnirana da <strong data-start=\"539\" data-end=\"573\">odr\u017eava zdrav urinarnog trakta<\/strong>. Ova formula reguli\u0161e mineralni balans i pH urina, \u010dine\u0107i urin manje koncentrisanim i smanjuju\u0107i rizik od nastanka kristala i kamenaca.<\/p>\n<p data-start=\"711\" data-end=\"996\">Kombinovanjem <strong data-start=\"725\" data-end=\"739\">suve hrane<\/strong> sa dostupnim mokrim varijantama (umak i \u017eele), mo\u017eete ponuditi ma\u010dki raznovrsnost koju voli, dok istovremeno podr\u017eavate zdravlje njenog urinarnog trakta. Studije Royal Canin-a pokazuju pobolj\u0161anje urinarne funkcije ve\u0107 za <strong data-start=\"962\" data-end=\"973\">10 dana<\/strong> kori\u0161\u0107enja ove dijete.<\/p>\n<p data-start=\"998\" data-end=\"1147\"><strong data-start=\"998\" data-end=\"1012\">Pakovanja:<\/strong> hrana je dostupna u <strong data-start=\"1033\" data-end=\"1042\">400 g<\/strong> i <strong data-start=\"1045\" data-end=\"1053\">2 kg<\/strong> pakovanjima, \u0161to omogu\u0107ava prakti\u010dnu upotrebu kod razli\u010ditih potreba i veli\u010dina doma\u0107instava.<\/p>\n<h3 data-start=\"1154\" data-end=\"1181\"><strong data-start=\"1158\" data-end=\"1181\">Prednosti proizvoda<\/strong><\/h3>\n<ul data-start=\"1183\" data-end=\"1527\">\n<li data-start=\"1183\" data-end=\"1240\">\n<p data-start=\"1185\" data-end=\"1240\"><strong data-start=\"1185\" data-end=\"1213\">Idealni mineralni balans<\/strong> za zdrav urinarnog trakt<\/p>\n<\/li>\n<li data-start=\"1241\" data-end=\"1306\">\n<p data-start=\"1243\" data-end=\"1306\"><strong data-start=\"1243\" data-end=\"1261\">Nizak pH urina<\/strong> koji smanjuje rizik od kristala i kamenaca<\/p>\n<\/li>\n<li data-start=\"1307\" data-end=\"1358\">\n<p data-start=\"1309\" data-end=\"1358\">Potpuna i uravnote\u017eena ishrana za odrasle ma\u010dke<\/p>\n<\/li>\n<li data-start=\"1359\" data-end=\"1416\">\n<p data-start=\"1361\" data-end=\"1416\">Dokazano pobolj\u0161anje urinarne funkcije ve\u0107 za 10 dana<\/p>\n<\/li>\n<li data-start=\"1417\" data-end=\"1482\">\n<p data-start=\"1419\" data-end=\"1482\">Dostupno i u mokrim varijantama (umak i \u017eele) za raznovrsnost<\/p>\n<\/li>\n<li data-start=\"1483\" data-end=\"1527\">\n<p data-start=\"1485\" data-end=\"1527\">Dolazi u <strong data-start=\"1494\" data-end=\"1525\">pakovanjima od 400 g i 2 kg<\/strong><\/p>\n<\/li>\n<\/ul>\n<p><strong data-start=\"66\" data-end=\"77\">Sastav:<\/strong> p\u0161eni\u010dni gluten, kukuruz, dehidrirani peradji protein, pirina\u010d, p\u0161enica, \u017eivotinjske masti, biljna vlakna, kukuruzni gluten, hidrolizovani \u017eivotinjski proteini, kukuruzno bra\u0161no, minerali, cvekla, proizvodi od kvasca, sojino ulje, riblje ulje i marigold meal.<\/p>\n<p data-start=\"1869\" data-end=\"1931\">*LIP: protein selektovan zbog <strong data-start=\"1900\" data-end=\"1929\">veoma visoke svarljivosti<\/strong><\/p>\n","protected":false},"excerpt":{"rendered":"<p><strong data-start=\"144\" data-end=\"172\">Royal Canin Urinary Care<\/strong> je potpuna suva hrana za ma\u010dke koja podr\u017eava zdrav urinarnog trakta. Formulisana je za odr\u017eavanje optimalnog mineralnog balansa i niskog pH urina, \u0161to poma\u017ee u prevenciji stvaranja kristala i kamenaca.<\/p>\n<p>Dostupna je u pakovanjima od <strong data-start=\"404\" data-end=\"413\">400 g<\/strong> i <strong data-start=\"416\" data-end=\"424\">2 kg<\/strong>.<\/p>\n","protected":false},"featured_media":5358,"comment_status":"open","ping_status":"closed","template":"","meta":[],"product_brand":[],"product_cat":[299,300,307,310],"product_tag":[],"class_list":{"0":"post-5357","1":"product","2":"type-product","3":"status-publish","4":"has-post-thumbnail","6":"product_cat-macke","7":"product_cat-hrana-za-macke","8":"product_cat-suva-hrana-hrana-za-macke","9":"product_cat-odrasle-macke","12":"instock","13":"shipping-taxable","14":"purchasable","15":"product-type-variable"},"_links":{"self":[{"href":"https:\/\/petshopmagelan.rs\/index.php\/wp-json\/wp\/v2\/product\/5357","targetHints":{"allow":["GET"]}}],"collection":[{"href":"https:\/\/petshopmagelan.rs\/index.php\/wp-json\/wp\/v2\/product"}],"about":[{"href":"https:\/\/petshopmagelan.rs\/index.php\/wp-json\/wp\/v2\/types\/product"}],"replies":[{"embeddable":true,"href":"https:\/\/petshopmagelan.rs\/index.php\/wp-json\/wp\/v2\/comments?post=5357"}],"wp:featuredmedia":[{"embeddable":true,"href":"https:\/\/petshopmagelan.rs\/index.php\/wp-json\/wp\/v2\/media\/5358"}],"wp:attachment":[{"href":"https:\/\/petshopmagelan.rs\/index.php\/wp-json\/wp\/v2\/media?parent=5357"}],"wp:term":[{"taxonomy":"product_brand","embeddable":true,"href":"https:\/\/petshopmagelan.rs\/index.php\/wp-json\/wp\/v2\/product_brand?post=5357"},{"taxonomy":"product_cat","embeddable":true,"href":"https:\/\/petshopmagelan.rs\/index.php\/wp-json\/wp\/v2\/product_cat?post=5357"},{"taxonomy":"product_tag","embeddable":true,"href":"https:\/\/petshopmagelan.rs\/index.php\/wp-json\/wp\/v2\/product_tag?post=5357"}],"curies":[{"name":"wp","href":"https:\/\/api.w.org\/{rel}","templated":true}]}}