{"id":5352,"date":"2026-01-27T13:00:07","date_gmt":"2026-01-27T13:00:07","guid":{"rendered":"https:\/\/petshopmagelan.rs\/?post_type=product&#038;p=5352"},"modified":"2026-01-27T13:00:07","modified_gmt":"2026-01-27T13:00:07","slug":"trixie-keksici-za-pse-sa-pilecim-mesom-100gr","status":"publish","type":"product","link":"https:\/\/petshopmagelan.rs\/index.php\/product\/trixie-keksici-za-pse-sa-pilecim-mesom-100gr\/","title":{"rendered":"TRIXIE &#8211; Keksi\u0107i za pse sa pile\u0107im mesom, 100gr"},"content":{"rendered":"<p data-start=\"328\" data-end=\"601\"><strong data-start=\"328\" data-end=\"359\">Trixie Chicken Chip Cookies<\/strong> su prakti\u010dna i ukusna poslastica za pse, napravljena od visokokvalitetnog <strong data-start=\"434\" data-end=\"456\">pile\u0107eg mesa (65%)<\/strong>. Ovi keksi\u0107i ne samo da su privla\u010dni na izgled i miris, ve\u0107 doprinose i <strong data-start=\"529\" data-end=\"546\">zdravlju zuba<\/strong> va\u0161eg psa zahvaljuju\u0107i teksturi pogodnoj za grickanje.<\/p>\n<p data-start=\"603\" data-end=\"838\">Keksi\u0107i su mali i jednostavni za no\u0161enje, \u0161to ih \u010dini idealnim za nagra\u0111ivanje psa tokom \u0161etnje ili treninga. Pored pile\u0107eg mesa, sadr\u017ee <strong data-start=\"740\" data-end=\"837\">pirina\u010d, p\u0161eni\u010dno bra\u0161no, povrtne nusproizvode, gove\u0111e meso, ulja i masti, ruzmarin i karamel<\/strong>.<\/p>\n<h3 data-start=\"845\" data-end=\"872\"><strong data-start=\"849\" data-end=\"872\">Prednosti proizvoda<\/strong><\/h3>\n<ul data-start=\"874\" data-end=\"1093\">\n<li data-start=\"874\" data-end=\"919\">\n<p data-start=\"876\" data-end=\"919\">Ukusni keksi\u0107i sa <strong data-start=\"894\" data-end=\"917\">pile\u0107im mesom (65%)<\/strong><\/p>\n<\/li>\n<li data-start=\"920\" data-end=\"952\">\n<p data-start=\"922\" data-end=\"952\">Podr\u017eavaju <strong data-start=\"933\" data-end=\"950\">zdravlje zuba<\/strong><\/p>\n<\/li>\n<li data-start=\"953\" data-end=\"985\">\n<p data-start=\"955\" data-end=\"985\">Pogodni za nagrade i trening<\/p>\n<\/li>\n<li data-start=\"986\" data-end=\"1020\">\n<p data-start=\"988\" data-end=\"1020\">Lako se pakuju i nose sa sobom<\/p>\n<\/li>\n<li data-start=\"1021\" data-end=\"1054\">\n<p data-start=\"1023\" data-end=\"1054\">Kvalitet Trixie PERMIO brenda<\/p>\n<\/li>\n<li data-start=\"1055\" data-end=\"1093\">\n<p data-start=\"1057\" data-end=\"1093\">Mali format, prakti\u010dan za upotrebu<\/p>\n<\/li>\n<\/ul>\n<h3 data-start=\"1100\" data-end=\"1124\"><strong data-start=\"1104\" data-end=\"1124\">Sastav proizvoda<\/strong><\/h3>\n<ul data-start=\"1126\" data-end=\"1277\">\n<li data-start=\"1126\" data-end=\"1149\">\n<p data-start=\"1128\" data-end=\"1149\"><strong data-start=\"1128\" data-end=\"1143\">Pile\u0107e meso<\/strong> 65%<\/p>\n<\/li>\n<li data-start=\"1150\" data-end=\"1174\">\n<p data-start=\"1152\" data-end=\"1174\">Pirina\u010d (rice flour)<\/p>\n<\/li>\n<li data-start=\"1175\" data-end=\"1194\">\n<p data-start=\"1177\" data-end=\"1194\">P\u0161eni\u010dno bra\u0161no<\/p>\n<\/li>\n<li data-start=\"1195\" data-end=\"1219\">\n<p data-start=\"1197\" data-end=\"1219\">Povrtni nusproizvodi<\/p>\n<\/li>\n<li data-start=\"1220\" data-end=\"1235\">\n<p data-start=\"1222\" data-end=\"1235\">Gove\u0111e meso<\/p>\n<\/li>\n<li data-start=\"1236\" data-end=\"1252\">\n<p data-start=\"1238\" data-end=\"1252\">Ulja i masti<\/p>\n<\/li>\n<li data-start=\"1253\" data-end=\"1265\">\n<p data-start=\"1255\" data-end=\"1265\">Ruzmarin<\/p>\n<\/li>\n<li data-start=\"1266\" data-end=\"1277\">\n<p data-start=\"1268\" data-end=\"1277\">Karamel<\/p>\n<\/li>\n<\/ul>\n<h3 data-start=\"1284\" data-end=\"1309\"><strong data-start=\"1288\" data-end=\"1309\">Analiti\u010dki sastav<\/strong><\/h3>\n<ul data-start=\"1311\" data-end=\"1412\">\n<li data-start=\"1311\" data-end=\"1328\">\n<p data-start=\"1313\" data-end=\"1328\">Proteini: 26%<\/p>\n<\/li>\n<li data-start=\"1329\" data-end=\"1341\">\n<p data-start=\"1331\" data-end=\"1341\">Mast: 7%<\/p>\n<\/li>\n<li data-start=\"1342\" data-end=\"1363\">\n<p data-start=\"1344\" data-end=\"1363\">Sirova vlakna: 1%<\/p>\n<\/li>\n<li data-start=\"1364\" data-end=\"1391\">\n<p data-start=\"1366\" data-end=\"1391\">Sirova pepeljastost: 4%<\/p>\n<\/li>\n<li data-start=\"1392\" data-end=\"1412\">\n<p data-start=\"1394\" data-end=\"1412\">Ukupna mast: 18%<\/p>\n<\/li>\n<\/ul>\n","protected":false},"excerpt":{"rendered":"<p><strong data-start=\"122\" data-end=\"153\">Trixie Chicken Chip Cookies<\/strong> su ukusni keksi\u0107i za pse sa pile\u0107im mesom, idealni kao poslastica ili nagrada. Poma\u017eu u odr\u017eavanju dentalnog zdravlja i lako se ponesu bilo gde.<\/p>\n","protected":false},"featured_media":5353,"comment_status":"open","ping_status":"closed","template":"","meta":[],"product_brand":[],"product_cat":[263,273],"product_tag":[],"class_list":{"0":"post-5352","1":"product","2":"type-product","3":"status-publish","4":"has-post-thumbnail","6":"product_cat-psi","7":"product_cat-poslastice","10":"instock","11":"shipping-taxable","12":"purchasable","13":"product-type-simple"},"_links":{"self":[{"href":"https:\/\/petshopmagelan.rs\/index.php\/wp-json\/wp\/v2\/product\/5352","targetHints":{"allow":["GET"]}}],"collection":[{"href":"https:\/\/petshopmagelan.rs\/index.php\/wp-json\/wp\/v2\/product"}],"about":[{"href":"https:\/\/petshopmagelan.rs\/index.php\/wp-json\/wp\/v2\/types\/product"}],"replies":[{"embeddable":true,"href":"https:\/\/petshopmagelan.rs\/index.php\/wp-json\/wp\/v2\/comments?post=5352"}],"wp:featuredmedia":[{"embeddable":true,"href":"https:\/\/petshopmagelan.rs\/index.php\/wp-json\/wp\/v2\/media\/5353"}],"wp:attachment":[{"href":"https:\/\/petshopmagelan.rs\/index.php\/wp-json\/wp\/v2\/media?parent=5352"}],"wp:term":[{"taxonomy":"product_brand","embeddable":true,"href":"https:\/\/petshopmagelan.rs\/index.php\/wp-json\/wp\/v2\/product_brand?post=5352"},{"taxonomy":"product_cat","embeddable":true,"href":"https:\/\/petshopmagelan.rs\/index.php\/wp-json\/wp\/v2\/product_cat?post=5352"},{"taxonomy":"product_tag","embeddable":true,"href":"https:\/\/petshopmagelan.rs\/index.php\/wp-json\/wp\/v2\/product_tag?post=5352"}],"curies":[{"name":"wp","href":"https:\/\/api.w.org\/{rel}","templated":true}]}}