{"id":5349,"date":"2026-01-27T12:53:13","date_gmt":"2026-01-27T12:53:13","guid":{"rendered":"https:\/\/petshopmagelan.rs\/?post_type=product&#038;p=5349"},"modified":"2026-01-27T12:53:13","modified_gmt":"2026-01-27T12:53:13","slug":"trixie-posuda-za-hranu-i-vodu-1-5l","status":"publish","type":"product","link":"https:\/\/petshopmagelan.rs\/index.php\/product\/trixie-posuda-za-hranu-i-vodu-1-5l\/","title":{"rendered":"TRIXIE &#8211; Posuda za hranu i vodu, 1.5L"},"content":{"rendered":"<p data-start=\"311\" data-end=\"586\"><strong data-start=\"311\" data-end=\"333\">Posuda za pse 1,5L<\/strong> dizajnirana je za sigurnu i prakti\u010dnu upotrebu. Opremljena je <strong data-start=\"396\" data-end=\"426\">gumiranim prstenom na bazi<\/strong>, koji spre\u010dava klizanje posude dok pas jede ili pije. Materijal posude je otporan i pogodan za <strong data-start=\"522\" data-end=\"551\">pranje u ma\u0161ini za sudove<\/strong>, \u0161to olak\u0161ava odr\u017eavanje higijene. Izra\u0111ena je od plastike.<\/p>\n<p data-start=\"588\" data-end=\"833\">Sa kapacitetom od <strong data-start=\"606\" data-end=\"619\">1,5 litra<\/strong> i obimom od <strong data-start=\"632\" data-end=\"641\">20 cm<\/strong>, posuda je idealna za male i srednje pse, omogu\u0107avaju\u0107i dovoljan prostor za hranu ili vodu. Moderan dizajn i prakti\u010dne funkcije \u010dine ovu posudu nezaobilaznim dodatkom za svakodnevnu upotrebu.<\/p>\n<h3 data-start=\"840\" data-end=\"867\"><strong data-start=\"844\" data-end=\"867\">Prednosti proizvoda<\/strong><\/h3>\n<ul data-start=\"869\" data-end=\"1111\">\n<li data-start=\"869\" data-end=\"916\">\n<p data-start=\"871\" data-end=\"916\"><strong data-start=\"871\" data-end=\"883\">Ne klizi<\/strong> zahvaljuju\u0107i gumiranom prstenu<\/p>\n<\/li>\n<li data-start=\"917\" data-end=\"961\">\n<p data-start=\"919\" data-end=\"961\">Pogodna za <strong data-start=\"930\" data-end=\"959\">pranje u ma\u0161ini za sudove<\/strong><\/p>\n<\/li>\n<li data-start=\"962\" data-end=\"982\">\n<p data-start=\"964\" data-end=\"982\">Kapacitet: 1,5 L<\/p>\n<\/li>\n<li data-start=\"983\" data-end=\"998\">\n<p data-start=\"985\" data-end=\"998\">Obim: 20 cm<\/p>\n<\/li>\n<li data-start=\"999\" data-end=\"1039\">\n<p data-start=\"1001\" data-end=\"1039\">Stabilna i sigurna za pse tokom jela<\/p>\n<\/li>\n<li data-start=\"1040\" data-end=\"1080\">\n<p data-start=\"1042\" data-end=\"1080\">Jednostavna za odr\u017eavanje i higijenu<\/p>\n<\/li>\n<li data-start=\"1081\" data-end=\"1111\">\n<p data-start=\"1083\" data-end=\"1111\">Prakti\u010dan i moderan dizajn<\/p>\n<\/li>\n<\/ul>\n","protected":false},"excerpt":{"rendered":"<p><strong data-start=\"108\" data-end=\"146\">Posuda za hranu i vodu za pse 1,5L<\/strong>\u00a0 plasti\u010dna sa gumiranim postoljem spre\u010dava klizanje i lako se odr\u017eava jer je pogodna za pranje u ma\u0161ini za sudove. Idealna za male i srednje pse.<\/p>\n","protected":false},"featured_media":5350,"comment_status":"open","ping_status":"closed","template":"","meta":[],"product_brand":[],"product_cat":[372,263],"product_tag":[],"class_list":{"0":"post-5349","1":"product","2":"type-product","3":"status-publish","4":"has-post-thumbnail","6":"product_cat-posude-za-vodu-i-hranu","7":"product_cat-psi","10":"instock","11":"shipping-taxable","12":"purchasable","13":"product-type-simple"},"_links":{"self":[{"href":"https:\/\/petshopmagelan.rs\/index.php\/wp-json\/wp\/v2\/product\/5349","targetHints":{"allow":["GET"]}}],"collection":[{"href":"https:\/\/petshopmagelan.rs\/index.php\/wp-json\/wp\/v2\/product"}],"about":[{"href":"https:\/\/petshopmagelan.rs\/index.php\/wp-json\/wp\/v2\/types\/product"}],"replies":[{"embeddable":true,"href":"https:\/\/petshopmagelan.rs\/index.php\/wp-json\/wp\/v2\/comments?post=5349"}],"wp:featuredmedia":[{"embeddable":true,"href":"https:\/\/petshopmagelan.rs\/index.php\/wp-json\/wp\/v2\/media\/5350"}],"wp:attachment":[{"href":"https:\/\/petshopmagelan.rs\/index.php\/wp-json\/wp\/v2\/media?parent=5349"}],"wp:term":[{"taxonomy":"product_brand","embeddable":true,"href":"https:\/\/petshopmagelan.rs\/index.php\/wp-json\/wp\/v2\/product_brand?post=5349"},{"taxonomy":"product_cat","embeddable":true,"href":"https:\/\/petshopmagelan.rs\/index.php\/wp-json\/wp\/v2\/product_cat?post=5349"},{"taxonomy":"product_tag","embeddable":true,"href":"https:\/\/petshopmagelan.rs\/index.php\/wp-json\/wp\/v2\/product_tag?post=5349"}],"curies":[{"name":"wp","href":"https:\/\/api.w.org\/{rel}","templated":true}]}}