{"id":5337,"date":"2026-01-27T12:37:14","date_gmt":"2026-01-27T12:37:14","guid":{"rendered":"https:\/\/petshopmagelan.rs\/?post_type=product&#038;p=5337"},"modified":"2026-01-27T12:38:14","modified_gmt":"2026-01-27T12:38:14","slug":"trixie-soft-rope-poludavilica-za-pse-velicina-l-xl","status":"publish","type":"product","link":"https:\/\/petshopmagelan.rs\/index.php\/product\/trixie-soft-rope-poludavilica-za-pse-velicina-l-xl\/","title":{"rendered":"TRIXIE Soft Rope &#8211; Poludavilica za pse, Veli\u010dina L &#8211; XL"},"content":{"rendered":"<p data-start=\"342\" data-end=\"577\"><strong data-start=\"342\" data-end=\"374\">Soft Rope Semi-Choke ogrlica<\/strong> izra\u0111ena je od kvalitetnog <strong data-start=\"402\" data-end=\"415\">mat u\u017eeta<\/strong>, okruglo pletenog za dodatnu \u010dvrsto\u0107u i dug vek trajanja. Dizajnirana je kao poludave\u0107a ogrlica koja pru\u017ea bolju kontrolu tokom \u0161etnje, bez prekomernog pritiska.<\/p>\n<p data-start=\"579\" data-end=\"832\">Obim vrata i grani\u010dnik (stop) mogu se <strong data-start=\"617\" data-end=\"659\">kontinuirano pode\u0161avati pomo\u0107u \u010dvorova<\/strong>, \u0161to omogu\u0107ava precizno prilago\u0111avanje razli\u010ditim veli\u010dinama vrata i ve\u0107u sigurnost tokom no\u0161enja. Mekana struktura u\u017eeta obezbe\u0111uje udobnost i smanjuje rizik od iritacije.<\/p>\n<p data-start=\"834\" data-end=\"944\">Ogrlica je pogodna za svakodnevnu upotrebu, posebno za trening i \u0161etnje, uz jednostavan i funkcionalan dizajn.<\/p>\n<h3 data-start=\"951\" data-end=\"978\"><strong data-start=\"955\" data-end=\"978\">Prednosti proizvoda<\/strong><\/h3>\n<ul data-start=\"980\" data-end=\"1287\">\n<li data-start=\"980\" data-end=\"1028\">\n<p data-start=\"982\" data-end=\"1028\">Izra\u0111ena od <strong data-start=\"994\" data-end=\"1007\">mat u\u017eeta<\/strong>, prijatna na dodir<\/p>\n<\/li>\n<li data-start=\"1029\" data-end=\"1069\">\n<p data-start=\"1031\" data-end=\"1069\">Okruglo pletena za ve\u0107u izdr\u017eljivost<\/p>\n<\/li>\n<li data-start=\"1070\" data-end=\"1113\">\n<p data-start=\"1072\" data-end=\"1113\"><strong data-start=\"1072\" data-end=\"1093\">Poludave\u0107i dizajn<\/strong> za bolju kontrolu<\/p>\n<\/li>\n<li data-start=\"1114\" data-end=\"1169\">\n<p data-start=\"1116\" data-end=\"1169\">Kontinuirano pode\u0161avanje obima vrata pomo\u0107u \u010dvorova<\/p>\n<\/li>\n<li data-start=\"1170\" data-end=\"1220\">\n<p data-start=\"1172\" data-end=\"1220\">Podesivi grani\u010dnik (stop) za dodatnu sigurnost<\/p>\n<\/li>\n<li data-start=\"1221\" data-end=\"1254\">\n<p data-start=\"1223\" data-end=\"1254\">Udobna za svakodnevno no\u0161enje<\/p>\n<\/li>\n<li data-start=\"1255\" data-end=\"1287\">\n<p data-start=\"1257\" data-end=\"1287\">Jednostavan i prakti\u010dan dizajn<\/p>\n<\/li>\n<\/ul>\n<h3 data-start=\"1294\" data-end=\"1311\"><strong data-start=\"1298\" data-end=\"1311\">Materijal<\/strong><\/h3>\n<ul data-start=\"1313\" data-end=\"1353\">\n<li data-start=\"1313\" data-end=\"1353\">\n<p data-start=\"1315\" data-end=\"1353\">Materijal: mat u\u017ee (okruglo pleteno)<\/p>\n<\/li>\n<\/ul>\n","protected":false},"excerpt":{"rendered":"<p><strong data-start=\"112\" data-end=\"151\">Soft Rope poludave\u0107a ogrlica za pse<\/strong> je izdr\u017eljiva ogrlica od mat u\u017eeta, okruglo pletena, sa mogu\u0107no\u0161\u0107u kontinuiranog pode\u0161avanja obima vrata pomo\u0107u \u010dvorova. Omogu\u0107ava sigurno i udobno vo\u0111enje psa.<\/p>\n<p>Veli\u010dina: L &#8211; XL<br \/>\nObim: 55cm<\/p>\n","protected":false},"featured_media":5340,"comment_status":"open","ping_status":"closed","template":"","meta":[],"product_brand":[],"product_cat":[263,284,288],"product_tag":[],"class_list":{"0":"post-5337","1":"product","2":"type-product","3":"status-publish","4":"has-post-thumbnail","6":"product_cat-psi","7":"product_cat-oprema-i-dodaci","8":"product_cat-povodac-i-ogrlice","11":"instock","12":"shipping-taxable","13":"purchasable","14":"product-type-variable"},"_links":{"self":[{"href":"https:\/\/petshopmagelan.rs\/index.php\/wp-json\/wp\/v2\/product\/5337","targetHints":{"allow":["GET"]}}],"collection":[{"href":"https:\/\/petshopmagelan.rs\/index.php\/wp-json\/wp\/v2\/product"}],"about":[{"href":"https:\/\/petshopmagelan.rs\/index.php\/wp-json\/wp\/v2\/types\/product"}],"replies":[{"embeddable":true,"href":"https:\/\/petshopmagelan.rs\/index.php\/wp-json\/wp\/v2\/comments?post=5337"}],"wp:featuredmedia":[{"embeddable":true,"href":"https:\/\/petshopmagelan.rs\/index.php\/wp-json\/wp\/v2\/media\/5340"}],"wp:attachment":[{"href":"https:\/\/petshopmagelan.rs\/index.php\/wp-json\/wp\/v2\/media?parent=5337"}],"wp:term":[{"taxonomy":"product_brand","embeddable":true,"href":"https:\/\/petshopmagelan.rs\/index.php\/wp-json\/wp\/v2\/product_brand?post=5337"},{"taxonomy":"product_cat","embeddable":true,"href":"https:\/\/petshopmagelan.rs\/index.php\/wp-json\/wp\/v2\/product_cat?post=5337"},{"taxonomy":"product_tag","embeddable":true,"href":"https:\/\/petshopmagelan.rs\/index.php\/wp-json\/wp\/v2\/product_tag?post=5337"}],"curies":[{"name":"wp","href":"https:\/\/api.w.org\/{rel}","templated":true}]}}