{"id":5311,"date":"2026-01-27T11:51:42","date_gmt":"2026-01-27T11:51:42","guid":{"rendered":"https:\/\/petshopmagelan.rs\/?post_type=product&#038;p=5311"},"modified":"2026-01-27T11:51:43","modified_gmt":"2026-01-27T11:51:43","slug":"trixie-lopatica-za-macji-posip","status":"publish","type":"product","link":"https:\/\/petshopmagelan.rs\/index.php\/product\/trixie-lopatica-za-macji-posip\/","title":{"rendered":"TRIXIE &#8211; Lopatica za ma\u010dji posip"},"content":{"rendered":"<p data-start=\"322\" data-end=\"576\"><strong data-start=\"322\" data-end=\"372\">Lopatica za grudvaju\u0107i i silikatni ma\u010dji posip<\/strong> izra\u0111ena je od kvalitetne <strong data-start=\"399\" data-end=\"411\">plastike<\/strong> i predstavlja neophodan dodatak za odr\u017eavanje \u010disto\u0107e ma\u010djeg toaleta. Poseban dizajn omogu\u0107ava lako odvajanje grudvica i ne\u010disto\u0107a, dok \u010disti pesak ostaje u posudi.<\/p>\n<p data-start=\"578\" data-end=\"811\">Lopatica je pogodna za upotrebu sa <strong data-start=\"613\" data-end=\"642\">grudvaju\u0107im (bentonitnim)<\/strong> i <strong data-start=\"645\" data-end=\"659\">silikatnim<\/strong> posipima, \u010dime obezbe\u0111uje univerzalnu primenu. Lagana je, jednostavna za rukovanje i lako se \u010disti, \u0161to doprinosi higijeni i svakodnevnoj prakti\u010dnosti.<\/p>\n<h3 data-start=\"818\" data-end=\"845\"><strong data-start=\"822\" data-end=\"845\">Prednosti proizvoda<\/strong><\/h3>\n<ul data-start=\"847\" data-end=\"1088\">\n<li data-start=\"847\" data-end=\"894\">\n<p data-start=\"849\" data-end=\"894\">Namenjena za <strong data-start=\"862\" data-end=\"894\">grudvaju\u0107i i silikatni posip<\/strong><\/p>\n<\/li>\n<li data-start=\"895\" data-end=\"932\">\n<p data-start=\"897\" data-end=\"932\">Izra\u0111ena od izdr\u017eljive <strong data-start=\"920\" data-end=\"932\">plastike<\/strong><\/p>\n<\/li>\n<li data-start=\"933\" data-end=\"973\">\n<p data-start=\"935\" data-end=\"973\">Omogu\u0107ava brzo i lako \u010di\u0161\u0107enje toaleta<\/p>\n<\/li>\n<li data-start=\"974\" data-end=\"1004\">\n<p data-start=\"976\" data-end=\"1004\">Poma\u017ee u odr\u017eavanju higijene<\/p>\n<\/li>\n<li data-start=\"1005\" data-end=\"1049\">\n<p data-start=\"1007\" data-end=\"1049\">Lagana i prakti\u010dna za svakodnevnu upotrebu<\/p>\n<\/li>\n<li data-start=\"1050\" data-end=\"1088\">\n<p data-start=\"1052\" data-end=\"1088\">Jednostavna za \u010di\u0161\u0107enje i odr\u017eavanje<\/p>\n<\/li>\n<\/ul>\n<h3 data-start=\"1095\" data-end=\"1112\"><strong data-start=\"1099\" data-end=\"1112\">Materijal<\/strong><\/h3>\n<ul data-start=\"1114\" data-end=\"1137\">\n<li data-start=\"1114\" data-end=\"1137\">\n<p data-start=\"1116\" data-end=\"1137\">Materijal: plastika<\/p>\n<\/li>\n<\/ul>\n","protected":false},"excerpt":{"rendered":"<p><strong data-start=\"111\" data-end=\"138\">Lopatica za ma\u010dji posip<\/strong> je prakti\u010dna plasti\u010dna lopatica namenjena za \u010di\u0161\u0107enje grudvaju\u0107eg i silikatnog peska. Omogu\u0107ava brzo i higijensko uklanjanje ne\u010disto\u0107a iz ma\u010djeg toaleta.<\/p>\n","protected":false},"featured_media":5314,"comment_status":"open","ping_status":"closed","template":"","meta":[],"product_brand":[],"product_cat":[299,303,321],"product_tag":[],"class_list":{"0":"post-5311","1":"product","2":"type-product","3":"status-publish","4":"has-post-thumbnail","6":"product_cat-macke","7":"product_cat-oprema-i-dodaci-macke","8":"product_cat-oprema-za-wc","11":"instock","12":"shipping-taxable","13":"purchasable","14":"product-type-simple"},"_links":{"self":[{"href":"https:\/\/petshopmagelan.rs\/index.php\/wp-json\/wp\/v2\/product\/5311","targetHints":{"allow":["GET"]}}],"collection":[{"href":"https:\/\/petshopmagelan.rs\/index.php\/wp-json\/wp\/v2\/product"}],"about":[{"href":"https:\/\/petshopmagelan.rs\/index.php\/wp-json\/wp\/v2\/types\/product"}],"replies":[{"embeddable":true,"href":"https:\/\/petshopmagelan.rs\/index.php\/wp-json\/wp\/v2\/comments?post=5311"}],"wp:featuredmedia":[{"embeddable":true,"href":"https:\/\/petshopmagelan.rs\/index.php\/wp-json\/wp\/v2\/media\/5314"}],"wp:attachment":[{"href":"https:\/\/petshopmagelan.rs\/index.php\/wp-json\/wp\/v2\/media?parent=5311"}],"wp:term":[{"taxonomy":"product_brand","embeddable":true,"href":"https:\/\/petshopmagelan.rs\/index.php\/wp-json\/wp\/v2\/product_brand?post=5311"},{"taxonomy":"product_cat","embeddable":true,"href":"https:\/\/petshopmagelan.rs\/index.php\/wp-json\/wp\/v2\/product_cat?post=5311"},{"taxonomy":"product_tag","embeddable":true,"href":"https:\/\/petshopmagelan.rs\/index.php\/wp-json\/wp\/v2\/product_tag?post=5311"}],"curies":[{"name":"wp","href":"https:\/\/api.w.org\/{rel}","templated":true}]}}