{"id":5286,"date":"2026-01-26T20:44:49","date_gmt":"2026-01-26T20:44:49","guid":{"rendered":"https:\/\/petshopmagelan.rs\/?post_type=product&#038;p=5286"},"modified":"2026-01-26T20:44:49","modified_gmt":"2026-01-26T20:44:49","slug":"royal-canin-outdoor-hrana-za-odrasle-macke-koje-provode-mnogo-vremena-napolju-2kg","status":"publish","type":"product","link":"https:\/\/petshopmagelan.rs\/index.php\/product\/royal-canin-outdoor-hrana-za-odrasle-macke-koje-provode-mnogo-vremena-napolju-2kg\/","title":{"rendered":"ROYAL CANIN Outdoor &#8211; Hrana za odrasle ma\u010dke koje provode mnogo vremena napolju, 2kg"},"content":{"rendered":"<p data-start=\"368\" data-end=\"745\"><strong data-start=\"368\" data-end=\"391\">Royal Canin Outdoor<\/strong> je kompletna i uravnote\u017eena suva hrana za odrasle ma\u010dke koje provode mnogo vremena napolju i imaju aktivan na\u010din \u017eivota. Ma\u010dke koje vole spolja\u0161nji svet suo\u010davaju se sa ve\u0107im rizikom od infekcija, borbi sa drugim ma\u010dkama i promenama vremenskih uslova, pa je va\u017eno da njihova ishrana obezbedi adekvatnu podr\u0161ku za <strong data-start=\"705\" data-end=\"744\">imunitet, energiju i op\u0161te zdravlje<\/strong>.<\/p>\n<p data-start=\"747\" data-end=\"1101\">Ova hrana je bogata kalorijama kako bi zadovoljila potrebe aktivnih ma\u010daka, omogu\u0107ila im da se nose sa promenama temperature i pru\u017eila energiju za aktivnosti poput tr\u010danja, skakanja i penjanja. Poseban <strong data-start=\"949\" data-end=\"976\">kompleks antioksidanata<\/strong> poma\u017ee u neutralisanju slobodnih radikala i podr\u017eava zdravlje \u0107elija, dok <strong data-start=\"1051\" data-end=\"1065\">prebiotici<\/strong> odr\u017eavaju optimalnu crevnu floru.<\/p>\n<p data-start=\"1103\" data-end=\"1375\">Kombinacija amino kiselina i vitamina doprinosi zdravlju <strong data-start=\"1160\" data-end=\"1176\">ko\u017ee i dlake<\/strong>, dok <strong data-start=\"1182\" data-end=\"1220\">omega-3 masne kiseline (EPA i DHA)<\/strong> i hranljive materije za zglobove poma\u017eu o\u010duvanju pokretljivosti. Hrana je tako\u0111e formulisana da podr\u017eava <strong data-start=\"1326\" data-end=\"1356\">zdravlje urinarnog sistema<\/strong> odraslih ma\u010daka.<\/p>\n<hr data-start=\"1377\" data-end=\"1380\" \/>\n<h3 data-start=\"1382\" data-end=\"1409\"><strong data-start=\"1386\" data-end=\"1409\">Prednosti proizvoda<\/strong><\/h3>\n<ul data-start=\"1411\" data-end=\"1860\">\n<li data-start=\"1411\" data-end=\"1494\">\n<p data-start=\"1413\" data-end=\"1494\"><strong data-start=\"1413\" data-end=\"1435\">Podr\u0161ka aktivnosti<\/strong> \u2013 visoka energetska vrednost za aktivne spolja\u0161nje ma\u010dke<\/p>\n<\/li>\n<li data-start=\"1495\" data-end=\"1594\">\n<p data-start=\"1497\" data-end=\"1594\"><strong data-start=\"1497\" data-end=\"1514\">Zdravlje ko\u017ee<\/strong> \u2013 amino kiseline, vitamini i antioksidanti za za\u0161titu \u0107elija i ko\u017enog omota\u010da<\/p>\n<\/li>\n<li data-start=\"1595\" data-end=\"1700\">\n<p data-start=\"1597\" data-end=\"1700\"><strong data-start=\"1597\" data-end=\"1618\">Zdravlje zglobova<\/strong> \u2013 omega-3 masne kiseline (EPA i DHA) i hranljive materije za podr\u0161ku zglobovima<\/p>\n<\/li>\n<li data-start=\"1701\" data-end=\"1772\">\n<p data-start=\"1703\" data-end=\"1772\"><strong data-start=\"1703\" data-end=\"1724\">Urinarn\u043e zdravlje<\/strong> \u2013 poma\u017ee odr\u017eavanju zdravog urinarnog sistema<\/p>\n<\/li>\n<li data-start=\"1773\" data-end=\"1860\">\n<p data-start=\"1775\" data-end=\"1860\"><strong data-start=\"1775\" data-end=\"1809\">Kompletna i uravnote\u017eena hrana<\/strong> za odrasle ma\u010dke sa aktivnim spolja\u0161njim \u017eivotom<\/p>\n<\/li>\n<\/ul>\n<hr data-start=\"1862\" data-end=\"1865\" \/>\n<h3 data-start=\"1867\" data-end=\"1881\"><strong data-start=\"1871\" data-end=\"1881\">Sastav<\/strong><\/h3>\n<p data-start=\"1883\" data-end=\"2295\">Dehidrirani proteinski proizvodi peradi, pirina\u010d, kukuruz, \u017eivotinjske masti, p\u0161enica, hidrolizovani \u017eivotinjski proteini, p\u0161eni\u010dni gluten, kukuruzni gluten, proizvodi od kvasca, pulpa \u0161e\u0107erne repe, minerali, riblje ulje, ulje kokosa, sojino ulje, fruktooligosaharidi, kvasci (izvor manan-oligosaharida), ulje bora\u017eine, bra\u0161no od nevena, glukozamin iz fermentacije, hidrolizovana hrskavica (izvor hondroitina).<\/p>\n","protected":false},"excerpt":{"rendered":"<p><strong data-start=\"128\" data-end=\"151\">Royal Canin Outdoor<\/strong> je suva hrana za odrasle ma\u010dke (1\u20137 godina) koje \u010desto izlaze napolje. Posebno formulisana za aktivne, spolja\u0161nje ma\u010dke, podr\u017eava energiju, zdravlje ko\u017ee, zglobova i urinarnog sistema.<\/p>\n","protected":false},"featured_media":5287,"comment_status":"open","ping_status":"closed","template":"","meta":[],"product_brand":[],"product_cat":[299,300,307,310],"product_tag":[],"class_list":{"0":"post-5286","1":"product","2":"type-product","3":"status-publish","4":"has-post-thumbnail","6":"product_cat-macke","7":"product_cat-hrana-za-macke","8":"product_cat-suva-hrana-hrana-za-macke","9":"product_cat-odrasle-macke","12":"instock","13":"shipping-taxable","14":"purchasable","15":"product-type-simple"},"_links":{"self":[{"href":"https:\/\/petshopmagelan.rs\/index.php\/wp-json\/wp\/v2\/product\/5286","targetHints":{"allow":["GET"]}}],"collection":[{"href":"https:\/\/petshopmagelan.rs\/index.php\/wp-json\/wp\/v2\/product"}],"about":[{"href":"https:\/\/petshopmagelan.rs\/index.php\/wp-json\/wp\/v2\/types\/product"}],"replies":[{"embeddable":true,"href":"https:\/\/petshopmagelan.rs\/index.php\/wp-json\/wp\/v2\/comments?post=5286"}],"wp:featuredmedia":[{"embeddable":true,"href":"https:\/\/petshopmagelan.rs\/index.php\/wp-json\/wp\/v2\/media\/5287"}],"wp:attachment":[{"href":"https:\/\/petshopmagelan.rs\/index.php\/wp-json\/wp\/v2\/media?parent=5286"}],"wp:term":[{"taxonomy":"product_brand","embeddable":true,"href":"https:\/\/petshopmagelan.rs\/index.php\/wp-json\/wp\/v2\/product_brand?post=5286"},{"taxonomy":"product_cat","embeddable":true,"href":"https:\/\/petshopmagelan.rs\/index.php\/wp-json\/wp\/v2\/product_cat?post=5286"},{"taxonomy":"product_tag","embeddable":true,"href":"https:\/\/petshopmagelan.rs\/index.php\/wp-json\/wp\/v2\/product_tag?post=5286"}],"curies":[{"name":"wp","href":"https:\/\/api.w.org\/{rel}","templated":true}]}}