{"id":5283,"date":"2026-01-26T20:33:57","date_gmt":"2026-01-26T20:33:57","guid":{"rendered":"https:\/\/petshopmagelan.rs\/?post_type=product&#038;p=5283"},"modified":"2026-01-26T20:33:58","modified_gmt":"2026-01-26T20:33:58","slug":"schesir-vlazna-hrana-za-pse-piletina-sa-ananasom-150gr","status":"publish","type":"product","link":"https:\/\/petshopmagelan.rs\/index.php\/product\/schesir-vlazna-hrana-za-pse-piletina-sa-ananasom-150gr\/","title":{"rendered":"SCHESIR &#8211; Vla\u017ena hrana za pse, Piletina sa ananasom, 150gr"},"content":{"rendered":"<p data-start=\"423\" data-end=\"707\"><strong data-start=\"423\" data-end=\"463\">Piletina sa Ananasom u \u017eeleu (150 g)<\/strong> je komplementarna mokra hrana za odrasle pse, pripremljena od <strong data-start=\"526\" data-end=\"559\">pravih pile\u0107ih fileta (62,2%)<\/strong> i <strong data-start=\"562\" data-end=\"594\">so\u010dnih komadi\u0107a ananasa (4%)<\/strong> u primamljivom \u017eeleu. Ova kombinacija pru\u017ea <strong data-start=\"639\" data-end=\"686\">ukusnu, osve\u017eavaju\u0107u i egzoti\u010dnu poslasticu<\/strong> koju psi obo\u017eavaju.<\/p>\n<p data-start=\"709\" data-end=\"987\">Hrana je <strong data-start=\"718\" data-end=\"735\">100% prirodna<\/strong>, parom obra\u0111ena i ru\u010dno pripremljena, bez dodatih konzervansa i ve\u0161ta\u010dkih boja. Pakovanje je <strong data-start=\"829\" data-end=\"851\">100% recikliraju\u0107e<\/strong> i cruelty-free. Formula je lagana, sa niskim sadr\u017eajem masti i vlakana, \u0161to je \u010dini pogodnom kao dodatak u okviru uravnote\u017eene ishrane.<\/p>\n<p data-start=\"989\" data-end=\"1177\"><strong data-start=\"989\" data-end=\"1016\">Preporuka za hranjenje:<\/strong> Mo\u017ee se davati do 2 konzerve dnevno kao dodatak kompletnoj ishrani, u skladu sa uputstvom. Nakon otvaranja, \u010duvati u fri\u017eideru i upotrebiti u roku od 48 sati.<\/p>\n<h3 data-start=\"1184\" data-end=\"1211\"><strong data-start=\"1188\" data-end=\"1211\">Prednosti proizvoda<\/strong><\/h3>\n<ul data-start=\"1213\" data-end=\"1523\">\n<li data-start=\"1213\" data-end=\"1276\">\n<p data-start=\"1215\" data-end=\"1276\">Napravljeno od <strong data-start=\"1230\" data-end=\"1274\">pravih pile\u0107ih fileta i komadi\u0107a ananasa<\/strong><\/p>\n<\/li>\n<li data-start=\"1277\" data-end=\"1342\">\n<p data-start=\"1279\" data-end=\"1342\"><strong data-start=\"1279\" data-end=\"1305\">100% prirodni sastojci<\/strong> \u2013 bez konzervansa i ve\u0161ta\u010dkih boja<\/p>\n<\/li>\n<li data-start=\"1343\" data-end=\"1382\">\n<p data-start=\"1345\" data-end=\"1382\">Osve\u017eavaju\u0107i i ukusan obrok u \u017eeleu<\/p>\n<\/li>\n<li data-start=\"1383\" data-end=\"1410\">\n<p data-start=\"1385\" data-end=\"1410\">Lagano i lako svarljivo<\/p>\n<\/li>\n<li data-start=\"1411\" data-end=\"1462\">\n<p data-start=\"1413\" data-end=\"1462\">Cruelty-free i pakovanje <strong data-start=\"1438\" data-end=\"1460\">100% recikliraju\u0107e<\/strong><\/p>\n<\/li>\n<li data-start=\"1463\" data-end=\"1523\">\n<p data-start=\"1465\" data-end=\"1523\">Idealno kao <strong data-start=\"1477\" data-end=\"1521\">dodatak kompletnoj ishrani odraslih pasa<\/strong><\/p>\n<\/li>\n<\/ul>\n<h3 data-start=\"1530\" data-end=\"1544\"><strong data-start=\"1534\" data-end=\"1544\">Sastav<\/strong><\/h3>\n<ul data-start=\"1546\" data-end=\"1601\">\n<li data-start=\"1546\" data-end=\"1570\">\n<p data-start=\"1548\" data-end=\"1570\">Pile\u0107i fileti: 62,2%<\/p>\n<\/li>\n<li data-start=\"1571\" data-end=\"1585\">\n<p data-start=\"1573\" data-end=\"1585\">Ananas: 4%<\/p>\n<\/li>\n<li data-start=\"1586\" data-end=\"1601\">\n<p data-start=\"1588\" data-end=\"1601\">Pirina\u010d: 2%<\/p>\n<\/li>\n<\/ul>\n<p data-start=\"1603\" data-end=\"1629\"><strong data-start=\"1603\" data-end=\"1627\">Analiti\u010dki sastojci:<\/strong><\/p>\n<ul data-start=\"1630\" data-end=\"1735\">\n<li data-start=\"1630\" data-end=\"1649\">\n<p data-start=\"1632\" data-end=\"1649\">Proteini: 11,3%<\/p>\n<\/li>\n<li data-start=\"1650\" data-end=\"1672\">\n<p data-start=\"1652\" data-end=\"1672\">Sirove masti: 0,9%<\/p>\n<\/li>\n<li data-start=\"1673\" data-end=\"1696\">\n<p data-start=\"1675\" data-end=\"1696\">Sirova vlakna: 0,1%<\/p>\n<\/li>\n<li data-start=\"1697\" data-end=\"1720\">\n<p data-start=\"1699\" data-end=\"1720\">Sirova pepela: 0,5%<\/p>\n<\/li>\n<li data-start=\"1721\" data-end=\"1735\">\n<p data-start=\"1723\" data-end=\"1735\">Vlaga: 86%<\/p>\n<\/li>\n<\/ul>\n","protected":false},"excerpt":{"rendered":"<p><strong data-start=\"133\" data-end=\"203\">SCHESIR &#8211; Vla\u017ena hrana za pse, Piletina sa ananasom u \u017eeleu<\/strong>\u00a0je ukusna i prirodna mokra hrana, napravljena od pravih pile\u0107ih fileta i komadi\u0107a ananasa. Idealna kao dodatak kompletnoj ishrani, bogata je proteinima i bez ve\u0161ta\u010dkih boja i konzervansa.<\/p>\n","protected":false},"featured_media":5284,"comment_status":"open","ping_status":"closed","template":"","meta":[],"product_brand":[],"product_cat":[263,264,269,271],"product_tag":[],"class_list":{"0":"post-5283","1":"product","2":"type-product","3":"status-publish","4":"has-post-thumbnail","6":"product_cat-psi","7":"product_cat-hrana-za-pse","8":"product_cat-vlazna-i-konzervirana-hrana","9":"product_cat-odrasli-psi-vlazna-i-konzervirana-hrana","12":"instock","13":"shipping-taxable","14":"purchasable","15":"product-type-simple"},"_links":{"self":[{"href":"https:\/\/petshopmagelan.rs\/index.php\/wp-json\/wp\/v2\/product\/5283","targetHints":{"allow":["GET"]}}],"collection":[{"href":"https:\/\/petshopmagelan.rs\/index.php\/wp-json\/wp\/v2\/product"}],"about":[{"href":"https:\/\/petshopmagelan.rs\/index.php\/wp-json\/wp\/v2\/types\/product"}],"replies":[{"embeddable":true,"href":"https:\/\/petshopmagelan.rs\/index.php\/wp-json\/wp\/v2\/comments?post=5283"}],"wp:featuredmedia":[{"embeddable":true,"href":"https:\/\/petshopmagelan.rs\/index.php\/wp-json\/wp\/v2\/media\/5284"}],"wp:attachment":[{"href":"https:\/\/petshopmagelan.rs\/index.php\/wp-json\/wp\/v2\/media?parent=5283"}],"wp:term":[{"taxonomy":"product_brand","embeddable":true,"href":"https:\/\/petshopmagelan.rs\/index.php\/wp-json\/wp\/v2\/product_brand?post=5283"},{"taxonomy":"product_cat","embeddable":true,"href":"https:\/\/petshopmagelan.rs\/index.php\/wp-json\/wp\/v2\/product_cat?post=5283"},{"taxonomy":"product_tag","embeddable":true,"href":"https:\/\/petshopmagelan.rs\/index.php\/wp-json\/wp\/v2\/product_tag?post=5283"}],"curies":[{"name":"wp","href":"https:\/\/api.w.org\/{rel}","templated":true}]}}