{"id":5270,"date":"2026-01-26T20:04:13","date_gmt":"2026-01-26T20:04:13","guid":{"rendered":"https:\/\/petshopmagelan.rs\/?post_type=product&#038;p=5270"},"modified":"2026-01-26T20:04:13","modified_gmt":"2026-01-26T20:04:13","slug":"natures-protection-hrana-za-stence-malih-i-mini-rasa-sa-belom-dlakom-losos-1-5kg","status":"publish","type":"product","link":"https:\/\/petshopmagelan.rs\/index.php\/product\/natures-protection-hrana-za-stence-malih-i-mini-rasa-sa-belom-dlakom-losos-1-5kg\/","title":{"rendered":"NATURE&#8217;S PROTECTION &#8211; Hrana za \u0161tence malih i mini rasa sa belom dlakom, Losos, 1.5kg"},"content":{"rendered":"<p data-start=\"494\" data-end=\"823\"><strong data-start=\"494\" data-end=\"564\">Nature\u2019s Protection Superior Care White Dogs Grain Free sa lososom<\/strong> je kompletna i uravnote\u017eena suva hrana namenjena junior psima svih rasa sa belom ili svetlom dlakom. Ova super premium formula razvijena je kako bi podr\u017eala pravilan rast i razvoj mladih pasa, uz poseban fokus na zdravlje ko\u017ee i o\u010duvanje prirodne boje dlake.<\/p>\n<p data-start=\"825\" data-end=\"1065\">Glavni izvor proteina je <strong data-start=\"850\" data-end=\"859\">losos<\/strong>, koji je lako svarljiv, hipoalergen i bogat vitaminima A i D, kao i omega masnim kiselinama va\u017enim za razvoj organizma. Hrana je pogodna za osetljive pse i doprinosi pravilnom razvoju mi\u0161i\u0107a, ko\u017ee i dlake.<\/p>\n<p data-start=\"1067\" data-end=\"1388\">Formula sadr\u017ei <strong data-start=\"1082\" data-end=\"1102\">antarkti\u010dki kril<\/strong>, odr\u017eiv izvor omega-3 masnih kiselina i holina, koji imaju va\u017enu ulogu u razvoju mozga, nervnog sistema i op\u0161tem rastu mladih pasa. Dodatak prirodnog minerala <strong data-start=\"1262\" data-end=\"1312\">MicroZeoGen (klinoptilolit vulkanskog porekla)<\/strong> poma\u017ee detoksikaciju organizma i pobolj\u0161ava apsorpciju hranljivih materija.<\/p>\n<p data-start=\"1390\" data-end=\"1558\">Oboga\u0107ena vitaminima A i D, kao i optimalnim odnosom omega-3 i omega-6 masnih kiselina, ova hrana doprinosi zdravoj ko\u017ei, sjajnoj dlaci i o\u010duvanju intenzivne bele boje.<\/p>\n<h3 data-start=\"1565\" data-end=\"1592\"><strong data-start=\"1569\" data-end=\"1592\">Prednosti proizvoda<\/strong><\/h3>\n<ul data-start=\"1594\" data-end=\"2087\">\n<li data-start=\"1594\" data-end=\"1650\">\n<p data-start=\"1596\" data-end=\"1650\">Bez \u017eitarica \u2013 pogodno za pse sa osetljivim varenjem<\/p>\n<\/li>\n<li data-start=\"1651\" data-end=\"1708\">\n<p data-start=\"1653\" data-end=\"1708\">Posebno namenjena psima sa <strong data-start=\"1680\" data-end=\"1706\">belom i svetlom dlakom<\/strong><\/p>\n<\/li>\n<li data-start=\"1709\" data-end=\"1769\">\n<p data-start=\"1711\" data-end=\"1769\"><strong data-start=\"1711\" data-end=\"1726\">Losos (44%)<\/strong> kao glavni i hipoalergeni izvor proteina<\/p>\n<\/li>\n<li data-start=\"1770\" data-end=\"1814\">\n<p data-start=\"1772\" data-end=\"1814\">Poma\u017ee u <strong data-start=\"1781\" data-end=\"1814\">smanjenju sme\u0111ih suznih mrlja<\/strong><\/p>\n<\/li>\n<li data-start=\"1815\" data-end=\"1871\">\n<p data-start=\"1817\" data-end=\"1871\">Antarkti\u010dki kril kao prirodan izvor omega-3 i holina<\/p>\n<\/li>\n<li data-start=\"1872\" data-end=\"1915\">\n<p data-start=\"1874\" data-end=\"1915\">Podr\u0161ka razvoju mozga i nervnog sistema<\/p>\n<\/li>\n<li data-start=\"1916\" data-end=\"1991\">\n<p data-start=\"1918\" data-end=\"1991\"><strong data-start=\"1918\" data-end=\"1933\">MicroZeoGen<\/strong> za detoksikaciju i bolju apsorpciju hranljivih materija<\/p>\n<\/li>\n<li data-start=\"1992\" data-end=\"2036\">\n<p data-start=\"1994\" data-end=\"2036\">Podr\u017eava zdrav rast, ko\u017eu i sjajnu dlaku<\/p>\n<\/li>\n<li data-start=\"2037\" data-end=\"2087\">\n<p data-start=\"2039\" data-end=\"2087\">Super premium kvalitet sa inovativnim sastojcima<\/p>\n<\/li>\n<\/ul>\n<h3 data-start=\"2094\" data-end=\"2108\"><strong data-start=\"2098\" data-end=\"2108\">Sastav<\/strong><\/h3>\n<p data-start=\"2110\" data-end=\"2386\">Losos 44% (su\u0161en i fino mleven), su\u0161ena pulpa krompira, batat, \u017eivinska mast, gra\u0161ak, bra\u0161no od krila (min. 4%), pulpa \u0161e\u0107erne repe, lososovo ulje, laneno seme, dinami\u010dki mikronizovani klinoptilolit (1%), fruktooligosaharidi (FOS), ekstrakt juke, su\u0161eni neven (izvor luteina).<\/p>\n","protected":false},"excerpt":{"rendered":"<p><strong data-start=\"194\" data-end=\"256\">Nature\u2019s Protection Superior Care <\/strong>\u00a0je super premium suva hrana bez \u017eitarica za \u0161tence i mlade pse svih rasa sa belom dlakom. Sa lososom kao glavnim izvorom proteina, podr\u017eava zdrav razvoj, ko\u017eu, dlaku i poma\u017ee u smanjenju sme\u0111ih suznih mrlja.<\/p>\n","protected":false},"featured_media":5273,"comment_status":"open","ping_status":"closed","template":"","meta":[],"product_brand":[],"product_cat":[263,264,265,266],"product_tag":[],"class_list":{"0":"post-5270","1":"product","2":"type-product","3":"status-publish","4":"has-post-thumbnail","6":"product_cat-psi","7":"product_cat-hrana-za-pse","8":"product_cat-suva-hrana","9":"product_cat-stenci","12":"instock","13":"shipping-taxable","14":"purchasable","15":"product-type-simple"},"_links":{"self":[{"href":"https:\/\/petshopmagelan.rs\/index.php\/wp-json\/wp\/v2\/product\/5270","targetHints":{"allow":["GET"]}}],"collection":[{"href":"https:\/\/petshopmagelan.rs\/index.php\/wp-json\/wp\/v2\/product"}],"about":[{"href":"https:\/\/petshopmagelan.rs\/index.php\/wp-json\/wp\/v2\/types\/product"}],"replies":[{"embeddable":true,"href":"https:\/\/petshopmagelan.rs\/index.php\/wp-json\/wp\/v2\/comments?post=5270"}],"wp:featuredmedia":[{"embeddable":true,"href":"https:\/\/petshopmagelan.rs\/index.php\/wp-json\/wp\/v2\/media\/5273"}],"wp:attachment":[{"href":"https:\/\/petshopmagelan.rs\/index.php\/wp-json\/wp\/v2\/media?parent=5270"}],"wp:term":[{"taxonomy":"product_brand","embeddable":true,"href":"https:\/\/petshopmagelan.rs\/index.php\/wp-json\/wp\/v2\/product_brand?post=5270"},{"taxonomy":"product_cat","embeddable":true,"href":"https:\/\/petshopmagelan.rs\/index.php\/wp-json\/wp\/v2\/product_cat?post=5270"},{"taxonomy":"product_tag","embeddable":true,"href":"https:\/\/petshopmagelan.rs\/index.php\/wp-json\/wp\/v2\/product_tag?post=5270"}],"curies":[{"name":"wp","href":"https:\/\/api.w.org\/{rel}","templated":true}]}}