{"id":5266,"date":"2026-01-26T19:48:47","date_gmt":"2026-01-26T19:48:47","guid":{"rendered":"https:\/\/petshopmagelan.rs\/?post_type=product&#038;p=5266"},"modified":"2026-01-26T19:48:47","modified_gmt":"2026-01-26T19:48:47","slug":"royal-canin-maltese-suva-hrana-za-odrasle-maltezere-1-5kg","status":"publish","type":"product","link":"https:\/\/petshopmagelan.rs\/index.php\/product\/royal-canin-maltese-suva-hrana-za-odrasle-maltezere-1-5kg\/","title":{"rendered":"ROYAL CANIN Maltese &#8211; Suva hrana za odrasle maltezere, 1.5kg"},"content":{"rendered":"<p data-start=\"405\" data-end=\"667\"><strong data-start=\"405\" data-end=\"434\">Royal Canin Maltese Adult<\/strong> je premium suva hrana namenjena odraslim i zrelim psima rase maltezer, starijim od 10 meseci. Formulisana je u skladu sa specifi\u010dnim nutritivnim potrebama ove rase, kako bi podr\u017eala zdravlje, vitalnost i svakodnevno blagostanje psa.<\/p>\n<p data-start=\"669\" data-end=\"1002\">Maltezeri su poznati po svojoj dugoj, beloj i svilenkastoj dlaci, zbog \u010dega je pravilna ishrana od klju\u010dnog zna\u010daja za o\u010duvanje njenog kvaliteta. Ova formula sadr\u017ei prilago\u0111en nivo <strong data-start=\"850\" data-end=\"889\">omega-3 masnih kiselina (EPA i DHA)<\/strong>, <strong data-start=\"891\" data-end=\"918\">omega-6 masnih kiselina<\/strong>, <strong data-start=\"920\" data-end=\"937\">ulje bora\u017eine<\/strong> i <strong data-start=\"940\" data-end=\"950\">biotin<\/strong>, koji doprinose zdravoj ko\u017ei i lepom izgledu dlake.<\/p>\n<p data-start=\"1004\" data-end=\"1252\">Zahvaljuju\u0107i visokoj palatabilnosti i pa\u017eljivo odabranoj kombinaciji ukusa, hrana je prilago\u0111ena i najizbirljivijim psima. Tako\u0111e, sastojci koji podr\u017eavaju zdravlje digestivnog sistema doprinose <strong data-start=\"1199\" data-end=\"1251\">smanjenju zapremine i neprijatnog mirisa stolice<\/strong>.<\/p>\n<p data-start=\"1254\" data-end=\"1419\">Kroketi su posebno dizajnirani za finu vilicu maltezera, a prisustvo <strong data-start=\"1323\" data-end=\"1345\">helatora kalcijuma<\/strong> poma\u017ee u usporavanju stvaranja zubnog kamenca i o\u010duvanju oralne higijene.<\/p>\n<h3 data-start=\"1426\" data-end=\"1453\"><strong data-start=\"1430\" data-end=\"1453\">Prednosti proizvoda<\/strong><\/h3>\n<ul data-start=\"1455\" data-end=\"1817\">\n<li data-start=\"1455\" data-end=\"1504\">\n<p data-start=\"1457\" data-end=\"1504\">Podr\u017eava <strong data-start=\"1466\" data-end=\"1504\">zdravlje i lepotu duge, bele dlake<\/strong><\/p>\n<\/li>\n<li data-start=\"1505\" data-end=\"1556\">\n<p data-start=\"1507\" data-end=\"1556\">Oboga\u0107ena <strong data-start=\"1517\" data-end=\"1556\">omega-3 i omega-6 masnim kiselinama<\/strong><\/p>\n<\/li>\n<li data-start=\"1557\" data-end=\"1607\">\n<p data-start=\"1559\" data-end=\"1607\">Sadr\u017ei <strong data-start=\"1566\" data-end=\"1592\">ulje bora\u017eine i biotin<\/strong> za zdravu ko\u017eu<\/p>\n<\/li>\n<li data-start=\"1608\" data-end=\"1659\">\n<p data-start=\"1610\" data-end=\"1659\">Poma\u017ee u <strong data-start=\"1619\" data-end=\"1659\">smanjenju mirisa i zapremine stolice<\/strong><\/p>\n<\/li>\n<li data-start=\"1660\" data-end=\"1714\">\n<p data-start=\"1662\" data-end=\"1714\">Visoka palatabilnost \u2013 pogodna za <strong data-start=\"1696\" data-end=\"1714\">izbirljive pse<\/strong><\/p>\n<\/li>\n<li data-start=\"1715\" data-end=\"1766\">\n<p data-start=\"1717\" data-end=\"1766\">Poseban oblik granula prilago\u0111en vilici maltezera<\/p>\n<\/li>\n<li data-start=\"1767\" data-end=\"1817\">\n<p data-start=\"1769\" data-end=\"1817\">Doprinosi <strong data-start=\"1779\" data-end=\"1817\">smanjenju stvaranja zubnog kamenca<\/strong><\/p>\n<\/li>\n<\/ul>\n<h3 data-start=\"1824\" data-end=\"1838\"><strong data-start=\"1828\" data-end=\"1838\">Sastav<\/strong><\/h3>\n<p data-start=\"1840\" data-end=\"2260\">Kukuruz, pirina\u010d, dehidrirani proteini \u017eivine, \u017eivotinjske masti, hidrolizovani \u017eivotinjski proteini, dehidrirani proteini svinjetine, kukuruzno bra\u0161no, biljni proteinski izolat*, pulpa cikorije, sojino ulje, riblje ulje, kvasci i delovi kvasaca, minerali, frukto-oligosaharidi, ulje bora\u017eine (0,1%), ekstrakt nevena (izvor luteina), hidrolizovani rakovi (izvor glukozamina), hidrolizovana hrskavica (izvor hondroitina).<\/p>\n<p data-start=\"2262\" data-end=\"2289\">* Izolat biljnih proteina.<\/p>\n","protected":false},"excerpt":{"rendered":"<p><strong data-start=\"167\" data-end=\"196\">Royal Canin Maltese Adult<\/strong> je kompletna suva hrana za odrasle i zrele maltezere starije od 10 meseci. Specijalno formulisana za zdravu ko\u017eu, sjajnu belu dlaku, dobru digestiju i dentalnu higijenu ove rase.<\/p>\n","protected":false},"featured_media":5267,"comment_status":"open","ping_status":"closed","template":"","meta":[],"product_brand":[],"product_cat":[263,264,265,267],"product_tag":[],"class_list":{"0":"post-5266","1":"product","2":"type-product","3":"status-publish","4":"has-post-thumbnail","6":"product_cat-psi","7":"product_cat-hrana-za-pse","8":"product_cat-suva-hrana","9":"product_cat-odrasli-psi","12":"instock","13":"shipping-taxable","14":"purchasable","15":"product-type-simple"},"_links":{"self":[{"href":"https:\/\/petshopmagelan.rs\/index.php\/wp-json\/wp\/v2\/product\/5266","targetHints":{"allow":["GET"]}}],"collection":[{"href":"https:\/\/petshopmagelan.rs\/index.php\/wp-json\/wp\/v2\/product"}],"about":[{"href":"https:\/\/petshopmagelan.rs\/index.php\/wp-json\/wp\/v2\/types\/product"}],"replies":[{"embeddable":true,"href":"https:\/\/petshopmagelan.rs\/index.php\/wp-json\/wp\/v2\/comments?post=5266"}],"wp:featuredmedia":[{"embeddable":true,"href":"https:\/\/petshopmagelan.rs\/index.php\/wp-json\/wp\/v2\/media\/5267"}],"wp:attachment":[{"href":"https:\/\/petshopmagelan.rs\/index.php\/wp-json\/wp\/v2\/media?parent=5266"}],"wp:term":[{"taxonomy":"product_brand","embeddable":true,"href":"https:\/\/petshopmagelan.rs\/index.php\/wp-json\/wp\/v2\/product_brand?post=5266"},{"taxonomy":"product_cat","embeddable":true,"href":"https:\/\/petshopmagelan.rs\/index.php\/wp-json\/wp\/v2\/product_cat?post=5266"},{"taxonomy":"product_tag","embeddable":true,"href":"https:\/\/petshopmagelan.rs\/index.php\/wp-json\/wp\/v2\/product_tag?post=5266"}],"curies":[{"name":"wp","href":"https:\/\/api.w.org\/{rel}","templated":true}]}}