{"id":5261,"date":"2026-01-26T19:38:17","date_gmt":"2026-01-26T19:38:17","guid":{"rendered":"https:\/\/petshopmagelan.rs\/?post_type=product&#038;p=5261"},"modified":"2026-01-26T19:38:17","modified_gmt":"2026-01-26T19:38:17","slug":"monge-vetsolution-diabetic-hrana-za-pse-sa-dijabetesom-piletina-2kg","status":"publish","type":"product","link":"https:\/\/petshopmagelan.rs\/index.php\/product\/monge-vetsolution-diabetic-hrana-za-pse-sa-dijabetesom-piletina-2kg\/","title":{"rendered":"MONGE VetSolution Diabetic &#8211; Hrana za pse sa dijabetesom, Piletina, 2kg"},"content":{"rendered":"<p data-start=\"428\" data-end=\"691\"><strong data-start=\"428\" data-end=\"465\">Monge VetSolution Diabetic Canine<\/strong> je specijalna dijetetska hrana namenjena psima obolelim od <strong data-start=\"525\" data-end=\"547\">dijabetes melitusa<\/strong>, razvijena za kontrolu i regulaciju unosa glukoze. Proizvedena u Italiji, ova formula je namenjena isklju\u010divo uz preporuku i nadzor veterinara.<\/p>\n<p data-start=\"693\" data-end=\"985\">Receptura se odlikuje <strong data-start=\"715\" data-end=\"754\">niskim sadr\u017eajem mono- i disaharida<\/strong>, \u0161to doprinosi stabilnijem nivou \u0161e\u0107era u krvi. Hrana je oboga\u0107ena koncentratom soka od dinje, prirodnim izvorom superoksid-dismutaze, koji poma\u017ee u neutralizaciji slobodnih radikala i doprinosi antioksidativnoj za\u0161titi organizma.<\/p>\n<p data-start=\"987\" data-end=\"1322\">Dodatak <strong data-start=\"995\" data-end=\"1020\">piskavice (fenugreek)<\/strong> poznate po hipoglikemijskom dejstvu doprinosi boljoj kontroli glikemije, dok <strong data-start=\"1098\" data-end=\"1127\">ksilo-oligosaharidi (XOS)<\/strong> poma\u017eu o\u010duvanje zdrave crevne mikrobiote. Pa\u017eljivo odabrani izvori proteina i ugljenih hidrata omogu\u0107avaju uravnote\u017eenu ishranu prilago\u0111enu specifi\u010dnim nutritivnim potrebama pasa sa dijabetesom.<\/p>\n<h3 data-start=\"1329\" data-end=\"1356\"><strong data-start=\"1333\" data-end=\"1356\">Prednosti proizvoda<\/strong><\/h3>\n<ul data-start=\"1358\" data-end=\"1720\">\n<li data-start=\"1358\" data-end=\"1402\">\n<p data-start=\"1360\" data-end=\"1402\">Namenjena psima sa <strong data-start=\"1379\" data-end=\"1402\">dijabetes melitusom<\/strong><\/p>\n<\/li>\n<li data-start=\"1403\" data-end=\"1449\">\n<p data-start=\"1405\" data-end=\"1449\">Poma\u017ee u <strong data-start=\"1414\" data-end=\"1449\">regulaciji nivoa glukoze u krvi<\/strong><\/p>\n<\/li>\n<li data-start=\"1450\" data-end=\"1488\">\n<p data-start=\"1452\" data-end=\"1488\">Nizak sadr\u017eaj <strong data-start=\"1466\" data-end=\"1488\">mono- i disaharida<\/strong><\/p>\n<\/li>\n<li data-start=\"1489\" data-end=\"1552\">\n<p data-start=\"1491\" data-end=\"1552\">Sadr\u017ei <strong data-start=\"1498\" data-end=\"1523\">piskavicu (fenugreek)<\/strong> sa hipoglikemijskim dejstvom<\/p>\n<\/li>\n<li data-start=\"1553\" data-end=\"1610\">\n<p data-start=\"1555\" data-end=\"1610\">Koncentrat soka od dinje za <strong data-start=\"1583\" data-end=\"1610\">antioksidativnu za\u0161titu<\/strong><\/p>\n<\/li>\n<li data-start=\"1611\" data-end=\"1661\">\n<p data-start=\"1613\" data-end=\"1661\"><strong data-start=\"1613\" data-end=\"1631\">XOS prebiotici<\/strong> za podr\u0161ku crevnoj mikrobioti<\/p>\n<\/li>\n<li data-start=\"1662\" data-end=\"1696\">\n<p data-start=\"1664\" data-end=\"1696\">Bez ve\u0161ta\u010dkih boja i konzervansa<\/p>\n<\/li>\n<li data-start=\"1697\" data-end=\"1720\">\n<p data-start=\"1699\" data-end=\"1720\">Proizvedeno u Italiji<\/p>\n<\/li>\n<\/ul>\n<h3 data-start=\"1727\" data-end=\"1741\"><strong data-start=\"1731\" data-end=\"1741\">Sastav<\/strong><\/h3>\n<p data-start=\"1743\" data-end=\"2204\">Su\u0161eno pile\u0107e meso (20%), tapioka (20%)<strong data-start=\"1782\" data-end=\"1801\">, krompir (14%)<\/strong>, vlakna gra\u0161ka, su\u0161ena riba (in\u0107uni 7%), su\u0161ena jaja, riblje ulje (lososovo ulje)<em data-start=\"1883\" data-end=\"1974\">, su\u0161eno pa\u010dje meso, inaktivisani pivski kvasac, minerali, \u017eivotinjska mast (pile\u0107e ulje)<\/em>, ksilo-oligosaharidi (XOS 0,4%), seme piskavice (0,15%), proizvodi i nusproizvodi prerade sve\u017eeg vo\u0107a i povr\u0107a (koncentrat soka od dinje \u2013 <em data-start=\"2114\" data-end=\"2142\">Cucumis melo cantalupensis<\/em> \u2013 izvor superoksid-dismutaze 0,005%), mle\u010dni proteinski prah.<\/p>\n<p data-start=\"2206\" data-end=\"2300\">* Pre\u010di\u0161\u0107eno na 99,6%, konzervisano prirodnim antioksidansima.<br data-start=\"2269\" data-end=\"2272\" \/>** Izvori ugljenih hidrata.<\/p>\n","protected":false},"excerpt":{"rendered":"<p><strong data-start=\"136\" data-end=\"173\">Monge VetSolution Diabetic<\/strong>\u00a0je kompletna veterinarska dijetetska hrana za pse sa dijabetesom. Formulisana je za regulaciju nivoa glukoze u krvi, sa niskim sadr\u017eajem mono- i disaharida i dodatkom funkcionalnih sastojaka za podr\u0161ku metabolizmu i varenju.<\/p>\n","protected":false},"featured_media":5262,"comment_status":"open","ping_status":"closed","template":"","meta":[],"product_brand":[],"product_cat":[263,264,265,267,268],"product_tag":[],"class_list":{"0":"post-5261","1":"product","2":"type-product","3":"status-publish","4":"has-post-thumbnail","6":"product_cat-psi","7":"product_cat-hrana-za-pse","8":"product_cat-suva-hrana","9":"product_cat-odrasli-psi","10":"product_cat-hipoalergenska-dijetalna-hrana","13":"instock","14":"shipping-taxable","15":"purchasable","16":"product-type-simple"},"_links":{"self":[{"href":"https:\/\/petshopmagelan.rs\/index.php\/wp-json\/wp\/v2\/product\/5261","targetHints":{"allow":["GET"]}}],"collection":[{"href":"https:\/\/petshopmagelan.rs\/index.php\/wp-json\/wp\/v2\/product"}],"about":[{"href":"https:\/\/petshopmagelan.rs\/index.php\/wp-json\/wp\/v2\/types\/product"}],"replies":[{"embeddable":true,"href":"https:\/\/petshopmagelan.rs\/index.php\/wp-json\/wp\/v2\/comments?post=5261"}],"wp:featuredmedia":[{"embeddable":true,"href":"https:\/\/petshopmagelan.rs\/index.php\/wp-json\/wp\/v2\/media\/5262"}],"wp:attachment":[{"href":"https:\/\/petshopmagelan.rs\/index.php\/wp-json\/wp\/v2\/media?parent=5261"}],"wp:term":[{"taxonomy":"product_brand","embeddable":true,"href":"https:\/\/petshopmagelan.rs\/index.php\/wp-json\/wp\/v2\/product_brand?post=5261"},{"taxonomy":"product_cat","embeddable":true,"href":"https:\/\/petshopmagelan.rs\/index.php\/wp-json\/wp\/v2\/product_cat?post=5261"},{"taxonomy":"product_tag","embeddable":true,"href":"https:\/\/petshopmagelan.rs\/index.php\/wp-json\/wp\/v2\/product_tag?post=5261"}],"curies":[{"name":"wp","href":"https:\/\/api.w.org\/{rel}","templated":true}]}}