{"id":5258,"date":"2026-01-26T19:23:53","date_gmt":"2026-01-26T19:23:53","guid":{"rendered":"https:\/\/petshopmagelan.rs\/?post_type=product&#038;p=5258"},"modified":"2026-01-26T19:23:53","modified_gmt":"2026-01-26T19:23:53","slug":"monge-bwild-vlazna-hrana-za-odrasle-pse-losos-bundeva-i-tikvica-400gr","status":"publish","type":"product","link":"https:\/\/petshopmagelan.rs\/index.php\/product\/monge-bwild-vlazna-hrana-za-odrasle-pse-losos-bundeva-i-tikvica-400gr\/","title":{"rendered":"MONGE BWild &#8211; Vla\u017ena hrana za odrasle pse, Losos, bundeva i tikvica, 400gr"},"content":{"rendered":"<p data-start=\"474\" data-end=\"779\"><strong data-start=\"474\" data-end=\"568\">Monge Natural Super Premium BWild Grain Free Formula \u2013 losos sa bundevom i tikvicom u sosu<\/strong> je kompletna vla\u017ena hrana namenjena odraslim psima svih veli\u010dina. Proizvedena u Italiji, ova hrana je razvijena kako bi podr\u017eala op\u0161te zdravlje i vitalnost pasa kroz pa\u017eljivo odabrane, visokokvalitetne sastojke.<\/p>\n<p data-start=\"781\" data-end=\"1073\">Receptura je <strong data-start=\"794\" data-end=\"810\">bez \u017eitarica<\/strong> i sadr\u017ei alternativne izvore ugljenih hidrata biljnog porekla, poput bundeve i tikvica, \u0161to je \u010dini pogodnom za pse sa osetljivim varenjem. Osnovu \u010dini <strong data-start=\"963\" data-end=\"977\">sve\u017e losos<\/strong>, kao kvalitetan izvor proteina i omega-3 masnih kiselina, koje doprinose zdravlju ko\u017ee i dlake.<\/p>\n<p data-start=\"1075\" data-end=\"1351\">Formula je dodatno oboga\u0107ena <strong data-start=\"1104\" data-end=\"1142\">prebioticima nove generacije (XOS)<\/strong> koji podr\u017eavaju ravnote\u017eu crevne flore, kao i sastojcima koji doprinose zdravlju zglobova. Kombinacija vo\u0107a, povr\u0107a i prirodnih dodataka pru\u017ea nutritivnu raznovrsnost i doprinosi svakodnevnom blagostanju psa.<\/p>\n<h3 data-start=\"1358\" data-end=\"1385\"><strong data-start=\"1362\" data-end=\"1385\">Prednosti proizvoda<\/strong><\/h3>\n<ul data-start=\"1387\" data-end=\"1852\">\n<li data-start=\"1387\" data-end=\"1455\">\n<p data-start=\"1389\" data-end=\"1455\">Bez \u017eitarica \u2013 pogodno za pse sa osetljivim digestivnim sistemom<\/p>\n<\/li>\n<li data-start=\"1456\" data-end=\"1516\">\n<p data-start=\"1458\" data-end=\"1516\">Sa <strong data-start=\"1461\" data-end=\"1485\">sve\u017eim lososom (26%)<\/strong> kao glavnim izvorom proteina<\/p>\n<\/li>\n<li data-start=\"1517\" data-end=\"1579\">\n<p data-start=\"1519\" data-end=\"1579\">Bundeva i tikvica kao alternativni izvori ugljenih hidrata<\/p>\n<\/li>\n<li data-start=\"1580\" data-end=\"1640\">\n<p data-start=\"1582\" data-end=\"1640\">Podr\u0161ka zdravlju creva zahvaljuju\u0107i <strong data-start=\"1618\" data-end=\"1638\">XOS prebioticima<\/strong><\/p>\n<\/li>\n<li data-start=\"1641\" data-end=\"1719\">\n<p data-start=\"1643\" data-end=\"1719\">Doprinos zdravlju zglobova uz dodatak <strong data-start=\"1681\" data-end=\"1717\">glukozamina i hondroitin sulfata<\/strong><\/p>\n<\/li>\n<li data-start=\"1720\" data-end=\"1776\">\n<p data-start=\"1722\" data-end=\"1776\">Omega-3 masne kiseline za zdravu ko\u017eu i sjajnu dlaku<\/p>\n<\/li>\n<li data-start=\"1777\" data-end=\"1828\">\n<p data-start=\"1779\" data-end=\"1828\">Pogodno za odrasle pse <strong data-start=\"1802\" data-end=\"1826\">svih rasa i veli\u010dina<\/strong><\/p>\n<\/li>\n<li data-start=\"1829\" data-end=\"1852\">\n<p data-start=\"1831\" data-end=\"1852\">Proizvedeno u Italiji<\/p>\n<\/li>\n<\/ul>\n<h3 data-start=\"1859\" data-end=\"1873\"><strong data-start=\"1863\" data-end=\"1873\">Sastav<\/strong><\/h3>\n<p data-start=\"1875\" data-end=\"2238\">Sve\u017e losos (26%), svinjska jetra, pile\u0107e meso, lososovo ulje, proizvodi od kvasca, su\u0161ena bundeva 2% (odgovara 8,6% sve\u017ee bundeve), su\u0161ene tikvice 2% (odgovara 8,6% sve\u017eih tikvica), minerali, krompir, sve\u017ee borovnice, sve\u017ee brusnice, sve\u017ee maline, ksilo-oligosaharidi (XOS 0,1%), Yucca schidigera, spirulina (0,1%), glukozamin (0,019%), hondroitin sulfat (0,01%).<\/p>\n","protected":false},"excerpt":{"rendered":"<p><strong data-start=\"182\" data-end=\"260\">Monge Natural Super Premium BWild losos sa bundevom i tikvicom<\/strong> je vla\u017ena hrana za odrasle pse svih rasa bez \u017eitarica. Sa sve\u017eim lososom, povr\u0107em i funkcionalnim dodacima, pru\u017ea kompletnu i uravnote\u017eenu ishranu uz podr\u0161ku varenju i zdravlju zglobova.<\/p>\n","protected":false},"featured_media":5259,"comment_status":"open","ping_status":"closed","template":"","meta":[],"product_brand":[],"product_cat":[263,264,269,271],"product_tag":[],"class_list":{"0":"post-5258","1":"product","2":"type-product","3":"status-publish","4":"has-post-thumbnail","6":"product_cat-psi","7":"product_cat-hrana-za-pse","8":"product_cat-vlazna-i-konzervirana-hrana","9":"product_cat-odrasli-psi-vlazna-i-konzervirana-hrana","12":"instock","13":"shipping-taxable","14":"purchasable","15":"product-type-simple"},"_links":{"self":[{"href":"https:\/\/petshopmagelan.rs\/index.php\/wp-json\/wp\/v2\/product\/5258","targetHints":{"allow":["GET"]}}],"collection":[{"href":"https:\/\/petshopmagelan.rs\/index.php\/wp-json\/wp\/v2\/product"}],"about":[{"href":"https:\/\/petshopmagelan.rs\/index.php\/wp-json\/wp\/v2\/types\/product"}],"replies":[{"embeddable":true,"href":"https:\/\/petshopmagelan.rs\/index.php\/wp-json\/wp\/v2\/comments?post=5258"}],"wp:featuredmedia":[{"embeddable":true,"href":"https:\/\/petshopmagelan.rs\/index.php\/wp-json\/wp\/v2\/media\/5259"}],"wp:attachment":[{"href":"https:\/\/petshopmagelan.rs\/index.php\/wp-json\/wp\/v2\/media?parent=5258"}],"wp:term":[{"taxonomy":"product_brand","embeddable":true,"href":"https:\/\/petshopmagelan.rs\/index.php\/wp-json\/wp\/v2\/product_brand?post=5258"},{"taxonomy":"product_cat","embeddable":true,"href":"https:\/\/petshopmagelan.rs\/index.php\/wp-json\/wp\/v2\/product_cat?post=5258"},{"taxonomy":"product_tag","embeddable":true,"href":"https:\/\/petshopmagelan.rs\/index.php\/wp-json\/wp\/v2\/product_tag?post=5258"}],"curies":[{"name":"wp","href":"https:\/\/api.w.org\/{rel}","templated":true}]}}