{"id":5208,"date":"2026-01-23T12:58:24","date_gmt":"2026-01-23T12:58:24","guid":{"rendered":"https:\/\/petshopmagelan.rs\/?post_type=product&#038;p=5208"},"modified":"2026-02-04T17:56:29","modified_gmt":"2026-02-04T17:56:29","slug":"animology-feline-great-sampon-za-macke-breskva-250ml","status":"publish","type":"product","link":"https:\/\/petshopmagelan.rs\/index.php\/product\/animology-feline-great-sampon-za-macke-breskva-250ml\/","title":{"rendered":"ANIMOLOGY Feline Great &#8211; \u0160ampon za ma\u010dke, Breskva, 250ml"},"content":{"rendered":"<p data-start=\"407\" data-end=\"614\"><strong data-start=\"407\" data-end=\"456\">Feline Great \u0161ampon za ma\u010dke 250 ml \u2013 breskva<\/strong> pru\u017ea ne\u017enu i efikasnu negu ko\u017ee i dlake va\u0161e ma\u010dke. Njegova blaga formula \u010disti dlaku, \u010dini je mekanom i sjajnom, a prirodni sastojci neguju i \u0161tite ko\u017eu.<\/p>\n<h3 data-start=\"616\" data-end=\"638\">Klju\u010dne prednosti:<\/h3>\n<ul data-start=\"639\" data-end=\"906\">\n<li data-start=\"639\" data-end=\"703\">\n<p data-start=\"641\" data-end=\"703\">Ne\u017ena i blagorodna formula pogodna za sve tipove ma\u010dje dlake<\/p>\n<\/li>\n<li data-start=\"704\" data-end=\"764\">\n<p data-start=\"706\" data-end=\"764\">Ekstrakt <strong data-start=\"715\" data-end=\"728\">aloe vere<\/strong> umiruje i \u0161titi ko\u017eu od iritacija<\/p>\n<\/li>\n<li data-start=\"765\" data-end=\"818\">\n<p data-start=\"767\" data-end=\"818\"><strong data-start=\"767\" data-end=\"797\">Pro-vitamin B5 (Panthenol)<\/strong> hrani i ja\u010da dlaku<\/p>\n<\/li>\n<li data-start=\"819\" data-end=\"874\">\n<p data-start=\"821\" data-end=\"874\">Ostavlja prijatan miris i meku, lako \u010de\u0161ljivu dlaku<\/p>\n<\/li>\n<li data-start=\"875\" data-end=\"906\">\n<p data-start=\"877\" data-end=\"906\">Pogodan za redovnu upotrebu<\/p>\n<\/li>\n<\/ul>\n<h3 data-start=\"908\" data-end=\"919\">Sastav:<\/h3>\n<ul data-start=\"920\" data-end=\"1212\">\n<li data-start=\"920\" data-end=\"935\">\n<p data-start=\"922\" data-end=\"935\">Aqua (voda)<\/p>\n<\/li>\n<li data-start=\"936\" data-end=\"973\">\n<p data-start=\"938\" data-end=\"973\">Sodium Lauroyl Methyl Isethionate<\/p>\n<\/li>\n<li data-start=\"974\" data-end=\"996\">\n<p data-start=\"976\" data-end=\"996\">PEG-150 Distearate<\/p>\n<\/li>\n<li data-start=\"997\" data-end=\"1023\">\n<p data-start=\"999\" data-end=\"1023\">Cocamidopropyl Betaine<\/p>\n<\/li>\n<li data-start=\"1024\" data-end=\"1036\">\n<p data-start=\"1026\" data-end=\"1036\">Glycerin<\/p>\n<\/li>\n<li data-start=\"1037\" data-end=\"1056\">\n<p data-start=\"1039\" data-end=\"1056\">Sodium Chloride<\/p>\n<\/li>\n<li data-start=\"1057\" data-end=\"1077\">\n<p data-start=\"1059\" data-end=\"1077\">Benzylhemiformal<\/p>\n<\/li>\n<li data-start=\"1078\" data-end=\"1095\">\n<p data-start=\"1080\" data-end=\"1095\">Disodium EDTA<\/p>\n<\/li>\n<li data-start=\"1096\" data-end=\"1126\">\n<p data-start=\"1098\" data-end=\"1126\">Panthenol (pro-vitamin B5)<\/p>\n<\/li>\n<li data-start=\"1127\" data-end=\"1153\">\n<p data-start=\"1129\" data-end=\"1153\">Parfum (miris breskve)<\/p>\n<\/li>\n<li data-start=\"1154\" data-end=\"1173\">\n<p data-start=\"1156\" data-end=\"1173\">Sodium Benzoate<\/p>\n<\/li>\n<li data-start=\"1174\" data-end=\"1212\">\n<p data-start=\"1176\" data-end=\"1212\">Aloe Barbadensis Leaf Juice Powder<\/p>\n<\/li>\n<\/ul>\n<p data-start=\"1214\" data-end=\"1314\">Sadr\u017ei: &lt;5% anionskih povr\u0161inski aktivnih supstanci, &lt;5% amfoternih povr\u0161inski aktivnih supstanci.<\/p>\n<h3 data-start=\"1316\" data-end=\"1341\">Uputstvo za upotrebu:<\/h3>\n<ol data-start=\"1342\" data-end=\"1505\">\n<li data-start=\"1342\" data-end=\"1382\">\n<p data-start=\"1345\" data-end=\"1382\">Navla\u017eite dlaku ma\u010dke toplom vodom.<\/p>\n<\/li>\n<li data-start=\"1383\" data-end=\"1445\">\n<p data-start=\"1386\" data-end=\"1445\">Nanesite \u0161ampon i ne\u017eno umasirajte dok se ne stvori pena.<\/p>\n<\/li>\n<li data-start=\"1446\" data-end=\"1479\">\n<p data-start=\"1449\" data-end=\"1479\">Dobro isperite toplom vodom.<\/p>\n<\/li>\n<li data-start=\"1480\" data-end=\"1505\">\n<p data-start=\"1483\" data-end=\"1505\">Po potrebi ponoviti.<\/p>\n<\/li>\n<\/ol>\n<p data-start=\"1507\" data-end=\"1626\"><strong data-start=\"1507\" data-end=\"1549\">Feline Great \u0161ampon za ma\u010dke \u2013 breskva<\/strong> je idealan za redovnu negu, odr\u017eava dlaku zdravom, \u010distom i lepo mirisnom.<\/p>\n","protected":false},"excerpt":{"rendered":"<p><strong data-start=\"119\" data-end=\"168\">Feline Great \u0161ampon za ma\u010dke 250 ml \u2013 breskva<\/strong> ne\u017ean je i blag \u0161ampon koji odr\u017eava dlaku va\u0161e ma\u010dke \u010distom, mekom i zdravom. Sadr\u017ei ekstrakt aloe vere za za\u0161titu i umirenje ko\u017ee, kao i pro-vitamin B5 koji neguje i ja\u010da dlaku, ostavljaju\u0107i prijatan miris.<\/p>\n","protected":false},"featured_media":5209,"comment_status":"open","ping_status":"closed","template":"","meta":[],"product_brand":[],"product_cat":[263,287,291],"product_tag":[],"class_list":{"0":"post-5208","1":"product","2":"type-product","3":"status-publish","4":"has-post-thumbnail","6":"product_cat-psi","7":"product_cat-higijena-i-nega","8":"product_cat-samponi","11":"instock","12":"shipping-taxable","13":"purchasable","14":"product-type-simple"},"_links":{"self":[{"href":"https:\/\/petshopmagelan.rs\/index.php\/wp-json\/wp\/v2\/product\/5208","targetHints":{"allow":["GET"]}}],"collection":[{"href":"https:\/\/petshopmagelan.rs\/index.php\/wp-json\/wp\/v2\/product"}],"about":[{"href":"https:\/\/petshopmagelan.rs\/index.php\/wp-json\/wp\/v2\/types\/product"}],"replies":[{"embeddable":true,"href":"https:\/\/petshopmagelan.rs\/index.php\/wp-json\/wp\/v2\/comments?post=5208"}],"wp:featuredmedia":[{"embeddable":true,"href":"https:\/\/petshopmagelan.rs\/index.php\/wp-json\/wp\/v2\/media\/5209"}],"wp:attachment":[{"href":"https:\/\/petshopmagelan.rs\/index.php\/wp-json\/wp\/v2\/media?parent=5208"}],"wp:term":[{"taxonomy":"product_brand","embeddable":true,"href":"https:\/\/petshopmagelan.rs\/index.php\/wp-json\/wp\/v2\/product_brand?post=5208"},{"taxonomy":"product_cat","embeddable":true,"href":"https:\/\/petshopmagelan.rs\/index.php\/wp-json\/wp\/v2\/product_cat?post=5208"},{"taxonomy":"product_tag","embeddable":true,"href":"https:\/\/petshopmagelan.rs\/index.php\/wp-json\/wp\/v2\/product_tag?post=5208"}],"curies":[{"name":"wp","href":"https:\/\/api.w.org\/{rel}","templated":true}]}}