{"id":5196,"date":"2026-01-23T17:29:28","date_gmt":"2026-01-23T17:29:28","guid":{"rendered":"https:\/\/petshopmagelan.rs\/?post_type=product&#038;p=5196"},"modified":"2026-01-23T17:30:45","modified_gmt":"2026-01-23T17:30:45","slug":"buster-white-dental-poslastica-za-pse-sa-sipkom","status":"publish","type":"product","link":"https:\/\/petshopmagelan.rs\/index.php\/product\/buster-white-dental-poslastica-za-pse-sa-sipkom\/","title":{"rendered":"BUSTER White Dental &#8211; poslastica za pse sa \u0161ipkom"},"content":{"rendered":"<p data-start=\"604\" data-end=\"928\"><strong data-start=\"604\" data-end=\"662\">Buster bezglutenski \u0161tapi\u0107i za \u010di\u0161\u0107enje zuba sa \u0161ipkom<\/strong> predstavljaju prirodan i funkcionalan dodatak ishrani pasa, namenjen odr\u017eavanju oralne higijene i ja\u010danju op\u0161teg zdravlja. Ovi \u0161tapi\u0107i su pa\u017eljivo razvijeni od najkvalitetnijih prirodnih sastojaka, bez \u0161tetnih dodataka, kako bi dugoro\u010dno o\u010duvali zdravlje va\u0161eg psa.<\/p>\n<h3 data-start=\"930\" data-end=\"982\">\u0160ipak \u2013 prirodni izvor vitamina i antioksidanata<\/h3>\n<p data-start=\"984\" data-end=\"1234\"><strong data-start=\"984\" data-end=\"993\">\u0160ipak<\/strong> je dokazan prirodni izvor vitamina, naro\u010dito vitamina C. Podr\u017eava imuni sistem, doprinosi pravilnom varenju i ima sna\u017ena antioksidativna svojstva. Poma\u017ee u spre\u010davanju \u0161tetnih oksidativnih procesa u organizmu i neutrali\u0161e slobodne radikale.<\/p>\n<p data-start=\"1236\" data-end=\"1483\">Flavonoidi prisutni u \u0161ipku imaju protivupalno dejstvo i ja\u010daju imunitet, dok <strong data-start=\"1314\" data-end=\"1346\">pektini pobolj\u0161avaju varenje<\/strong>. Vitamin C u\u010destvuje u regulaciji oksidativnih procesa, ja\u010da zidove krvnih sudova i pove\u0107ava otpornost organizma na infekcije i bolesti.<\/p>\n<h3 data-start=\"1485\" data-end=\"1532\">Dentalna nega i imunitet u jednom proizvodu<\/h3>\n<p data-start=\"1534\" data-end=\"1798\">Zahvaljuju\u0107i <strong data-start=\"1547\" data-end=\"1578\">\u010distim prirodnim sirovinama<\/strong>, poput \u0161ipka, ovi \u0161tapi\u0107i na bazi pirin\u010da i kukuruza efikasno poma\u017eu u re\u0161avanju problema sa zubima, dok istovremeno ja\u010daju imuni sistem psa. Posebno se preporu\u010duju psima sa alergijama i osetljivim digestivnim sistemom.<\/p>\n<p data-start=\"1800\" data-end=\"1951\">Velika pa\u017enja posve\u0107ena je izboru sastojaka, tako da u sastavu <strong data-start=\"1863\" data-end=\"1902\">nema nezdravih ili \u0161tetnih materija<\/strong> koje bi mogle negativno uticati na zdravlje psa.<\/p>\n<h3 data-start=\"1953\" data-end=\"1977\">Prednosti proizvoda:<\/h3>\n<ul data-start=\"1978\" data-end=\"2240\">\n<li data-start=\"1978\" data-end=\"2000\">\n<p data-start=\"1980\" data-end=\"2000\">\u010disti zube i desni<\/p>\n<\/li>\n<li data-start=\"2001\" data-end=\"2040\">\n<p data-start=\"2003\" data-end=\"2040\">poma\u017ee u odr\u017eavanju oralne higijene<\/p>\n<\/li>\n<li data-start=\"2041\" data-end=\"2094\">\n<p data-start=\"2043\" data-end=\"2094\">ja\u010da imuni sistem zahvaljuju\u0107i \u0161ipku i vitaminu C<\/p>\n<\/li>\n<li data-start=\"2095\" data-end=\"2129\">\n<p data-start=\"2097\" data-end=\"2129\">sna\u017eno antioksidativno dejstvo<\/p>\n<\/li>\n<li data-start=\"2130\" data-end=\"2152\">\n<p data-start=\"2132\" data-end=\"2152\">pobolj\u0161ava varenje<\/p>\n<\/li>\n<li data-start=\"2153\" data-end=\"2185\">\n<p data-start=\"2155\" data-end=\"2185\">pogodno za pse sa alergijama<\/p>\n<\/li>\n<li data-start=\"2186\" data-end=\"2201\">\n<p data-start=\"2188\" data-end=\"2201\">bez glutena<\/p>\n<\/li>\n<li data-start=\"2202\" data-end=\"2240\">\n<p data-start=\"2204\" data-end=\"2240\">napravljeno od prirodnih sastojaka<\/p>\n<\/li>\n<\/ul>\n<h3 data-start=\"2242\" data-end=\"2274\">Preporu\u010dena dnevna upotreba:<\/h3>\n<p data-start=\"2275\" data-end=\"2349\">Preporu\u010duje se <strong data-start=\"2290\" data-end=\"2309\">1 \u0161tapi\u0107 dnevno<\/strong> za podr\u0161ku zdravlju zuba i usne duplje.<\/p>\n<h3 data-start=\"2351\" data-end=\"2377\">Uputstvo za hranjenje:<\/h3>\n<ul data-start=\"2378\" data-end=\"2534\">\n<li data-start=\"2378\" data-end=\"2423\">\n<p data-start=\"2380\" data-end=\"2423\">Psima davati <strong data-start=\"2393\" data-end=\"2421\">najvi\u0161e 2 \u0161tapi\u0107a dnevno<\/strong><\/p>\n<\/li>\n<li data-start=\"2424\" data-end=\"2474\">\n<p data-start=\"2426\" data-end=\"2474\">Nije preporu\u010dljivo za \u0161tence mla\u0111e od 4 meseca<\/p>\n<\/li>\n<li data-start=\"2475\" data-end=\"2534\">\n<p data-start=\"2477\" data-end=\"2534\">Psu uvek obezbediti dovoljnu koli\u010dinu sve\u017ee pija\u0107e vode<\/p>\n<\/li>\n<\/ul>\n<h3 data-start=\"2541\" data-end=\"2581\">Veli\u010dine i pakovanja prema te\u017eini psa<\/h3>\n<p data-start=\"2583\" data-end=\"2647\"><strong data-start=\"2583\" data-end=\"2647\">Buster \u0161tapi\u0107i za \u010di\u0161\u0107enje zuba dostupni su u 4 varijante:<\/strong><\/p>\n<ul data-start=\"2649\" data-end=\"2777\">\n<li><strong data-start=\"2651\" data-end=\"2660\">45 g<\/strong> \u2013 za pse te\u017eine do <strong data-start=\"2677\" data-end=\"2688\">5kg<\/strong><\/li>\n<li data-start=\"2649\" data-end=\"2690\">\n<p data-start=\"2651\" data-end=\"2690\"><strong data-start=\"2651\" data-end=\"2660\">110 g<\/strong> \u2013 za pse te\u017eine <strong data-start=\"2677\" data-end=\"2688\">5\u201310 kg<\/strong><\/p>\n<\/li>\n<li data-start=\"2691\" data-end=\"2733\">\n<p data-start=\"2693\" data-end=\"2733\"><strong data-start=\"2693\" data-end=\"2702\">180 g<\/strong> \u2013 za pse te\u017eine <strong data-start=\"2719\" data-end=\"2731\">10\u201325 kg<\/strong><\/p>\n<\/li>\n<li data-start=\"2734\" data-end=\"2777\">\n<p data-start=\"2736\" data-end=\"2777\"><strong data-start=\"2736\" data-end=\"2745\">270 g<\/strong> \u2013 za pse te\u017eine <strong data-start=\"2762\" data-end=\"2777\">preko 25 kg<\/strong><\/p>\n<\/li>\n<\/ul>\n","protected":false},"excerpt":{"rendered":"<p><strong data-start=\"232\" data-end=\"290\">Buster bezglutenski \u0161tapi\u0107i za \u010di\u0161\u0107enje zuba sa \u0161ipkom<\/strong> namenjeni su svakodnevnoj oralnoj nezi i ja\u010danju imuniteta kod pasa svih veli\u010dina. Napravljeni su na bazi kukuruza i pirin\u010da, sa dodatkom \u0161ipka kao prirodnog izvora vitamina C. Pogodni su za pse sa alergijama, poma\u017eu varenje i doprinose zdravim zubima, desni i sna\u017enom imunom sistemu.<\/p>\n","protected":false},"featured_media":5198,"comment_status":"open","ping_status":"closed","template":"","meta":[],"product_brand":[],"product_cat":[263,273],"product_tag":[],"class_list":{"0":"post-5196","1":"product","2":"type-product","3":"status-publish","4":"has-post-thumbnail","6":"product_cat-psi","7":"product_cat-poslastice","10":"instock","11":"shipping-taxable","12":"purchasable","13":"product-type-variable"},"_links":{"self":[{"href":"https:\/\/petshopmagelan.rs\/index.php\/wp-json\/wp\/v2\/product\/5196","targetHints":{"allow":["GET"]}}],"collection":[{"href":"https:\/\/petshopmagelan.rs\/index.php\/wp-json\/wp\/v2\/product"}],"about":[{"href":"https:\/\/petshopmagelan.rs\/index.php\/wp-json\/wp\/v2\/types\/product"}],"replies":[{"embeddable":true,"href":"https:\/\/petshopmagelan.rs\/index.php\/wp-json\/wp\/v2\/comments?post=5196"}],"wp:featuredmedia":[{"embeddable":true,"href":"https:\/\/petshopmagelan.rs\/index.php\/wp-json\/wp\/v2\/media\/5198"}],"wp:attachment":[{"href":"https:\/\/petshopmagelan.rs\/index.php\/wp-json\/wp\/v2\/media?parent=5196"}],"wp:term":[{"taxonomy":"product_brand","embeddable":true,"href":"https:\/\/petshopmagelan.rs\/index.php\/wp-json\/wp\/v2\/product_brand?post=5196"},{"taxonomy":"product_cat","embeddable":true,"href":"https:\/\/petshopmagelan.rs\/index.php\/wp-json\/wp\/v2\/product_cat?post=5196"},{"taxonomy":"product_tag","embeddable":true,"href":"https:\/\/petshopmagelan.rs\/index.php\/wp-json\/wp\/v2\/product_tag?post=5196"}],"curies":[{"name":"wp","href":"https:\/\/api.w.org\/{rel}","templated":true}]}}