{"id":5194,"date":"2026-02-11T12:08:45","date_gmt":"2026-02-11T12:08:45","guid":{"rendered":"https:\/\/petshopmagelan.rs\/?post_type=product&#038;p=5194"},"modified":"2026-02-11T12:08:45","modified_gmt":"2026-02-11T12:08:45","slug":"buster-white-dental-poslastica-za-pse-sa-beta-glukanom-180gr","status":"publish","type":"product","link":"https:\/\/petshopmagelan.rs\/index.php\/product\/buster-white-dental-poslastica-za-pse-sa-beta-glukanom-180gr\/","title":{"rendered":"BUSTER White Dental &#8211; Poslastica za pse sa beta-glukanom, 180gr"},"content":{"rendered":"<p data-start=\"600\" data-end=\"814\"><strong data-start=\"600\" data-end=\"682\">Buster White \u0161tapi\u0107i za \u010di\u0161\u0107enje zuba za pse srednje veli\u010dine sa beta-glukanom<\/strong> predstavljaju napredan, funkcionalan dodatak ishrani koji kombinuje dentalnu negu, ja\u010danje imuniteta i podr\u0161ku op\u0161tem zdravlju psa.<\/p>\n<p data-start=\"816\" data-end=\"990\">\u0160tapi\u0107i omogu\u0107avaju <strong data-start=\"836\" data-end=\"874\">mehani\u010dko i enzimsko \u010di\u0161\u0107enje zuba<\/strong>, \u010dime poma\u017eu u smanjenju zubnog kamenca, naslaga i neprijatnog zadaha, dok istovremeno deluju blagotvorno na desni.<\/p>\n<h3 data-start=\"992\" data-end=\"1036\">Beta-glukan \u2013 prirodna podr\u0161ka imunitetu<\/h3>\n<p data-start=\"1038\" data-end=\"1257\"><strong data-start=\"1038\" data-end=\"1053\">Beta-glukan<\/strong> se koristi za ja\u010danje prirodne otpornosti organizma, jer poma\u017ee telu psa da se efikasnije brani od infektivnih bolesti i ja\u010da prirodni odgovor imunog sistema. Tako\u0111e doprinosi boljoj efikasnosti vakcina.<\/p>\n<p data-start=\"1259\" data-end=\"1307\">Osim toga, beta-glukan mo\u017ee imati pomo\u0107nu ulogu:<\/p>\n<ul data-start=\"1308\" data-end=\"1539\">\n<li data-start=\"1308\" data-end=\"1348\">\n<p data-start=\"1310\" data-end=\"1348\">kod ubla\u017eavanja alergijskih simptoma<\/p>\n<\/li>\n<li data-start=\"1349\" data-end=\"1403\">\n<p data-start=\"1351\" data-end=\"1403\">u pove\u0107anju fizi\u010dke aktivnosti, snage i vitalnosti<\/p>\n<\/li>\n<li data-start=\"1404\" data-end=\"1455\">\n<p data-start=\"1406\" data-end=\"1455\">kao podr\u0161ka kod oboljenja povezanih sa tumorima<\/p>\n<\/li>\n<li data-start=\"1456\" data-end=\"1497\">\n<p data-start=\"1458\" data-end=\"1497\">u smanjenju hroni\u010dnih ko\u017enih problema<\/p>\n<\/li>\n<li data-start=\"1498\" data-end=\"1539\">\n<p data-start=\"1500\" data-end=\"1539\">u pobolj\u0161anju kvaliteta i sjaja dlake<\/p>\n<\/li>\n<\/ul>\n<h3 data-start=\"1541\" data-end=\"1574\">Hipoalergena i lagana formula<\/h3>\n<p data-start=\"1576\" data-end=\"1864\">\u0160tapi\u0107i su napravljeni na bazi <strong data-start=\"1607\" data-end=\"1618\">pirin\u010da<\/strong>, \u0161to ih \u010dini <strong data-start=\"1632\" data-end=\"1649\">hipoalergenim<\/strong> i pogodnim za pse sa alergijama i osetljivim digestivnim sistemom. Formula ima <strong data-start=\"1729\" data-end=\"1761\">umiruju\u0107e dejstvo na \u017eeludac<\/strong> i nisku kalorijsku vrednost, pa je posebno pogodna za pse koji imaju problem sa vi\u0161kom telesne te\u017eine.<\/p>\n<p data-start=\"1866\" data-end=\"2051\">Receptura je pa\u017eljivo razvijena od strane <strong data-start=\"1908\" data-end=\"2004\">in\u017eenjera prehrambene tehnologije, veterinara i stru\u010dnjaka za dentalnu negu ku\u0107nih ljubimaca<\/strong>, sa ciljem da obezbedi dugoro\u010dno zdravlje psa.<\/p>\n<h3 data-start=\"2053\" data-end=\"2076\">Vitamini u sastavu:<\/h3>\n<ul data-start=\"2077\" data-end=\"2294\">\n<li data-start=\"2077\" data-end=\"2142\">\n<p data-start=\"2079\" data-end=\"2142\"><strong data-start=\"2079\" data-end=\"2092\">Vitamin E<\/strong> \u2013 doprinosi zdravlju ko\u017ee, jetre, srca i mi\u0161i\u0107a<\/p>\n<\/li>\n<li data-start=\"2143\" data-end=\"2208\">\n<p data-start=\"2145\" data-end=\"2208\"><strong data-start=\"2145\" data-end=\"2158\">Vitamin D<\/strong> \u2013 poma\u017ee u odr\u017eavanju zdravlja kostiju i mi\u0161i\u0107a<\/p>\n<\/li>\n<li data-start=\"2209\" data-end=\"2294\">\n<p data-start=\"2211\" data-end=\"2294\"><strong data-start=\"2211\" data-end=\"2224\">Vitamin A<\/strong> \u2013 va\u017ean za razvoj zuba i kostiju, kao i za rad srca i krvnih sudova<\/p>\n<\/li>\n<\/ul>\n<h3 data-start=\"2296\" data-end=\"2320\">Prednosti proizvoda:<\/h3>\n<ul data-start=\"2321\" data-end=\"2654\">\n<li data-start=\"2321\" data-end=\"2343\">\n<p data-start=\"2323\" data-end=\"2343\">\u010disti zube i desni<\/p>\n<\/li>\n<li data-start=\"2344\" data-end=\"2380\">\n<p data-start=\"2346\" data-end=\"2380\">smanjuje zubni kamenac i naslage<\/p>\n<\/li>\n<li data-start=\"2381\" data-end=\"2401\">\n<p data-start=\"2383\" data-end=\"2401\">pobolj\u0161ava zadah<\/p>\n<\/li>\n<li data-start=\"2402\" data-end=\"2449\">\n<p data-start=\"2404\" data-end=\"2449\">ja\u010da imuni sistem zahvaljuju\u0107i beta-glukanu<\/p>\n<\/li>\n<li data-start=\"2450\" data-end=\"2491\">\n<p data-start=\"2452\" data-end=\"2491\">poma\u017ee kod alergija i ko\u017enih problema<\/p>\n<\/li>\n<li data-start=\"2492\" data-end=\"2529\">\n<p data-start=\"2494\" data-end=\"2529\">doprinosi zdravoj i sjajnoj dlaci<\/p>\n<\/li>\n<li data-start=\"2530\" data-end=\"2568\">\n<p data-start=\"2532\" data-end=\"2568\">hipoalergen sastav na bazi pirin\u010da<\/p>\n<\/li>\n<li data-start=\"2569\" data-end=\"2601\">\n<p data-start=\"2571\" data-end=\"2601\">umiruju\u0107e dejstvo na \u017eeludac<\/p>\n<\/li>\n<li data-start=\"2602\" data-end=\"2631\">\n<p data-start=\"2604\" data-end=\"2631\">niska kalorijska vrednost<\/p>\n<\/li>\n<li data-start=\"2632\" data-end=\"2654\">\n<p data-start=\"2634\" data-end=\"2654\">bez ve\u0161ta\u010dkih boja<\/p>\n<\/li>\n<\/ul>\n<h3 data-start=\"2000\" data-end=\"2011\">Sastav:<\/h3>\n<p data-start=\"2012\" data-end=\"2238\">Pirin\u010dano bra\u0161no, sorbitol, glicerin (biljnog porekla), vlakna gra\u0161ka, premiks minerala i vitamina (kalcijum, fosfor, natrijum, cink, kalijum-sorbat \u2013 konzervans, vitamin A, vitamin D3, vitamin E), \u0161ipak, prirodna boja karmin.<\/p>\n<h3 data-start=\"2240\" data-end=\"2262\">Analiti\u010dki sastav:<\/h3>\n<p data-start=\"2263\" data-end=\"2421\">Sirovi proteini 2,97 %, sirova vlakna 1,23 %, sirova ulja i masti 1,03 %, sirovi pepeo 3,97 %, vlaga 11,44 %, kalcijum 1,26 %, fosfor 0,10 %, natrijum 0,07 %.<\/p>\n<h3 data-start=\"2423\" data-end=\"2448\">Uputstvo za upotrebu:<\/h3>\n<p data-start=\"2449\" data-end=\"2625\">Psima davati <strong data-start=\"2462\" data-end=\"2490\">najvi\u0161e 2 \u0161tapi\u0107a dnevno<\/strong>. Nije namenjeno \u0161tencima mla\u0111im od 4 meseca. Psu uvek obezbediti dovoljnu koli\u010dinu sve\u017ee pija\u0107e vode. \u010cuvati na suvom i hladnom mestu.<\/p>\n<h3 data-start=\"2627\" data-end=\"2641\">Pakovanja:<\/h3>\n<ul data-start=\"2642\" data-end=\"2769\">\n<li data-start=\"2642\" data-end=\"2667\">\n<p data-start=\"2644\" data-end=\"2667\"><strong data-start=\"2644\" data-end=\"2653\">180 g<\/strong> (7 \u0161tapi\u0107a)<\/p>\n<\/li>\n<\/ul>\n","protected":false},"excerpt":{"rendered":"<p><strong data-start=\"232\" data-end=\"297\">Buster Dental White \u0161tapi\u0107i za \u010di\u0161\u0107enje zuba za pse srednje veli\u010dine<\/strong> sa beta-glukanom namenjeni su svakodnevnoj nezi zuba, ja\u010danju imunog sistema i op\u0161tem zdravlju psa. Hipoalergeni su, napravljeni na bazi pirin\u010da, bez ve\u0161ta\u010dkih boja i sa niskom kalorijskom vredno\u0161\u0107u, pa su pogodni i za pse sklone gojenju i sa osetljivim \u017eelucem.<\/p>\n","protected":false},"featured_media":5195,"comment_status":"open","ping_status":"closed","template":"","meta":[],"product_brand":[],"product_cat":[263,273],"product_tag":[],"class_list":{"0":"post-5194","1":"product","2":"type-product","3":"status-publish","4":"has-post-thumbnail","6":"product_cat-psi","7":"product_cat-poslastice","10":"instock","11":"shipping-taxable","12":"purchasable","13":"product-type-simple"},"_links":{"self":[{"href":"https:\/\/petshopmagelan.rs\/index.php\/wp-json\/wp\/v2\/product\/5194","targetHints":{"allow":["GET"]}}],"collection":[{"href":"https:\/\/petshopmagelan.rs\/index.php\/wp-json\/wp\/v2\/product"}],"about":[{"href":"https:\/\/petshopmagelan.rs\/index.php\/wp-json\/wp\/v2\/types\/product"}],"replies":[{"embeddable":true,"href":"https:\/\/petshopmagelan.rs\/index.php\/wp-json\/wp\/v2\/comments?post=5194"}],"wp:featuredmedia":[{"embeddable":true,"href":"https:\/\/petshopmagelan.rs\/index.php\/wp-json\/wp\/v2\/media\/5195"}],"wp:attachment":[{"href":"https:\/\/petshopmagelan.rs\/index.php\/wp-json\/wp\/v2\/media?parent=5194"}],"wp:term":[{"taxonomy":"product_brand","embeddable":true,"href":"https:\/\/petshopmagelan.rs\/index.php\/wp-json\/wp\/v2\/product_brand?post=5194"},{"taxonomy":"product_cat","embeddable":true,"href":"https:\/\/petshopmagelan.rs\/index.php\/wp-json\/wp\/v2\/product_cat?post=5194"},{"taxonomy":"product_tag","embeddable":true,"href":"https:\/\/petshopmagelan.rs\/index.php\/wp-json\/wp\/v2\/product_tag?post=5194"}],"curies":[{"name":"wp","href":"https:\/\/api.w.org\/{rel}","templated":true}]}}