{"id":5166,"date":"2026-01-19T10:17:26","date_gmt":"2026-01-19T10:17:26","guid":{"rendered":"https:\/\/petshopmagelan.rs\/?post_type=product&#038;p=5166"},"modified":"2026-02-13T09:21:58","modified_gmt":"2026-02-13T09:21:58","slug":"royal-canin-yorkshire-terrier-hrana-za-odrasle-pse-500gr","status":"publish","type":"product","link":"https:\/\/petshopmagelan.rs\/index.php\/product\/royal-canin-yorkshire-terrier-hrana-za-odrasle-pse-500gr\/","title":{"rendered":"ROYAL CANIN Yorkshire Terrier &#8211; Hrana za odrasle pse, 500gr"},"content":{"rendered":"<p data-start=\"484\" data-end=\"894\">Royal Canin Yorkshire Terrier Adult je dijetetska suva hrana dizajnirana za specifi\u010dne potrebe odraslih i zrelih Yorkija (10+ meseci). Yorkiji su energi\u010dni, inteligentni i zahtevni psi sa dugom i finom dlakom koja ne prestaje da raste. Ova formula pru\u017ea sve neophodne hranljive materije kako bi dlaka ostala mekana, svilenkasta i zdrava, zahvaljuju\u0107i omega-3 i omega-6 masnim kiselinama, ulju boraga i biotinu.<\/p>\n<p data-start=\"896\" data-end=\"1254\">Hrana je posebno ukusna i zadovoljava i najprobirljivije pse, dok dizajn granula sa kalcijum-\u017eelatorskim komponentama poma\u017ee u smanjenju nastajanja zubnog kamenca i podr\u017eava oralnu higijenu. Royal Canin Yorkshire Terrier Adult tako\u0111e sadr\u017ei nutritivne komponente koje poma\u017eu zdravom starenju, podr\u017eavaju\u0107i vitalnost i dugove\u010dnost va\u0161e odrasle ili zrele rase.<\/p>\n<p data-start=\"1256\" data-end=\"1556\">Ova hrana je dostupna i u obliku mokre hrane u so\u010dnom i mekanom &#8222;loafu&#8220;, \u0161to omogu\u0107ava kombinovanu ishranu prema potrebama va\u0161eg psa. Kori\u0161\u0107enjem Royal Canin Yorkshire Terrier Adult va\u0161e ljubimce hranite kompletnom i izbalansiranom ishranom prilago\u0111enom njihovom zdravlju i specifi\u010dnom na\u010dinu \u017eivota.<\/p>\n<h3 data-start=\"1563\" data-end=\"1582\"><strong data-start=\"1567\" data-end=\"1580\">Prednosti<\/strong><\/h3>\n<ul data-start=\"1583\" data-end=\"2073\">\n<li data-start=\"1583\" data-end=\"1699\">\n<p data-start=\"1585\" data-end=\"1699\"><strong data-start=\"1585\" data-end=\"1603\">Zdravlje dlake<\/strong> \u2013 omega-3 i omega-6 masne kiseline, ulje boraga i biotin odr\u017eavaju dlaku dugom i svilenkastom<\/p>\n<\/li>\n<li data-start=\"1700\" data-end=\"1791\">\n<p data-start=\"1702\" data-end=\"1791\"><strong data-start=\"1702\" data-end=\"1730\">Podr\u0161ka oralnoj higijeni<\/strong> \u2013 granule sa kalcijum-\u017eelatorima smanjuju rizik od kamenca<\/p>\n<\/li>\n<li data-start=\"1792\" data-end=\"1879\">\n<p data-start=\"1794\" data-end=\"1879\"><strong data-start=\"1794\" data-end=\"1816\">Za probirljive pse<\/strong> \u2013 kombinacija ukusa koja zadovoljava i najzahtevnije apetite<\/p>\n<\/li>\n<li data-start=\"1880\" data-end=\"1981\">\n<p data-start=\"1882\" data-end=\"1981\"><strong data-start=\"1882\" data-end=\"1910\">Podr\u0161ka zdravom starenju<\/strong> \u2013 specijalni nutritivni sastojci za vitalnost odraslih i zrelih pasa<\/p>\n<\/li>\n<li data-start=\"1982\" data-end=\"2073\">\n<p data-start=\"1984\" data-end=\"2073\"><strong data-start=\"1984\" data-end=\"2012\">Visoko svarljiva formula<\/strong> \u2013 lako varenje za optimalnu apsorpciju hranljivih materija<\/p>\n<\/li>\n<\/ul>\n<h3 data-start=\"2080\" data-end=\"2096\"><strong data-start=\"2084\" data-end=\"2094\">Sastav<\/strong><\/h3>\n<p data-start=\"2097\" data-end=\"2640\">Dehidrirani proteini \u017eivine, p\u0161eni\u010dni gluten*, pirina\u010d, \u017eivotinjske masti, kukuruz, kukuruzni gluten, hidrolizovani \u017eivotinjski proteini, biljna vlakna, pulpa repe, minerali (uklju\u010duju\u0107i pentasodium triphosphate 0,35%), riblje ulje, sojino ulje, proizvodi od kvasca, su\u0161ena pulpa paradajza (izvor likopena), frukto-oligosaharidi, kvasci (izvor manano-oligosaharida), ulje boraga (0,1%), glukozamin iz fermentacije, bra\u0161no od nevena, hidrolizovani hrskavi\u010dni sastojci (izvor hondroitina).<br data-start=\"2584\" data-end=\"2587\" \/>*L.I.P.: proteini odabrani zbog visoke svarljivosti<\/p>\n","protected":false},"excerpt":{"rendered":"<p>Royal Canin Yorkshire Terrier Adult je kompletna suva hrana posebno formulisana za odrasle i zrele Yorkshire terijere starije od 10 meseci. Podr\u017eava zdravu dlaku, oralnu higijenu i optimalnu telesnu kondiciju, pru\u017eaju\u0107i ukusnu i lako svarljivu ishranu prilago\u0111enu ovoj rasi.<\/p>\n","protected":false},"featured_media":5167,"comment_status":"open","ping_status":"closed","template":"","meta":[],"product_brand":[],"product_cat":[263,264,265,267],"product_tag":[],"class_list":{"0":"post-5166","1":"product","2":"type-product","3":"status-publish","4":"has-post-thumbnail","6":"product_cat-psi","7":"product_cat-hrana-za-pse","8":"product_cat-suva-hrana","9":"product_cat-odrasli-psi","12":"instock","13":"shipping-taxable","14":"purchasable","15":"product-type-simple"},"_links":{"self":[{"href":"https:\/\/petshopmagelan.rs\/index.php\/wp-json\/wp\/v2\/product\/5166","targetHints":{"allow":["GET"]}}],"collection":[{"href":"https:\/\/petshopmagelan.rs\/index.php\/wp-json\/wp\/v2\/product"}],"about":[{"href":"https:\/\/petshopmagelan.rs\/index.php\/wp-json\/wp\/v2\/types\/product"}],"replies":[{"embeddable":true,"href":"https:\/\/petshopmagelan.rs\/index.php\/wp-json\/wp\/v2\/comments?post=5166"}],"wp:featuredmedia":[{"embeddable":true,"href":"https:\/\/petshopmagelan.rs\/index.php\/wp-json\/wp\/v2\/media\/5167"}],"wp:attachment":[{"href":"https:\/\/petshopmagelan.rs\/index.php\/wp-json\/wp\/v2\/media?parent=5166"}],"wp:term":[{"taxonomy":"product_brand","embeddable":true,"href":"https:\/\/petshopmagelan.rs\/index.php\/wp-json\/wp\/v2\/product_brand?post=5166"},{"taxonomy":"product_cat","embeddable":true,"href":"https:\/\/petshopmagelan.rs\/index.php\/wp-json\/wp\/v2\/product_cat?post=5166"},{"taxonomy":"product_tag","embeddable":true,"href":"https:\/\/petshopmagelan.rs\/index.php\/wp-json\/wp\/v2\/product_tag?post=5166"}],"curies":[{"name":"wp","href":"https:\/\/api.w.org\/{rel}","templated":true}]}}