{"id":5072,"date":"2026-02-11T11:55:14","date_gmt":"2026-02-11T11:55:14","guid":{"rendered":"https:\/\/petshopmagelan.rs\/?post_type=product&#038;p=5072"},"modified":"2026-02-11T11:55:14","modified_gmt":"2026-02-11T11:55:14","slug":"manitoba-hrana-za-glodare-1kg","status":"publish","type":"product","link":"https:\/\/petshopmagelan.rs\/index.php\/product\/manitoba-hrana-za-glodare-1kg\/","title":{"rendered":"MANITOBA &#8211; Hrana za glodare, 1kg"},"content":{"rendered":"<p data-start=\"334\" data-end=\"577\">Roditori je pa\u017eljivo odabrana me\u0161avina hrane namenjena ishrani razli\u010ditih vrsta glodara. Sadr\u017ei bogat spoj vo\u0107a, biljnih vlakana, \u017eitarica i semenki, koji obezbe\u0111uju uravnote\u017eenu i raznovrsnu ishranu prilago\u0111enu svakodnevnim potrebama glodara.<\/p>\n<p data-start=\"579\" data-end=\"872\">Zahvaljuju\u0107i kombinaciji prirodnih sastojaka poput gra\u0161ka, zobi, je\u010dma, kukuruza i mahunarki, ova hrana doprinosi pravilnoj probavi i odr\u017eavanju energije. Dodatak semenki suncokreta i ora\u0161astih plodova obezbe\u0111uje zdrave masti i dodatnu palatabilnost, \u010dine\u0107i obrok ukusnim i nutritivno bogatim.<\/p>\n<p data-start=\"874\" data-end=\"1053\">Roditori me\u0161avina je idealno re\u0161enje za naj\u010de\u0161\u0107e vrste glodara i predstavlja prakti\u010dan izbor za vlasnike koji \u017eele kvalitetnu, raznovrsnu i hranljivu hranu za svoje male ljubimce.<\/p>\n<h3 data-start=\"1060\" data-end=\"1079\"><strong data-start=\"1064\" data-end=\"1077\">Prednosti<\/strong><\/h3>\n<ul data-start=\"1080\" data-end=\"1386\">\n<li data-start=\"1080\" data-end=\"1147\">\n<p data-start=\"1082\" data-end=\"1147\"><strong data-start=\"1082\" data-end=\"1112\">Kompletna hrana za glodare<\/strong> \u2013 pogodna za svakodnevnu ishranu<\/p>\n<\/li>\n<li data-start=\"1148\" data-end=\"1199\">\n<p data-start=\"1150\" data-end=\"1199\"><strong data-start=\"1150\" data-end=\"1169\">Bogata vlaknima<\/strong> \u2013 podr\u017eava zdravu digestiju<\/p>\n<\/li>\n<li data-start=\"1200\" data-end=\"1272\">\n<p data-start=\"1202\" data-end=\"1272\"><strong data-start=\"1202\" data-end=\"1225\">Raznovrsni sastojci<\/strong> \u2013 vo\u0107e, \u017eitarice, semenke i ora\u0161asti plodovi<\/p>\n<\/li>\n<li data-start=\"1273\" data-end=\"1330\">\n<p data-start=\"1275\" data-end=\"1330\"><strong data-start=\"1275\" data-end=\"1299\">Visoka palatabilnost<\/strong> \u2013 rado prihva\u0107ena od glodara<\/p>\n<\/li>\n<li data-start=\"1331\" data-end=\"1386\">\n<p data-start=\"1333\" data-end=\"1386\"><strong data-start=\"1333\" data-end=\"1362\">Za naj\u010de\u0161\u0107e vrste glodara<\/strong> \u2013 univerzalna primena<\/p>\n<\/li>\n<\/ul>\n<h3 data-start=\"1393\" data-end=\"1409\"><strong data-start=\"1397\" data-end=\"1407\">Sastav<\/strong><\/h3>\n<p data-start=\"1410\" data-end=\"1664\">Drobljeni gra\u0161ak, mali peleti, beli ovas, roga\u010d, p\u0161enica, kukuruz, drobljeni bob, prugaste semenke suncokreta, je\u010dam, ekspandirani kukuruz, pahuljice gra\u0161ka, drobljeni kukuruz, ekstrudirani kukuruz, olju\u0161teni kikiriki, celi bademi, ceo kikiriki, le\u0161nici.<\/p>\n","protected":false},"excerpt":{"rendered":"<p>Manitoba Roditori je kompletna i raznovrsna me\u0161avina hrane za glodare, bogata vo\u0107em, biljnim vlaknima, \u017eitaricama i semenima. Namenjena je zadovoljavanju nutritivnih potreba naj\u010de\u0161\u0107ih vrsta glodara.<\/p>\n","protected":false},"featured_media":5073,"comment_status":"open","ping_status":"closed","template":"","meta":[],"product_brand":[],"product_cat":[333,362],"product_tag":[],"class_list":{"0":"post-5072","1":"product","2":"type-product","3":"status-publish","4":"has-post-thumbnail","6":"product_cat-glodari","7":"product_cat-hrana-za-glodare","10":"instock","11":"shipping-taxable","12":"purchasable","13":"product-type-simple"},"_links":{"self":[{"href":"https:\/\/petshopmagelan.rs\/index.php\/wp-json\/wp\/v2\/product\/5072","targetHints":{"allow":["GET"]}}],"collection":[{"href":"https:\/\/petshopmagelan.rs\/index.php\/wp-json\/wp\/v2\/product"}],"about":[{"href":"https:\/\/petshopmagelan.rs\/index.php\/wp-json\/wp\/v2\/types\/product"}],"replies":[{"embeddable":true,"href":"https:\/\/petshopmagelan.rs\/index.php\/wp-json\/wp\/v2\/comments?post=5072"}],"wp:featuredmedia":[{"embeddable":true,"href":"https:\/\/petshopmagelan.rs\/index.php\/wp-json\/wp\/v2\/media\/5073"}],"wp:attachment":[{"href":"https:\/\/petshopmagelan.rs\/index.php\/wp-json\/wp\/v2\/media?parent=5072"}],"wp:term":[{"taxonomy":"product_brand","embeddable":true,"href":"https:\/\/petshopmagelan.rs\/index.php\/wp-json\/wp\/v2\/product_brand?post=5072"},{"taxonomy":"product_cat","embeddable":true,"href":"https:\/\/petshopmagelan.rs\/index.php\/wp-json\/wp\/v2\/product_cat?post=5072"},{"taxonomy":"product_tag","embeddable":true,"href":"https:\/\/petshopmagelan.rs\/index.php\/wp-json\/wp\/v2\/product_tag?post=5072"}],"curies":[{"name":"wp","href":"https:\/\/api.w.org\/{rel}","templated":true}]}}