{"id":5066,"date":"2026-02-11T11:54:23","date_gmt":"2026-02-11T11:54:23","guid":{"rendered":"https:\/\/petshopmagelan.rs\/?post_type=product&#038;p=5066"},"modified":"2026-02-11T11:54:23","modified_gmt":"2026-02-11T11:54:23","slug":"versele-laga-nature-hrana-bogata-vlaknima-namenjena-zamorcima-700gr","status":"publish","type":"product","link":"https:\/\/petshopmagelan.rs\/index.php\/product\/versele-laga-nature-hrana-bogata-vlaknima-namenjena-zamorcima-700gr\/","title":{"rendered":"VERSELE LAGA Nature &#8211; Hrana bogata vlaknima namenjena zamorcima, 700gr"},"content":{"rendered":"<p data-start=\"408\" data-end=\"726\">Versele Laga Nature Cavia je visokokvalitetna, prirodna hrana za zamorce, inspirisana njihovim prirodnim stani\u0161tem. Ova bez\u017eitarna i vlaknima bogata me\u0161avina obezbe\u0111uje raznovrsne sastojke poput trava, bilja i povr\u0107a, koji su bogati prirodnim vitaminima i mineralima, neophodnim za svakodnevno zdravlje va\u0161eg ljubimca.<\/p>\n<p data-start=\"728\" data-end=\"1117\">Formula sadr\u017ei timoti seno, razli\u010dite trave i bilje, kao i ukusno povr\u0107e poput gra\u0161ka i cvekle, uz dodatak \u0161ipka kao izvora prirodnih antioksidanasa. Visok sadr\u017eaj vlakana doprinosi pravilnom tro\u0161enju zuba i zdravoj digestiji, dok ekstrudirani komadi\u0107i omogu\u0107avaju optimalan unos hranljivih materija i lak\u0161u probavu. Hrana ne sadr\u017ei presovane pelete, ve\u0161ta\u010dke boje, arome niti konzervanse.<\/p>\n<p data-start=\"1119\" data-end=\"1392\">Versele Laga Nature Cavia je dodatno oboga\u0107ena esencijalnim vitaminom C, koji je od klju\u010dnog zna\u010daja za zamorce jer ga ne mogu sami sintetisati. Ova kompletna hrana pru\u017ea balansiranu i ukusnu ishranu koja doprinosi vitalnosti, otpornosti i op\u0161tem blagostanju va\u0161eg zamorca.<\/p>\n<h3 data-start=\"1399\" data-end=\"1425\"><strong data-start=\"1403\" data-end=\"1423\">Glavne prednosti<\/strong><\/h3>\n<ul data-start=\"1426\" data-end=\"1796\">\n<li data-start=\"1426\" data-end=\"1479\">\n<p data-start=\"1428\" data-end=\"1479\"><strong data-start=\"1428\" data-end=\"1444\">Bez \u017eitarica<\/strong> \u2013 pogodna za osetljivu digestiju<\/p>\n<\/li>\n<li data-start=\"1480\" data-end=\"1540\">\n<p data-start=\"1482\" data-end=\"1540\"><strong data-start=\"1482\" data-end=\"1501\">Bogata vlaknima<\/strong> \u2013 doprinosi zdravim zubima i varenju<\/p>\n<\/li>\n<li data-start=\"1541\" data-end=\"1611\">\n<p data-start=\"1543\" data-end=\"1611\"><strong data-start=\"1543\" data-end=\"1572\">Raznovrsno povr\u0107e i bilje<\/strong> \u2013 prirodan izvor vitamina i minerala<\/p>\n<\/li>\n<li data-start=\"1612\" data-end=\"1671\">\n<p data-start=\"1614\" data-end=\"1671\"><strong data-start=\"1614\" data-end=\"1627\">Vitamin C<\/strong> \u2013 podr\u017eava imunitet i otpornost organizma<\/p>\n<\/li>\n<li data-start=\"1672\" data-end=\"1750\">\n<p data-start=\"1674\" data-end=\"1750\"><strong data-start=\"1674\" data-end=\"1699\">Ekstrudirani komadi\u0107i<\/strong> \u2013 bolja probavljivost i unos hranljivih materija<\/p>\n<\/li>\n<li data-start=\"1751\" data-end=\"1796\">\n<p data-start=\"1753\" data-end=\"1796\"><strong data-start=\"1753\" data-end=\"1796\">Bez ve\u0161ta\u010dkih boja, aroma i konzervansa<\/strong><\/p>\n<\/li>\n<\/ul>\n<h3 data-start=\"1803\" data-end=\"1819\"><strong data-start=\"1807\" data-end=\"1817\">Sastav<\/strong><\/h3>\n<p data-start=\"1820\" data-end=\"2000\">Derivati biljnog porekla (timoti seno, trave i bilje 19,5%), povr\u0107e (gra\u0161ak 7%, cvekla 5,5%), vo\u0107e (\u0161ipak 1%), biljni proteinski ekstrakti, semenke, minerali, FOS, MOS, alge, juka.<\/p>\n","protected":false},"excerpt":{"rendered":"<p>Versele Laga Nature Cavia je kompletna, bez \u017eitarica, hrana bogata vlaknima, namenjena zamorcima. Sadr\u017ei raznovrsno povr\u0107e, trave i bilje, uz dodatak vitamina C za ja\u010danje imuniteta i zdravu digestiju.<\/p>\n","protected":false},"featured_media":5067,"comment_status":"open","ping_status":"closed","template":"","meta":[],"product_brand":[],"product_cat":[333,362],"product_tag":[],"class_list":{"0":"post-5066","1":"product","2":"type-product","3":"status-publish","4":"has-post-thumbnail","6":"product_cat-glodari","7":"product_cat-hrana-za-glodare","10":"instock","11":"shipping-taxable","12":"purchasable","13":"product-type-simple"},"_links":{"self":[{"href":"https:\/\/petshopmagelan.rs\/index.php\/wp-json\/wp\/v2\/product\/5066","targetHints":{"allow":["GET"]}}],"collection":[{"href":"https:\/\/petshopmagelan.rs\/index.php\/wp-json\/wp\/v2\/product"}],"about":[{"href":"https:\/\/petshopmagelan.rs\/index.php\/wp-json\/wp\/v2\/types\/product"}],"replies":[{"embeddable":true,"href":"https:\/\/petshopmagelan.rs\/index.php\/wp-json\/wp\/v2\/comments?post=5066"}],"wp:featuredmedia":[{"embeddable":true,"href":"https:\/\/petshopmagelan.rs\/index.php\/wp-json\/wp\/v2\/media\/5067"}],"wp:attachment":[{"href":"https:\/\/petshopmagelan.rs\/index.php\/wp-json\/wp\/v2\/media?parent=5066"}],"wp:term":[{"taxonomy":"product_brand","embeddable":true,"href":"https:\/\/petshopmagelan.rs\/index.php\/wp-json\/wp\/v2\/product_brand?post=5066"},{"taxonomy":"product_cat","embeddable":true,"href":"https:\/\/petshopmagelan.rs\/index.php\/wp-json\/wp\/v2\/product_cat?post=5066"},{"taxonomy":"product_tag","embeddable":true,"href":"https:\/\/petshopmagelan.rs\/index.php\/wp-json\/wp\/v2\/product_tag?post=5066"}],"curies":[{"name":"wp","href":"https:\/\/api.w.org\/{rel}","templated":true}]}}