{"id":5025,"date":"2026-02-16T09:45:10","date_gmt":"2026-02-16T09:45:10","guid":{"rendered":"https:\/\/petshopmagelan.rs\/?post_type=product&#038;p=5025"},"modified":"2026-02-16T09:45:10","modified_gmt":"2026-02-16T09:45:10","slug":"trixie-grasak-poslastice-za-zeceve-i-male-glodare-75gr","status":"publish","type":"product","link":"https:\/\/petshopmagelan.rs\/index.php\/product\/trixie-grasak-poslastice-za-zeceve-i-male-glodare-75gr\/","title":{"rendered":"TRIXIE &#8211; Gra\u0161ak poslastice za ze\u010deve i male glodare, 75gr"},"content":{"rendered":"<p data-start=\"382\" data-end=\"683\">TRIXIE Gra\u0161ak Poslastice za ze\u010deve i male glodare (75 g) su hranljive i ukusne poslastice posebno prilago\u0111ene malim ljubimcima. Napravljene su od pa\u017eljivo odabranog povr\u0107a, sa 57 % bra\u0161na od gra\u0161ka, i oboga\u0107ene su vitaminima i mineralima kako bi podr\u017eale zdravlje i vitalnost va\u0161ih ku\u0107nih ljubimaca.<\/p>\n<p data-start=\"685\" data-end=\"925\">Ove poslastice su bez glutena, bez laktoze i bez dodatog \u0161e\u0107era, \u0161to ih \u010dini pogodnim za osetljive ze\u010deve i male glodare. TRIXIE Gra\u0161ak Poslastice su odli\u010dne za nagra\u0111ivanje tokom treninga, za stimulaciju i kao zdrava u\u017eina izme\u0111u obroka.<\/p>\n<p data-start=\"927\" data-end=\"1018\">\u010cuvati na hladnom i suvom mestu kako bi poslastice zadr\u017eale sve\u017einu i hranljive materije.<\/p>\n<h3 data-start=\"1025\" data-end=\"1044\"><strong data-start=\"1029\" data-end=\"1042\">Prednosti<\/strong><\/h3>\n<ul data-start=\"1045\" data-end=\"1384\">\n<li data-start=\"1045\" data-end=\"1126\">\n<p data-start=\"1047\" data-end=\"1126\"><strong data-start=\"1047\" data-end=\"1093\">Zdrave poslastice za ze\u010deve i male glodare<\/strong> \u2013 od povr\u0107a i bra\u0161na od gra\u0161ka<\/p>\n<\/li>\n<li data-start=\"1127\" data-end=\"1198\">\n<p data-start=\"1129\" data-end=\"1198\"><strong data-start=\"1129\" data-end=\"1166\">Oboga\u0107ene vitaminima i mineralima<\/strong> \u2013 podr\u0161ka zdravlju i energiji<\/p>\n<\/li>\n<li data-start=\"1199\" data-end=\"1263\">\n<p data-start=\"1201\" data-end=\"1263\"><strong data-start=\"1201\" data-end=\"1226\">Bez glutena i laktoze<\/strong> \u2013 pogodne i za osetljive \u017eivotinje<\/p>\n<\/li>\n<li data-start=\"1264\" data-end=\"1323\">\n<p data-start=\"1266\" data-end=\"1323\"><strong data-start=\"1266\" data-end=\"1288\">Bez dodatog \u0161e\u0107era<\/strong> \u2013 prirodan izbor za nagra\u0111ivanje<\/p>\n<\/li>\n<li data-start=\"1324\" data-end=\"1384\">\n<p data-start=\"1326\" data-end=\"1384\"><strong data-start=\"1326\" data-end=\"1351\">Prakti\u010dne za upotrebu<\/strong> \u2013 idealne za trening ili u\u017einu<\/p>\n<\/li>\n<\/ul>\n<h3 data-start=\"1391\" data-end=\"1409\"><strong data-start=\"1395\" data-end=\"1407\">Sastojci<\/strong><\/h3>\n<p data-start=\"1410\" data-end=\"1480\">Povr\u0107e (62 %, od \u010dega 57 % bra\u0161no od gra\u0161ka), ulja i masti, minerali<\/p>\n<h3 data-start=\"1487\" data-end=\"1516\"><strong data-start=\"1491\" data-end=\"1514\">Uputstvo za \u010duvanje<\/strong><\/h3>\n<p data-start=\"1517\" data-end=\"1551\">\u010cuvati na hladnom i suvom mestu.<\/p>\n","protected":false},"excerpt":{"rendered":"<p>TRIXIE Gra\u0161ak Poslastice za ze\u010deve i male glodare (75 g) su zdrave poslastice napravljene od povr\u0107a (62 %), sa dodatkom vitamina i minerala. Bez glutena, laktoze i dodatog \u0161e\u0107era, idealne za nagra\u0111ivanje i u\u017einu va\u0161ih malih ljubimaca.<\/p>\n","protected":false},"featured_media":5026,"comment_status":"open","ping_status":"closed","template":"","meta":[],"product_brand":[],"product_cat":[382,333],"product_tag":[],"class_list":{"0":"post-5025","1":"product","2":"type-product","3":"status-publish","4":"has-post-thumbnail","6":"product_cat-poslastice-za-glodare","7":"product_cat-glodari","10":"instock","11":"shipping-taxable","12":"purchasable","13":"product-type-simple"},"_links":{"self":[{"href":"https:\/\/petshopmagelan.rs\/index.php\/wp-json\/wp\/v2\/product\/5025","targetHints":{"allow":["GET"]}}],"collection":[{"href":"https:\/\/petshopmagelan.rs\/index.php\/wp-json\/wp\/v2\/product"}],"about":[{"href":"https:\/\/petshopmagelan.rs\/index.php\/wp-json\/wp\/v2\/types\/product"}],"replies":[{"embeddable":true,"href":"https:\/\/petshopmagelan.rs\/index.php\/wp-json\/wp\/v2\/comments?post=5025"}],"wp:featuredmedia":[{"embeddable":true,"href":"https:\/\/petshopmagelan.rs\/index.php\/wp-json\/wp\/v2\/media\/5026"}],"wp:attachment":[{"href":"https:\/\/petshopmagelan.rs\/index.php\/wp-json\/wp\/v2\/media?parent=5025"}],"wp:term":[{"taxonomy":"product_brand","embeddable":true,"href":"https:\/\/petshopmagelan.rs\/index.php\/wp-json\/wp\/v2\/product_brand?post=5025"},{"taxonomy":"product_cat","embeddable":true,"href":"https:\/\/petshopmagelan.rs\/index.php\/wp-json\/wp\/v2\/product_cat?post=5025"},{"taxonomy":"product_tag","embeddable":true,"href":"https:\/\/petshopmagelan.rs\/index.php\/wp-json\/wp\/v2\/product_tag?post=5025"}],"curies":[{"name":"wp","href":"https:\/\/api.w.org\/{rel}","templated":true}]}}