{"id":5016,"date":"2026-02-16T10:15:54","date_gmt":"2026-02-16T10:15:54","guid":{"rendered":"https:\/\/petshopmagelan.rs\/?post_type=product&#038;p=5016"},"modified":"2026-02-16T10:28:21","modified_gmt":"2026-02-16T10:28:21","slug":"trixie-metalna-ovcarska-davilica-za-dugodlake-pse","status":"publish","type":"product","link":"https:\/\/petshopmagelan.rs\/index.php\/product\/trixie-metalna-ovcarska-davilica-za-dugodlake-pse\/","title":{"rendered":"TRIXIE &#8211; Metalna ov\u010darska davilica, Za dugodlake pse"},"content":{"rendered":"<p data-start=\"311\" data-end=\"592\">Lan\u010dana ogrlica za pse od hromiranog metala sa dugim karikama predstavlja izdr\u017eljivo i prakti\u010dno re\u0161enje za svakodnevne \u0161etnje i trening. Posebno je dizajnirana za dugodlake pse, jer duge i glatke karike smanjuju petljanje i \u010dupanje dlake, \u010duvaju\u0107i njen prirodan izgled i kvalitet.<\/p>\n<p data-start=\"594\" data-end=\"875\">Izra\u0111ena od visokokvalitetnog hroma, ogrlica je otporna na r\u0111u, vlagu i spolja\u0161nje uticaje, \u0161to je \u010dini dugotrajnom i pouzdanom \u010dak i pri intenzivnoj upotrebi. \u010cvrsta konstrukcija omogu\u0107ava bolju kontrolu psa tokom \u0161etnje ili treninga, dok istovremeno pru\u017ea sigurnost i stabilnost.<\/p>\n<p data-start=\"877\" data-end=\"1135\">Ova hromirana lan\u010dana ogrlica sa dugim karikama lako se postavlja i skida, a zahvaljuju\u0107i svojoj izdr\u017eljivosti pogodna je za pse srednjih i velikih rasa. Idealan je izbor za vlasnike koji tra\u017ee kombinaciju snage, funkcionalnosti i prilago\u0111enosti dugoj dlaci.<\/p>\n<p data-start=\"1137\" data-end=\"1247\" data-is-last-node=\"\" data-is-only-node=\"\">Za maksimalnu bezbednost i udobnost, preporu\u010duje se odabir odgovaraju\u0107e veli\u010dine u skladu sa obimom vrata psa.<\/p>\n","protected":false},"excerpt":{"rendered":"<p>Hromirana lan\u010dana ogrlica za pse sa dugim karikama idealna je za dugodlake pse. Izra\u0111ena od kvalitetnog hroma, otporna je na koroziju i habanje, pru\u017ea sigurnu kontrolu tokom \u0161etnje i ne o\u0161te\u0107uje dlaku zahvaljuju\u0107i dugim, glatkim karikama.<\/p>\n","protected":false},"featured_media":5892,"comment_status":"open","ping_status":"closed","template":"","meta":[],"product_brand":[],"product_cat":[263,284,288],"product_tag":[],"class_list":{"0":"post-5016","1":"product","2":"type-product","3":"status-publish","4":"has-post-thumbnail","6":"product_cat-psi","7":"product_cat-oprema-i-dodaci","8":"product_cat-povodac-i-ogrlice","11":"instock","12":"shipping-taxable","13":"purchasable","14":"product-type-variable"},"_links":{"self":[{"href":"https:\/\/petshopmagelan.rs\/index.php\/wp-json\/wp\/v2\/product\/5016","targetHints":{"allow":["GET"]}}],"collection":[{"href":"https:\/\/petshopmagelan.rs\/index.php\/wp-json\/wp\/v2\/product"}],"about":[{"href":"https:\/\/petshopmagelan.rs\/index.php\/wp-json\/wp\/v2\/types\/product"}],"replies":[{"embeddable":true,"href":"https:\/\/petshopmagelan.rs\/index.php\/wp-json\/wp\/v2\/comments?post=5016"}],"wp:featuredmedia":[{"embeddable":true,"href":"https:\/\/petshopmagelan.rs\/index.php\/wp-json\/wp\/v2\/media\/5892"}],"wp:attachment":[{"href":"https:\/\/petshopmagelan.rs\/index.php\/wp-json\/wp\/v2\/media?parent=5016"}],"wp:term":[{"taxonomy":"product_brand","embeddable":true,"href":"https:\/\/petshopmagelan.rs\/index.php\/wp-json\/wp\/v2\/product_brand?post=5016"},{"taxonomy":"product_cat","embeddable":true,"href":"https:\/\/petshopmagelan.rs\/index.php\/wp-json\/wp\/v2\/product_cat?post=5016"},{"taxonomy":"product_tag","embeddable":true,"href":"https:\/\/petshopmagelan.rs\/index.php\/wp-json\/wp\/v2\/product_tag?post=5016"}],"curies":[{"name":"wp","href":"https:\/\/api.w.org\/{rel}","templated":true}]}}