{"id":5004,"date":"2026-02-11T12:13:04","date_gmt":"2026-02-11T12:13:04","guid":{"rendered":"https:\/\/petshopmagelan.rs\/?post_type=product&#038;p=5004"},"modified":"2026-02-11T12:13:04","modified_gmt":"2026-02-11T12:13:04","slug":"trixie-gnezdo-za-egzoticne-ptice-bambus","status":"publish","type":"product","link":"https:\/\/petshopmagelan.rs\/index.php\/product\/trixie-gnezdo-za-egzoticne-ptice-bambus\/","title":{"rendered":"TRIXIE &#8211; Gnezdo za egzoti\u010dne ptice, Bambus"},"content":{"rendered":"<p data-start=\"289\" data-end=\"533\">Ovaj proizvod izra\u0111en je od prirodnog bambusa, materijala poznatog po svojoj izdr\u017eljivosti, lako\u0107i i ekolo\u0161koj odr\u017eivosti. Bambus je bezbedan za ptice i omogu\u0107ava prirodno kori\u0161\u0107enje, \u010dime doprinosi njihovoj dobrobiti i svakodnevnoj aktivnosti.<\/p>\n<p data-start=\"535\" data-end=\"756\">Proizvod je preporu\u010den od strane World Bird Park Walsrode, jednog od najpoznatijih i najuglednijih svetskih parkova za ptice, \u0161to potvr\u0111uje njegov kvalitet, funkcionalnost i prilago\u0111enost potrebama razli\u010ditih vrsta ptica.<\/p>\n<p data-start=\"758\" data-end=\"940\">Zahvaljuju\u0107i prirodnom materijalu, proizvod podsti\u010de prirodne instinkte ptica i mo\u017ee se koristiti kao deo opreme za kavez ili volijeru, doprinose\u0107i zdravom i stimulativnom okru\u017eenju.<\/p>\n<h3 data-start=\"947\" data-end=\"966\"><strong data-start=\"951\" data-end=\"964\">Prednosti<\/strong><\/h3>\n<ul data-start=\"967\" data-end=\"1216\">\n<li data-start=\"967\" data-end=\"1014\">\n<p data-start=\"969\" data-end=\"1014\"><strong data-start=\"969\" data-end=\"991\">Prirodni materijal<\/strong> \u2013 izra\u0111en od bambusa<\/p>\n<\/li>\n<li data-start=\"1015\" data-end=\"1076\">\n<p data-start=\"1017\" data-end=\"1076\"><strong data-start=\"1017\" data-end=\"1041\">Ekolo\u0161ki prihvatljiv<\/strong> \u2013 odr\u017eiv i bezbedan za \u017eivotinje<\/p>\n<\/li>\n<li data-start=\"1077\" data-end=\"1143\">\n<p data-start=\"1079\" data-end=\"1143\"><strong data-start=\"1079\" data-end=\"1103\">Preporuka stru\u010dnjaka<\/strong> \u2013 odobren od World Bird Park Walsrode<\/p>\n<\/li>\n<li data-start=\"1144\" data-end=\"1185\">\n<p data-start=\"1146\" data-end=\"1185\"><strong data-start=\"1146\" data-end=\"1183\">Podsti\u010de prirodno pona\u0161anje ptica<\/strong><\/p>\n<\/li>\n<li data-start=\"1186\" data-end=\"1216\">\n<p data-start=\"1188\" data-end=\"1216\"><strong data-start=\"1188\" data-end=\"1216\">Izdr\u017eljiv i lagan dizajn<\/strong><\/p>\n<\/li>\n<\/ul>\n","protected":false},"excerpt":{"rendered":"<p>Gnezdo za egzoti\u010dne ptice je od prirodnog bambusa, bezbedan i ekolo\u0161ki prihvatljiv, preporu\u010den od strane World Bird Park Walsrode. Idealan za ptice i njihovo prirodno pona\u0161anje.<\/p>\n<p>Dolazi u dve veli\u010dine:<br \/>\n&#8211; 11cm x 12cm<br \/>\n&#8211; 12cm x 15cm<\/p>\n","protected":false},"featured_media":5005,"comment_status":"open","ping_status":"closed","template":"","meta":[],"product_brand":[],"product_cat":[391,331,337],"product_tag":[],"class_list":{"0":"post-5004","1":"product","2":"type-product","3":"status-publish","4":"has-post-thumbnail","6":"product_cat-dodaci-za-kavez-i-ptice","7":"product_cat-ptice","8":"product_cat-kavezi-i-oprema","11":"instock","12":"shipping-taxable","13":"purchasable","14":"product-type-variable"},"_links":{"self":[{"href":"https:\/\/petshopmagelan.rs\/index.php\/wp-json\/wp\/v2\/product\/5004","targetHints":{"allow":["GET"]}}],"collection":[{"href":"https:\/\/petshopmagelan.rs\/index.php\/wp-json\/wp\/v2\/product"}],"about":[{"href":"https:\/\/petshopmagelan.rs\/index.php\/wp-json\/wp\/v2\/types\/product"}],"replies":[{"embeddable":true,"href":"https:\/\/petshopmagelan.rs\/index.php\/wp-json\/wp\/v2\/comments?post=5004"}],"wp:featuredmedia":[{"embeddable":true,"href":"https:\/\/petshopmagelan.rs\/index.php\/wp-json\/wp\/v2\/media\/5005"}],"wp:attachment":[{"href":"https:\/\/petshopmagelan.rs\/index.php\/wp-json\/wp\/v2\/media?parent=5004"}],"wp:term":[{"taxonomy":"product_brand","embeddable":true,"href":"https:\/\/petshopmagelan.rs\/index.php\/wp-json\/wp\/v2\/product_brand?post=5004"},{"taxonomy":"product_cat","embeddable":true,"href":"https:\/\/petshopmagelan.rs\/index.php\/wp-json\/wp\/v2\/product_cat?post=5004"},{"taxonomy":"product_tag","embeddable":true,"href":"https:\/\/petshopmagelan.rs\/index.php\/wp-json\/wp\/v2\/product_tag?post=5004"}],"curies":[{"name":"wp","href":"https:\/\/api.w.org\/{rel}","templated":true}]}}