{"id":4993,"date":"2026-02-16T09:31:51","date_gmt":"2026-02-16T09:31:51","guid":{"rendered":"https:\/\/petshopmagelan.rs\/?post_type=product&#038;p=4993"},"modified":"2026-02-16T09:31:51","modified_gmt":"2026-02-16T09:31:51","slug":"moksi-kesice-za-izmet-pasa-i-macaka-1kom","status":"publish","type":"product","link":"https:\/\/petshopmagelan.rs\/index.php\/product\/moksi-kesice-za-izmet-pasa-i-macaka-1kom\/","title":{"rendered":"MOKSI &#8211; Kesice za izmet pasa i ma\u010daka, 1kom"},"content":{"rendered":"<p data-start=\"313\" data-end=\"602\">Kesice za izmet pasa i ma\u010daka izra\u0111ene su od degradabilne plastike, \u0161to ih \u010dini prakti\u010dnim izborom za vlasnike ku\u0107nih ljubimaca koji vode ra\u010duna o higijeni i odgovornom odlaganju otpada. Materijal omogu\u0107ava postepenu razgradnju, uz zadr\u017eavanje visoke \u010dvrsto\u0107e i pouzdanosti tokom upotrebe.<\/p>\n<p data-start=\"604\" data-end=\"866\">Zahvaljuju\u0107i ekstra jakoj strukturi, kesice su otporne na cepanje i curenje, pru\u017eaju\u0107i maksimalnu sigurnost i \u010disto\u0107u prilikom sakupljanja izmeta. Pogodne su za pse i ma\u010dke svih veli\u010dina, jednostavne za kori\u0161\u0107enje i idealne za no\u0161enje tokom \u0161etnji ili putovanja.<\/p>\n<p data-start=\"868\" data-end=\"1007\">Ove kesice predstavljaju pouzdano re\u0161enje za odr\u017eavanje higijene u javnim i privatnim prostorima, uz prakti\u010dnost i dugotrajnu izdr\u017eljivost.<\/p>\n","protected":false},"excerpt":{"rendered":"<p>Kesice za izmet pasa i ma\u010daka od degradabilne plastike, dizajnirane za sigurnu i higijensku upotrebu. Ekstra jake i otporne na cepanje, idealne za svakodnevne \u0161etnje i odr\u017eavanje \u010disto\u0107e.<\/p>\n","protected":false},"featured_media":4994,"comment_status":"open","ping_status":"closed","template":"","meta":[],"product_brand":[],"product_cat":[374,263,287],"product_tag":[],"class_list":{"0":"post-4993","1":"product","2":"type-product","3":"status-publish","4":"has-post-thumbnail","6":"product_cat-kesice-za-izmet","7":"product_cat-psi","8":"product_cat-higijena-i-nega","11":"instock","12":"shipping-taxable","13":"purchasable","14":"product-type-simple"},"_links":{"self":[{"href":"https:\/\/petshopmagelan.rs\/index.php\/wp-json\/wp\/v2\/product\/4993","targetHints":{"allow":["GET"]}}],"collection":[{"href":"https:\/\/petshopmagelan.rs\/index.php\/wp-json\/wp\/v2\/product"}],"about":[{"href":"https:\/\/petshopmagelan.rs\/index.php\/wp-json\/wp\/v2\/types\/product"}],"replies":[{"embeddable":true,"href":"https:\/\/petshopmagelan.rs\/index.php\/wp-json\/wp\/v2\/comments?post=4993"}],"wp:featuredmedia":[{"embeddable":true,"href":"https:\/\/petshopmagelan.rs\/index.php\/wp-json\/wp\/v2\/media\/4994"}],"wp:attachment":[{"href":"https:\/\/petshopmagelan.rs\/index.php\/wp-json\/wp\/v2\/media?parent=4993"}],"wp:term":[{"taxonomy":"product_brand","embeddable":true,"href":"https:\/\/petshopmagelan.rs\/index.php\/wp-json\/wp\/v2\/product_brand?post=4993"},{"taxonomy":"product_cat","embeddable":true,"href":"https:\/\/petshopmagelan.rs\/index.php\/wp-json\/wp\/v2\/product_cat?post=4993"},{"taxonomy":"product_tag","embeddable":true,"href":"https:\/\/petshopmagelan.rs\/index.php\/wp-json\/wp\/v2\/product_tag?post=4993"}],"curies":[{"name":"wp","href":"https:\/\/api.w.org\/{rel}","templated":true}]}}