{"id":4990,"date":"2026-01-16T09:51:48","date_gmt":"2026-01-16T09:51:48","guid":{"rendered":"https:\/\/petshopmagelan.rs\/?post_type=product&#038;p=4990"},"modified":"2026-02-16T09:30:55","modified_gmt":"2026-02-16T09:30:55","slug":"trixie-valjak-za-uklanjanje-dlaka-kucnih-ljubimaca","status":"publish","type":"product","link":"https:\/\/petshopmagelan.rs\/index.php\/product\/trixie-valjak-za-uklanjanje-dlaka-kucnih-ljubimaca\/","title":{"rendered":"TRIXIE &#8211; Valjak za uklanjanje dlaka ku\u0107nih ljubimaca"},"content":{"rendered":"<p data-start=\"476\" data-end=\"756\">Valjak za uklanjanje dlaka i vlakana sa presvlaka i tekstila idealno je re\u0161enje za brzo \u010di\u0161\u0107enje name\u0161taja, garderobe i drugih tekstilnih povr\u0161ina. Zahvaljuju\u0107i lepljivoj traci, efikasno sakuplja dlake ku\u0107nih ljubimaca, pra\u0161inu, paperje i sitne ne\u010disto\u0107e bez o\u0161te\u0107enja materijala.<\/p>\n<p data-start=\"758\" data-end=\"988\">Proizvod je izra\u0111en od kvalitetne plastike i opremljen za\u0161titnom folijom koja omogu\u0107ava \u010duvanje i ponovnu upotrebu. Jednostavan je za kori\u0161\u0107enje, lagan i prakti\u010dan za svakodnevnu upotrebu u doma\u0107instvu, kancelariji ili automobilu.<\/p>\n<p data-start=\"990\" data-end=\"1119\">Ovaj valjak za \u010di\u0161\u0107enje tekstila predstavlja pouzdan i brz na\u010din da va\u0161e presvlake, tepisi i ode\u0107a uvek izgledaju \u010disto i uredno.<\/p>\n","protected":false},"excerpt":{"rendered":"<p>Prakti\u010dan valjak sa lepljivom trakom za brzo i efikasno uklanjanje dlaka ku\u0107nih ljubimaca, pra\u0161ine i vlakana sa name\u0161taja i tekstila. Napravljen od plastike, sa za\u0161titnom folijom za vi\u0161ekratnu upotrebu.<\/p>\n","protected":false},"featured_media":4991,"comment_status":"open","ping_status":"closed","template":"","meta":[],"product_brand":[],"product_cat":[263,287,293,299,304,326],"product_tag":[],"class_list":{"0":"post-4990","1":"product","2":"type-product","3":"status-publish","4":"has-post-thumbnail","6":"product_cat-psi","7":"product_cat-higijena-i-nega","8":"product_cat-kozmeticki-pribor-za-pse","9":"product_cat-macke","10":"product_cat-higijena-i-nega-macaka","11":"product_cat-kozmeticki-pribor-za-macke","14":"instock","15":"shipping-taxable","16":"purchasable","17":"product-type-simple"},"_links":{"self":[{"href":"https:\/\/petshopmagelan.rs\/index.php\/wp-json\/wp\/v2\/product\/4990","targetHints":{"allow":["GET"]}}],"collection":[{"href":"https:\/\/petshopmagelan.rs\/index.php\/wp-json\/wp\/v2\/product"}],"about":[{"href":"https:\/\/petshopmagelan.rs\/index.php\/wp-json\/wp\/v2\/types\/product"}],"replies":[{"embeddable":true,"href":"https:\/\/petshopmagelan.rs\/index.php\/wp-json\/wp\/v2\/comments?post=4990"}],"wp:featuredmedia":[{"embeddable":true,"href":"https:\/\/petshopmagelan.rs\/index.php\/wp-json\/wp\/v2\/media\/4991"}],"wp:attachment":[{"href":"https:\/\/petshopmagelan.rs\/index.php\/wp-json\/wp\/v2\/media?parent=4990"}],"wp:term":[{"taxonomy":"product_brand","embeddable":true,"href":"https:\/\/petshopmagelan.rs\/index.php\/wp-json\/wp\/v2\/product_brand?post=4990"},{"taxonomy":"product_cat","embeddable":true,"href":"https:\/\/petshopmagelan.rs\/index.php\/wp-json\/wp\/v2\/product_cat?post=4990"},{"taxonomy":"product_tag","embeddable":true,"href":"https:\/\/petshopmagelan.rs\/index.php\/wp-json\/wp\/v2\/product_tag?post=4990"}],"curies":[{"name":"wp","href":"https:\/\/api.w.org\/{rel}","templated":true}]}}