{"id":4831,"date":"2026-02-04T12:39:18","date_gmt":"2026-02-04T12:39:18","guid":{"rendered":"https:\/\/petshopmagelan.rs\/?post_type=product&#038;p=4831"},"modified":"2026-02-04T12:39:19","modified_gmt":"2026-02-04T12:39:19","slug":"trixie-sprej-od-macije-trave-za-macke-50ml","status":"publish","type":"product","link":"https:\/\/petshopmagelan.rs\/index.php\/product\/trixie-sprej-od-macije-trave-za-macke-50ml\/","title":{"rendered":"TRIXIE &#8211; Sprej od ma\u010dije trave za ma\u010dke, 50ml"},"content":{"rendered":"<p data-start=\"424\" data-end=\"710\">Trixie Catnip Spray Play je prakti\u010dan sprej za ma\u010dke sa ekstraktom <strong data-start=\"491\" data-end=\"517\">ma\u010dje trave (catnip)<\/strong>, namenjen pove\u0107anju interesovanja, stimulaciji igre i usmeravanju prirodnog pona\u0161anja ma\u010daka. Savr\u0161en je za ma\u010dke koje su izgubile interesovanje za igra\u010dke ili imaju potrebu da grebu name\u0161taj.<\/p>\n<p data-start=\"712\" data-end=\"1008\">Ma\u010dja trava deluje zahvaljuju\u0107i prirodnom jedinjenju <strong data-start=\"767\" data-end=\"784\">nepetalaktonu<\/strong>, koji kod ma\u010daka izaziva reakciju sli\u010dnu feromonima, podsti\u010du\u0107i ih na igru, trljanje i aktivnost. Sprej se mo\u017ee nanositi na igra\u010dke, grebalice, le\u017ealjke ili druge povr\u0161ine koje \u017eelite da u\u010dinite privla\u010dnijim za svoju ma\u010dku.<\/p>\n<p data-start=\"1010\" data-end=\"1249\">Redovnom upotrebom Trixie Catnip Spray Play-a, stare i nezanimljive igra\u010dke ponovo postaju zabavne, dok se ma\u010dka prirodno usmerava ka grebalicama umesto ka name\u0161taju. Proizvod je jednostavan za kori\u0161\u0107enje i pogodan za svakodnevnu upotrebu.<\/p>\n<p data-start=\"1251\" data-end=\"1275\"><strong data-start=\"1251\" data-end=\"1275\">Prednosti proizvoda:<\/strong><\/p>\n<ul data-start=\"1276\" data-end=\"1509\">\n<li data-start=\"1276\" data-end=\"1313\">\n<p data-start=\"1278\" data-end=\"1313\">Sprej sa ma\u010djom travom za ma\u010dke<\/p>\n<\/li>\n<li data-start=\"1314\" data-end=\"1351\">\n<p data-start=\"1316\" data-end=\"1351\">Podsti\u010de igru i fizi\u010dku aktivnost<\/p>\n<\/li>\n<li data-start=\"1352\" data-end=\"1394\">\n<p data-start=\"1354\" data-end=\"1394\">O\u017eivljava stare i nezanimljive igra\u010dke<\/p>\n<\/li>\n<li data-start=\"1395\" data-end=\"1453\">\n<p data-start=\"1397\" data-end=\"1453\">Poma\u017ee u za\u0161titi name\u0161taja usmeravanjem ka grebalicama<\/p>\n<\/li>\n<li data-start=\"1454\" data-end=\"1480\">\n<p data-start=\"1456\" data-end=\"1480\">Jednostavan za primenu<\/p>\n<\/li>\n<li data-start=\"1481\" data-end=\"1509\">\n<p data-start=\"1483\" data-end=\"1509\">Pogodan za ve\u0107inu ma\u010daka<\/p>\n<\/li>\n<\/ul>\n<p data-start=\"1511\" data-end=\"1563\"><strong data-start=\"1511\" data-end=\"1522\">Sastav:<\/strong><br data-start=\"1522\" data-end=\"1525\" \/>Voda i ulje ma\u010dje trave (catnip oil)<\/p>\n","protected":false},"excerpt":{"rendered":"<p>Trixie Catnip Spray Play je sprej sa ma\u010djom travom koji podsti\u010de igru i interesovanje ma\u010daka. Idealan je za osve\u017eavanje starih igra\u010daka i usmeravanje ma\u010dke ka grebalicama, poma\u017eu\u0107i u za\u0161titi name\u0161taja.<\/p>\n","protected":false},"featured_media":4832,"comment_status":"open","ping_status":"closed","template":"","meta":[],"product_brand":[],"product_cat":[299,305,328],"product_tag":[],"class_list":{"0":"post-4831","1":"product","2":"type-product","3":"status-publish","4":"has-post-thumbnail","6":"product_cat-macke","7":"product_cat-zdravlje-i-suplementi-macke","8":"product_cat-suplementi-i-vitamini-zdravlje-i-suplementi-macke","11":"instock","12":"shipping-taxable","13":"purchasable","14":"product-type-simple"},"_links":{"self":[{"href":"https:\/\/petshopmagelan.rs\/index.php\/wp-json\/wp\/v2\/product\/4831","targetHints":{"allow":["GET"]}}],"collection":[{"href":"https:\/\/petshopmagelan.rs\/index.php\/wp-json\/wp\/v2\/product"}],"about":[{"href":"https:\/\/petshopmagelan.rs\/index.php\/wp-json\/wp\/v2\/types\/product"}],"replies":[{"embeddable":true,"href":"https:\/\/petshopmagelan.rs\/index.php\/wp-json\/wp\/v2\/comments?post=4831"}],"wp:featuredmedia":[{"embeddable":true,"href":"https:\/\/petshopmagelan.rs\/index.php\/wp-json\/wp\/v2\/media\/4832"}],"wp:attachment":[{"href":"https:\/\/petshopmagelan.rs\/index.php\/wp-json\/wp\/v2\/media?parent=4831"}],"wp:term":[{"taxonomy":"product_brand","embeddable":true,"href":"https:\/\/petshopmagelan.rs\/index.php\/wp-json\/wp\/v2\/product_brand?post=4831"},{"taxonomy":"product_cat","embeddable":true,"href":"https:\/\/petshopmagelan.rs\/index.php\/wp-json\/wp\/v2\/product_cat?post=4831"},{"taxonomy":"product_tag","embeddable":true,"href":"https:\/\/petshopmagelan.rs\/index.php\/wp-json\/wp\/v2\/product_tag?post=4831"}],"curies":[{"name":"wp","href":"https:\/\/api.w.org\/{rel}","templated":true}]}}