{"id":4772,"date":"2026-01-11T12:38:18","date_gmt":"2026-01-11T12:38:18","guid":{"rendered":"https:\/\/petshopmagelan.rs\/?post_type=product&#038;p=4772"},"modified":"2026-01-11T12:38:18","modified_gmt":"2026-01-11T12:38:18","slug":"sheba-poslastica-za-macke-losos-85gr","status":"publish","type":"product","link":"https:\/\/petshopmagelan.rs\/index.php\/product\/sheba-poslastica-za-macke-losos-85gr\/","title":{"rendered":"SHEBA &#8211; Poslastica za ma\u010dke, Losos 85gr"},"content":{"rendered":"<p data-start=\"403\" data-end=\"716\">Sheba sa lososom u sosu kombinuje pa\u017eljivo odabrane, ne\u017ene komadi\u0107e lososa u bogatom, aromati\u010dnom sosu, nude\u0107i va\u0161u ma\u010dku iskustvo vrhunske kulinarske poslastice. Svaka porcija je dizajnirana kao luksuzna kombinacija ukusa i teksture, sa posebnom pa\u017enjom na detalje koji ma\u010dke \u010dine sre\u0107nim i zadovoljni.<\/p>\n<p data-start=\"718\" data-end=\"975\">Ova kompletna mokra hrana pru\u017ea sve potrebne hranljive materije za odrasle ma\u010dke i predstavlja idealan na\u010din da uobi\u010dajeni obrok pretvorite u gurmanski do\u017eivljaj. Prakti\u010dno pakovanje od 85 g omogu\u0107ava sve\u017einu i lako doziranje, \u010dine\u0107i svaki obrok posebnim.<\/p>\n<p data-start=\"977\" data-end=\"1003\"><strong data-start=\"977\" data-end=\"1001\">Prednosti proizvoda:<\/strong><\/p>\n<ul data-start=\"1004\" data-end=\"1235\">\n<li data-start=\"1004\" data-end=\"1046\">\n<p data-start=\"1006\" data-end=\"1046\">Luksuzna mokra hrana sa lososom u sosu<\/p>\n<\/li>\n<li data-start=\"1047\" data-end=\"1100\">\n<p data-start=\"1049\" data-end=\"1100\">Pa\u017eljivo odabrani, ne\u017eni komadi\u0107i za savr\u0161en ukus<\/p>\n<\/li>\n<li data-start=\"1101\" data-end=\"1143\">\n<p data-start=\"1103\" data-end=\"1143\">Savr\u0161ena raznovrsnost za odrasle ma\u010dke<\/p>\n<\/li>\n<li data-start=\"1144\" data-end=\"1175\">\n<p data-start=\"1146\" data-end=\"1175\">Prakti\u010dno pakovanje od 85 g<\/p>\n<\/li>\n<li data-start=\"1176\" data-end=\"1235\">\n<p data-start=\"1178\" data-end=\"1235\">Oboga\u0107ena hranljivim materijama za uravnote\u017eenu ishranu<\/p>\n<\/li>\n<\/ul>\n","protected":false},"excerpt":{"rendered":"<p>Sheba sa lososom u sosu je luksuzna mokra hrana za ma\u010dke, pripremljena od ne\u017enih komadi\u0107a u aromati\u010dnom sosu. Dostupna u prakti\u010dnom pakovanju od 85 g, pru\u017ea vrhunski ukus i raznovrsnost za va\u0161u ma\u010dku.<\/p>\n","protected":false},"featured_media":4773,"comment_status":"open","ping_status":"closed","template":"","meta":[],"product_brand":[],"product_cat":[15],"product_tag":[],"class_list":{"0":"post-4772","1":"product","2":"type-product","3":"status-publish","4":"has-post-thumbnail","6":"product_cat-uncategorized","9":"instock","10":"shipping-taxable","11":"purchasable","12":"product-type-simple"},"_links":{"self":[{"href":"https:\/\/petshopmagelan.rs\/index.php\/wp-json\/wp\/v2\/product\/4772","targetHints":{"allow":["GET"]}}],"collection":[{"href":"https:\/\/petshopmagelan.rs\/index.php\/wp-json\/wp\/v2\/product"}],"about":[{"href":"https:\/\/petshopmagelan.rs\/index.php\/wp-json\/wp\/v2\/types\/product"}],"replies":[{"embeddable":true,"href":"https:\/\/petshopmagelan.rs\/index.php\/wp-json\/wp\/v2\/comments?post=4772"}],"wp:featuredmedia":[{"embeddable":true,"href":"https:\/\/petshopmagelan.rs\/index.php\/wp-json\/wp\/v2\/media\/4773"}],"wp:attachment":[{"href":"https:\/\/petshopmagelan.rs\/index.php\/wp-json\/wp\/v2\/media?parent=4772"}],"wp:term":[{"taxonomy":"product_brand","embeddable":true,"href":"https:\/\/petshopmagelan.rs\/index.php\/wp-json\/wp\/v2\/product_brand?post=4772"},{"taxonomy":"product_cat","embeddable":true,"href":"https:\/\/petshopmagelan.rs\/index.php\/wp-json\/wp\/v2\/product_cat?post=4772"},{"taxonomy":"product_tag","embeddable":true,"href":"https:\/\/petshopmagelan.rs\/index.php\/wp-json\/wp\/v2\/product_tag?post=4772"}],"curies":[{"name":"wp","href":"https:\/\/api.w.org\/{rel}","templated":true}]}}