{"id":4728,"date":"2026-02-02T09:22:38","date_gmt":"2026-02-02T09:22:38","guid":{"rendered":"https:\/\/petshopmagelan.rs\/?post_type=product&#038;p=4728"},"modified":"2026-02-02T09:22:38","modified_gmt":"2026-02-02T09:22:38","slug":"trixie-vitaminska-pasta-sa-taurinom-za-macke","status":"publish","type":"product","link":"https:\/\/petshopmagelan.rs\/index.php\/product\/trixie-vitaminska-pasta-sa-taurinom-za-macke\/","title":{"rendered":"TRIXIE &#8211; Vitaminska pasta sa taurinom za ma\u010dke"},"content":{"rendered":"<p data-start=\"402\" data-end=\"709\">Vitaminska pasta sa taurinom je dodatak ishrani namenjen ma\u010di\u0107ima, ali i starijim, bolesnim ili doje\u0107im \u017eivotinjama kojima je potrebna dodatna nutritivna podr\u0161ka. Zahvaljuju\u0107i sadr\u017eaju taurina, ova pasta doprinosi o\u010duvanju zdravog vida i poma\u017ee u prevenciji simptoma nedostatka ovog esencijalnog nutrijenta.<\/p>\n<p data-start=\"711\" data-end=\"1009\">Formula je oboga\u0107ena vrednim vitaminima koji ja\u010daju prirodni imuni sistem, podsti\u010du zdrav rast i razvoj, kao i op\u0161tu vitalnost i \u017eivotnu energiju. Redovna upotreba poma\u017ee u ja\u010danju prirodne odbrane organizma, pove\u0107ava otpornost i spre\u010dava nutritivne deficite, posebno u periodima poja\u010danih potreba.<\/p>\n<p data-start=\"1011\" data-end=\"1164\">Pasta je jednostavna za upotrebu i pogodna kao svakodnevni dodatak ishrani za \u017eivotinje kojima je potrebna dodatna podr\u0161ka u odr\u017eavanju zdravlja i snage.<\/p>\n<p data-start=\"1166\" data-end=\"1190\"><strong data-start=\"1166\" data-end=\"1190\">Prednosti proizvoda:<\/strong><\/p>\n<ul data-start=\"1191\" data-end=\"1454\">\n<li data-start=\"1191\" data-end=\"1236\">\n<p data-start=\"1193\" data-end=\"1236\">Taurin za zdrav vid i prevenciju deficita<\/p>\n<\/li>\n<li data-start=\"1237\" data-end=\"1267\">\n<p data-start=\"1239\" data-end=\"1267\">Ja\u010da prirodni imuni sistem<\/p>\n<\/li>\n<li data-start=\"1268\" data-end=\"1300\">\n<p data-start=\"1270\" data-end=\"1300\">Podr\u017eava zdrav rast i razvoj<\/p>\n<\/li>\n<li data-start=\"1301\" data-end=\"1357\">\n<p data-start=\"1303\" data-end=\"1357\">Pogodna za ma\u010di\u0107e, stare, bolesne i doje\u0107e \u017eivotinje<\/p>\n<\/li>\n<li data-start=\"1358\" data-end=\"1399\">\n<p data-start=\"1360\" data-end=\"1399\">Pove\u0107ava vitalnost i \u017eivotnu energiju<\/p>\n<\/li>\n<li data-start=\"1400\" data-end=\"1454\">\n<p data-start=\"1402\" data-end=\"1454\">Spre\u010dava nedostatak vitamina i hranljivih materija<\/p>\n<\/li>\n<\/ul>\n<p data-start=\"1456\" data-end=\"1547\"><strong data-start=\"1456\" data-end=\"1467\">Sastav:<\/strong><br data-start=\"1467\" data-end=\"1470\" \/>Biljni derivati, ulja i masti, kvasac, mleko i proizvodi od mleka, dekstroza.<\/p>\n<p data-start=\"1549\" data-end=\"1602\"><strong data-start=\"1549\" data-end=\"1567\">Na\u010din \u010duvanja:<\/strong><br data-start=\"1567\" data-end=\"1570\" \/>\u010cuvati na suvom i hladnom mestu.<\/p>\n","protected":false},"excerpt":{"rendered":"<p>Vitaminska pasta sa taurinom namenjena ma\u010di\u0107ima, starim, bolesnim i doje\u0107im \u017eivotinjama. Podr\u017eava zdrav razvoj, ja\u010da prirodni imuni sistem, pobolj\u0161ava vid i spre\u010dava nedostatak vitamina i hranljivih materija.<\/p>\n","protected":false},"featured_media":4729,"comment_status":"open","ping_status":"closed","template":"","meta":[],"product_brand":[],"product_cat":[299,305,328],"product_tag":[],"class_list":{"0":"post-4728","1":"product","2":"type-product","3":"status-publish","4":"has-post-thumbnail","6":"product_cat-macke","7":"product_cat-zdravlje-i-suplementi-macke","8":"product_cat-suplementi-i-vitamini-zdravlje-i-suplementi-macke","11":"instock","12":"shipping-taxable","13":"purchasable","14":"product-type-simple"},"_links":{"self":[{"href":"https:\/\/petshopmagelan.rs\/index.php\/wp-json\/wp\/v2\/product\/4728","targetHints":{"allow":["GET"]}}],"collection":[{"href":"https:\/\/petshopmagelan.rs\/index.php\/wp-json\/wp\/v2\/product"}],"about":[{"href":"https:\/\/petshopmagelan.rs\/index.php\/wp-json\/wp\/v2\/types\/product"}],"replies":[{"embeddable":true,"href":"https:\/\/petshopmagelan.rs\/index.php\/wp-json\/wp\/v2\/comments?post=4728"}],"wp:featuredmedia":[{"embeddable":true,"href":"https:\/\/petshopmagelan.rs\/index.php\/wp-json\/wp\/v2\/media\/4729"}],"wp:attachment":[{"href":"https:\/\/petshopmagelan.rs\/index.php\/wp-json\/wp\/v2\/media?parent=4728"}],"wp:term":[{"taxonomy":"product_brand","embeddable":true,"href":"https:\/\/petshopmagelan.rs\/index.php\/wp-json\/wp\/v2\/product_brand?post=4728"},{"taxonomy":"product_cat","embeddable":true,"href":"https:\/\/petshopmagelan.rs\/index.php\/wp-json\/wp\/v2\/product_cat?post=4728"},{"taxonomy":"product_tag","embeddable":true,"href":"https:\/\/petshopmagelan.rs\/index.php\/wp-json\/wp\/v2\/product_tag?post=4728"}],"curies":[{"name":"wp","href":"https:\/\/api.w.org\/{rel}","templated":true}]}}