{"id":4640,"date":"2026-02-01T19:28:12","date_gmt":"2026-02-01T19:28:12","guid":{"rendered":"https:\/\/petshopmagelan.rs\/?post_type=product&#038;p=4640"},"modified":"2026-02-01T19:31:02","modified_gmt":"2026-02-01T19:31:02","slug":"versele-laga-timothy-hay-hrana-za-glodare-sa-sargarepom-i-bundevom-500gr","status":"publish","type":"product","link":"https:\/\/petshopmagelan.rs\/index.php\/product\/versele-laga-timothy-hay-hrana-za-glodare-sa-sargarepom-i-bundevom-500gr\/","title":{"rendered":"VERSELE LAGA Timothy Hay- Hrana za glodare sa \u0161argarepom i bundevom, 500gr"},"content":{"rendered":"<p data-path-to-node=\"8\"><b data-path-to-node=\"8\" data-index-in-node=\"0\">Versele-Laga Nature Timothy Hay Carrot &amp; Pumpkin<\/b> je savr\u0161en izbor za probirljive ljubimce. Osnova od vrhunskog timoti sena dopunjena je hrskavom \u0161argarepom i bundevom, \u0161to obezbe\u0111uje neophodne vitamine (poput vitamina A) i \u010dini ovaj obrok izuzetno ukusnim.<\/p>\n<p data-path-to-node=\"9\">Ovo seno je klju\u010dno za odr\u017eavanje vitalnosti va\u0161eg ljubimca. Dok timoti seno osigurava pravilno varenje, dodatak povr\u0107a podsti\u010de prirodnu radoznalost i instinkt za traganjem za hranom, spre\u010davaju\u0107i dosadu kod \u017eivotinja koje borave u kavezu.<\/p>\n<h3 data-path-to-node=\"10\"><b data-path-to-node=\"10\" data-index-in-node=\"0\">Glavne prednosti:<\/b><\/h3>\n<ul data-path-to-node=\"11\">\n<li>\n<p data-path-to-node=\"11,0,0\"><b data-path-to-node=\"11,0,0\" data-index-in-node=\"0\">Vrhunski ukus:<\/b> Dodatak bundeve i \u0161argarepe \u010dini ovo seno privla\u010dnijim \u010dak i najizbirljivijim ze\u010devima i glodarima.<\/p>\n<\/li>\n<li>\n<p data-path-to-node=\"11,1,0\"><b data-path-to-node=\"11,1,0\" data-index-in-node=\"0\"><span class=\"citation-495\">Esencijalna vlakna:<\/span><\/b><span class=\"citation-495 citation-end-495\"> Visok udeo vlakana je neophodan za spre\u010davanje gastrointestinalnih problema.<\/span><\/p>\n<\/li>\n<li>\n<p data-path-to-node=\"11,2,0\"><b data-path-to-node=\"11,2,0\" data-index-in-node=\"0\">Kontrola te\u017eine:<\/b> Seno je niskokalori\u010dno, \u0161to omogu\u0107ava va\u0161em ljubimcu da gricka tokom celog dana bez rizika od gojaznosti.<\/p>\n<\/li>\n<li>\n<p data-path-to-node=\"11,3,0\"><b data-path-to-node=\"11,3,0\" data-index-in-node=\"0\">Higijena i \u010disto\u0107a:<\/b> Seno je pa\u017eljivo probrano i otpra\u0161eno, \u0161tite\u0107i osetljive disajne puteve va\u0161eg ljubimca.<\/p>\n<\/li>\n<\/ul>\n<h3 data-path-to-node=\"12\"><b data-path-to-node=\"12\" data-index-in-node=\"0\">Sastav:<\/b><\/h3>\n<ul data-path-to-node=\"13\">\n<li>\n<p data-path-to-node=\"13,0,0\">Timoti seno (96%)<\/p>\n<\/li>\n<li>\n<p data-path-to-node=\"13,1,0\">\u0160argarepa (2%)<\/p>\n<\/li>\n<li>\n<p data-path-to-node=\"13,2,0\">Bundeva (2%)<\/p>\n<\/li>\n<\/ul>\n<h3 data-path-to-node=\"14\"><b data-path-to-node=\"14\" data-index-in-node=\"0\">Analiti\u010dki sastav:<\/b><\/h3>\n<ul data-path-to-node=\"15\">\n<li>\n<p data-path-to-node=\"15,0,0\"><b data-path-to-node=\"15,0,0\" data-index-in-node=\"0\">Sirovi proteini:<\/b> 5,5%<\/p>\n<\/li>\n<li>\n<p data-path-to-node=\"15,1,0\"><b data-path-to-node=\"15,1,0\" data-index-in-node=\"0\">Sirove masti:<\/b> 1,6%<\/p>\n<\/li>\n<li>\n<p data-path-to-node=\"15,2,0\"><b data-path-to-node=\"15,2,0\" data-index-in-node=\"0\">Sirova vlakna:<\/b> 34,5%<\/p>\n<\/li>\n<li>\n<p data-path-to-node=\"15,3,0\"><b data-path-to-node=\"15,3,0\" data-index-in-node=\"0\">Sirovi pepeo:<\/b> 5,4%<\/p>\n<\/li>\n<\/ul>\n<h3 data-path-to-node=\"16\"><b data-path-to-node=\"16\" data-index-in-node=\"0\">Na\u010din upotrebe:<\/b><\/h3>\n<p data-path-to-node=\"17\">Seno mora biti dostupno va\u0161em ljubimcu u neograni\u010denim koli\u010dinama u svakom trenutku. Preporu\u010duje se postavljanje u jasle kako bi ostalo \u010disto od izmeta i urina. Uz seno uvek obezbedite i dovoljno sve\u017ee vode za pi\u0107e.<\/p>\n<hr data-path-to-node=\"18\" \/>\n<h3 data-path-to-node=\"19\"><b data-path-to-node=\"19\" data-index-in-node=\"0\">Tehni\u010dke specifikacije:<\/b><\/h3>\n<ul data-path-to-node=\"20\">\n<li>\n<p data-path-to-node=\"20,0,0\"><b data-path-to-node=\"20,0,0\" data-index-in-node=\"0\">Te\u017eina:<\/b> 500 g<\/p>\n<\/li>\n<li>\n<p data-path-to-node=\"20,1,0\"><b data-path-to-node=\"20,1,0\" data-index-in-node=\"0\">Tip sena:<\/b> Timoti (Phleum pratense)<\/p>\n<\/li>\n<li>\n<p data-path-to-node=\"20,2,0\"><b data-path-to-node=\"20,2,0\" data-index-in-node=\"0\">Brend:<\/b> Versele-Laga (Nature linija)<\/p>\n<\/li>\n<\/ul>\n<hr data-path-to-node=\"21\" \/>\n<p data-path-to-node=\"22\"><b data-path-to-node=\"22\" data-index-in-node=\"0\">Pru\u017eite svom ljubimcu zdrav i ukusan obrok koji kombinuje najbolje iz prirode!<\/b><\/p>\n","protected":false},"excerpt":{"rendered":"<ul>\n<li>\n<p data-path-to-node=\"5,0,0\"><b data-path-to-node=\"5,0,0\" data-index-in-node=\"0\">Premium Timoti seno:<\/b> \u010cisto, suncem su\u0161eno seno bogato vlaknima, oboga\u0107eno komadi\u0107ima bundeve i \u0161argarepe.<\/p>\n<\/li>\n<li>\n<p data-path-to-node=\"5,1,0\"><b data-path-to-node=\"5,1,0\" data-index-in-node=\"0\"><span class=\"citation-496\">Zdravlje digestivnog sistema:<\/span><\/b><span class=\"citation-496 citation-end-496\"> Visok nivo sirovih vlakana podr\u017eava optimalno varenje i zdravu crevnu floru.<\/span><\/p>\n<\/li>\n<li>\n<p data-path-to-node=\"5,2,0\"><b data-path-to-node=\"5,2,0\" data-index-in-node=\"0\">Nega zuba:<\/b> Gruba tekstura vlakana poma\u017ee u prirodnom tro\u0161enju zuba koji kod glodara stalno rastu.<\/p>\n<\/li>\n<li>\n<p data-path-to-node=\"5,3,0\"><b data-path-to-node=\"5,3,0\" data-index-in-node=\"0\">Nizak nivo kalcijuma:<\/b> Idealno za ze\u010deve i zamorce jer smanjuje rizik od pojave urinarnog peska i kamenca.<\/p>\n<\/li>\n<li>\n<p data-path-to-node=\"5,4,0\"><b data-path-to-node=\"5,4,0\" data-index-in-node=\"0\">100% prirodni sastojci:<\/b> Bez ve\u0161ta\u010dkih boja, aroma i konzervansa.<\/p>\n<\/li>\n<\/ul>\n","protected":false},"featured_media":4641,"comment_status":"open","ping_status":"closed","template":"","meta":[],"product_brand":[],"product_cat":[333,362],"product_tag":[],"class_list":{"0":"post-4640","1":"product","2":"type-product","3":"status-publish","4":"has-post-thumbnail","6":"product_cat-glodari","7":"product_cat-hrana-za-glodare","10":"instock","11":"shipping-taxable","12":"purchasable","13":"product-type-simple"},"_links":{"self":[{"href":"https:\/\/petshopmagelan.rs\/index.php\/wp-json\/wp\/v2\/product\/4640","targetHints":{"allow":["GET"]}}],"collection":[{"href":"https:\/\/petshopmagelan.rs\/index.php\/wp-json\/wp\/v2\/product"}],"about":[{"href":"https:\/\/petshopmagelan.rs\/index.php\/wp-json\/wp\/v2\/types\/product"}],"replies":[{"embeddable":true,"href":"https:\/\/petshopmagelan.rs\/index.php\/wp-json\/wp\/v2\/comments?post=4640"}],"wp:featuredmedia":[{"embeddable":true,"href":"https:\/\/petshopmagelan.rs\/index.php\/wp-json\/wp\/v2\/media\/4641"}],"wp:attachment":[{"href":"https:\/\/petshopmagelan.rs\/index.php\/wp-json\/wp\/v2\/media?parent=4640"}],"wp:term":[{"taxonomy":"product_brand","embeddable":true,"href":"https:\/\/petshopmagelan.rs\/index.php\/wp-json\/wp\/v2\/product_brand?post=4640"},{"taxonomy":"product_cat","embeddable":true,"href":"https:\/\/petshopmagelan.rs\/index.php\/wp-json\/wp\/v2\/product_cat?post=4640"},{"taxonomy":"product_tag","embeddable":true,"href":"https:\/\/petshopmagelan.rs\/index.php\/wp-json\/wp\/v2\/product_tag?post=4640"}],"curies":[{"name":"wp","href":"https:\/\/api.w.org\/{rel}","templated":true}]}}