{"id":4633,"date":"2026-02-01T19:25:06","date_gmt":"2026-02-01T19:25:06","guid":{"rendered":"https:\/\/petshopmagelan.rs\/?post_type=product&#038;p=4633"},"modified":"2026-02-01T19:25:06","modified_gmt":"2026-02-01T19:25:06","slug":"versele-laga-orlux-mineralni-kamen-za-ptice-70gr","status":"publish","type":"product","link":"https:\/\/petshopmagelan.rs\/index.php\/product\/versele-laga-orlux-mineralni-kamen-za-ptice-70gr\/","title":{"rendered":"VERSELE LAGA Orlux &#8211; Mineralni kamen za ptice, 70gr"},"content":{"rendered":"<p data-path-to-node=\"8\"><b data-path-to-node=\"8\" data-index-in-node=\"0\">Orlux Mineral Bloc Mini<\/b> je nezaobilazan dodatak u kavezu svake male ptice. Ovaj mineralni kamen nije samo &#8222;poslastica&#8220;, ve\u0107 vitalna komponenta koja nadokna\u0111uje minerale koji \u010desto nedostaju u standardnim me\u0161avinama semena.<\/p>\n<p data-path-to-node=\"9\">Sadr\u017ei pa\u017eljivo odabran <b data-path-to-node=\"9\" data-index-in-node=\"24\">morski koral<\/b> i <b data-path-to-node=\"9\" data-index-in-node=\"39\">stoma\u010dni grit<\/b> (sitno kamenje) koji pticama poma\u017ee da u voljki mehani\u010dki usitne hranu, \u010dime se obezbe\u0111uje maksimalna apsorpcija hranljivih materija. Pored toga, redovno grickanje bloka spre\u010dava prekomerni rast kljuna, \u0161to je \u010dest problem kod ptica u zato\u010deni\u0161tvu.<\/p>\n<h3 data-path-to-node=\"10\"><b data-path-to-node=\"10\" data-index-in-node=\"0\">Glavne prednosti:<\/b><\/h3>\n<ul data-path-to-node=\"11\">\n<li>\n<p data-path-to-node=\"11,0,0\"><b data-path-to-node=\"11,0,0\" data-index-in-node=\"0\">Optimalna probava:<\/b> Poma\u017ee pticama da lak\u0161e vare tvrda semena.<\/p>\n<\/li>\n<li>\n<p data-path-to-node=\"11,1,0\"><b data-path-to-node=\"11,1,0\" data-index-in-node=\"0\">Ja\u010danje kostiju:<\/b> Visok sadr\u017eaj kalcijuma (<span class=\"math-inline\" data-math=\"22,60\\%\" data-index-in-node=\"42\">22,60\\%<\/span>) doprinosi \u010dvrstini skeleta i kvalitetu ljuske jaja kod ptica u priplodu.<\/p>\n<\/li>\n<li>\n<p data-path-to-node=\"11,2,0\"><b data-path-to-node=\"11,2,0\" data-index-in-node=\"0\">Jednostavna instalacija:<\/b> Dizajniran tako da se lako ka\u010di na re\u0161etke kaveza, ostaju\u0107i \u010dist i dostupan ptici u svakom trenutku.<\/p>\n<\/li>\n<\/ul>\n<h3 data-path-to-node=\"12\"><b data-path-to-node=\"12\" data-index-in-node=\"0\">Analiti\u010dki sastav:<\/b><\/h3>\n<ul data-path-to-node=\"13\">\n<li>\n<p data-path-to-node=\"13,0,0\"><b data-path-to-node=\"13,0,0\" data-index-in-node=\"0\">Sirovi pepeo:<\/b> <span class=\"math-inline\" data-math=\"95,70\\%\" data-index-in-node=\"14\">95,70\\%<\/span> (uklju\u010duju\u0107i pepeo nerastvorljiv u HCl <span class=\"math-inline\" data-math=\"36,00\\%\" data-index-in-node=\"61\">36,00\\%<\/span>)<\/p>\n<\/li>\n<li>\n<p data-path-to-node=\"13,1,0\"><b data-path-to-node=\"13,1,0\" data-index-in-node=\"0\">Kalcijum:<\/b> <span class=\"math-inline\" data-math=\"22,60\\%\" data-index-in-node=\"10\">22,60\\%<\/span><\/p>\n<\/li>\n<li>\n<p data-path-to-node=\"13,2,0\"><b data-path-to-node=\"13,2,0\" data-index-in-node=\"0\">Fosfor:<\/b> <span class=\"math-inline\" data-math=\"0,019\\%\" data-index-in-node=\"8\">0,019\\%<\/span><\/p>\n<\/li>\n<li>\n<p data-path-to-node=\"13,3,0\"><b data-path-to-node=\"13,3,0\" data-index-in-node=\"0\">Natrijum:<\/b> <span class=\"math-inline\" data-math=\"0,38\\%\" data-index-in-node=\"10\">0,38\\%<\/span><\/p>\n<\/li>\n<li>\n<p data-path-to-node=\"13,3,0\"><b data-path-to-node=\"14\" data-index-in-node=\"0\">Na\u010din upotrebe:<\/b><\/p>\n<\/li>\n<\/ul>\n<p data-path-to-node=\"15\">Postavite blok na dostupno mesto u kavezu. Ostavite ga ptici na slobodno raspolaganje i redovno ga menjajte kada se istro\u0161i ili zaprlja. Uvek obezbedite ptici pristup sve\u017eoj vodi za pi\u0107e.<\/p>\n<hr data-path-to-node=\"16\" \/>\n<p data-path-to-node=\"17\"><b data-path-to-node=\"17\" data-index-in-node=\"0\">Tehni\u010dke specifikacije:<\/b><\/p>\n<ul data-path-to-node=\"18\">\n<li>\n<p data-path-to-node=\"18,0,0\"><b data-path-to-node=\"18,0,0\" data-index-in-node=\"0\">Te\u017eina:<\/b> <span class=\"math-inline\" data-math=\"70\" data-index-in-node=\"8\">70<\/span>\u00a0g<\/p>\n<\/li>\n<li>\n<p data-path-to-node=\"18,1,0\"><b data-path-to-node=\"18,1,0\" data-index-in-node=\"0\">Brend:<\/b> Versele-Laga (Orlux linija)<\/p>\n<\/li>\n<\/ul>\n<hr data-path-to-node=\"19\" \/>\n<p data-path-to-node=\"20\"><b data-path-to-node=\"20\" data-index-in-node=\"0\">Unapredite zdravlje i vitalnost svoje ptice uz provereni Versele-Laga kvalitet!<\/b><\/p>\n","protected":false},"excerpt":{"rendered":"<ul>\n<li>\n<p data-path-to-node=\"5,0,0\"><b data-path-to-node=\"5,0,0\" data-index-in-node=\"0\">Kompletan mineralni izvor:<\/b> Balansirana kombinacija razli\u010ditih vrsta grita, morskih korala i stoma\u010dnog grita.<\/p>\n<\/li>\n<li>\n<p data-path-to-node=\"5,1,0\"><b data-path-to-node=\"5,1,0\" data-index-in-node=\"0\">Podr\u0161ka varenju:<\/b> Neophodan za pravilnu digestiju i efikasnu preradu hrane u organizmu ptice.<\/p>\n<\/li>\n<li>\n<p data-path-to-node=\"5,2,0\"><b data-path-to-node=\"5,2,0\" data-index-in-node=\"0\">Zdravlje kljuna:<\/b> \u010cvrsta struktura bloka omogu\u0107ava prirodno tro\u0161enje i odr\u017eavanje o\u0161trine kljuna.<\/p>\n<\/li>\n<li>\n<p data-path-to-node=\"5,3,0\"><b data-path-to-node=\"5,3,0\" data-index-in-node=\"0\">Bogat mikroelementima:<\/b> Izvor klju\u010dnih minerala i esencijalnih elemenata u tragovima.<\/p>\n<\/li>\n<li>\n<p data-path-to-node=\"5,4,0\"><b data-path-to-node=\"5,4,0\" data-index-in-node=\"0\">Prilago\u0111eno manjim pticama:<\/b> Fina tekstura i granulacija namenjene su kanarincima, tropskim i evropskim pticama peva\u010dicama.<\/p>\n<\/li>\n<\/ul>\n","protected":false},"featured_media":4635,"comment_status":"open","ping_status":"closed","template":"","meta":[],"product_brand":[],"product_cat":[331,336],"product_tag":[],"class_list":{"0":"post-4633","1":"product","2":"type-product","3":"status-publish","4":"has-post-thumbnail","6":"product_cat-ptice","7":"product_cat-poslastice-za-ptice","10":"instock","11":"shipping-taxable","12":"purchasable","13":"product-type-simple"},"_links":{"self":[{"href":"https:\/\/petshopmagelan.rs\/index.php\/wp-json\/wp\/v2\/product\/4633","targetHints":{"allow":["GET"]}}],"collection":[{"href":"https:\/\/petshopmagelan.rs\/index.php\/wp-json\/wp\/v2\/product"}],"about":[{"href":"https:\/\/petshopmagelan.rs\/index.php\/wp-json\/wp\/v2\/types\/product"}],"replies":[{"embeddable":true,"href":"https:\/\/petshopmagelan.rs\/index.php\/wp-json\/wp\/v2\/comments?post=4633"}],"wp:featuredmedia":[{"embeddable":true,"href":"https:\/\/petshopmagelan.rs\/index.php\/wp-json\/wp\/v2\/media\/4635"}],"wp:attachment":[{"href":"https:\/\/petshopmagelan.rs\/index.php\/wp-json\/wp\/v2\/media?parent=4633"}],"wp:term":[{"taxonomy":"product_brand","embeddable":true,"href":"https:\/\/petshopmagelan.rs\/index.php\/wp-json\/wp\/v2\/product_brand?post=4633"},{"taxonomy":"product_cat","embeddable":true,"href":"https:\/\/petshopmagelan.rs\/index.php\/wp-json\/wp\/v2\/product_cat?post=4633"},{"taxonomy":"product_tag","embeddable":true,"href":"https:\/\/petshopmagelan.rs\/index.php\/wp-json\/wp\/v2\/product_tag?post=4633"}],"curies":[{"name":"wp","href":"https:\/\/api.w.org\/{rel}","templated":true}]}}